{"id":72516,"date":"2026-01-04T18:22:45","date_gmt":"2026-01-04T18:22:45","guid":{"rendered":"https:\/\/mitjavilaslowshop.com\/producte\/comprimits-curcuma-pebre-negre-eco\/"},"modified":"2026-03-17T13:50:07","modified_gmt":"2026-03-17T13:50:07","slug":"comprimidos-de-curcuma-y-pimienta-negra-ecologicos","status":"publish","type":"product","link":"https:\/\/mitjavilaslowshop.com\/es\/producte\/comprimidos-de-curcuma-y-pimienta-negra-ecologicos\/","title":{"rendered":"COMPRIMIDOS DE C\u00daRCUMA Y PIMIENTA NEGRA ECOL\u00d3GICOS"},"content":{"rendered":"<p>Suplemento natural con propiedades antiinflamatorias y antioxidantes, perfecto para proteger las articulaciones y reforzar el sistema inmunol\u00f3gico. La inclusi\u00f3n de pimienta negra aumenta la absorci\u00f3n de la c\u00farcuma, optimizando sus beneficios.<br \/> Producto 100% ecol\u00f3gico, adecuado para dietas veganas y presentado en un envase pr\u00e1ctico de 100 c\u00e1psulas.<\/p>\n","protected":false},"excerpt":{"rendered":"<p>Suplemento natural con propiedades antiinflamatorias y antioxidantes, perfecto para proteger las articulaciones y reforzar el sistema inmunol\u00f3gico. La inclusi\u00f3n de pimienta negra aumenta la absorci\u00f3n de la c\u00farcuma, optimizando sus beneficios. Producto 100% ecol\u00f3gico, adecuado para dietas veganas y presentado en un envase pr\u00e1ctico de 100 c\u00e1psulas.<\/p>\n","protected":false},"featured_media":72517,"comment_status":"open","ping_status":"closed","template":"","meta":{"_acf_changed":false,"_joinchat":[]},"product_brand":[],"product_cat":[337],"product_tag":[],"class_list":{"0":"post-72516","1":"product","2":"type-product","3":"status-publish","4":"has-post-thumbnail","6":"product_cat-especias","8":"first","9":"outofstock","10":"taxable","11":"shipping-taxable","12":"purchasable","13":"product-type-simple"},"acf":[],"_links":{"self":[{"href":"https:\/\/mitjavilaslowshop.com\/es\/wp-json\/wp\/v2\/product\/72516","targetHints":{"allow":["GET"]}}],"collection":[{"href":"https:\/\/mitjavilaslowshop.com\/es\/wp-json\/wp\/v2\/product"}],"about":[{"href":"https:\/\/mitjavilaslowshop.com\/es\/wp-json\/wp\/v2\/types\/product"}],"replies":[{"embeddable":true,"href":"https:\/\/mitjavilaslowshop.com\/es\/wp-json\/wp\/v2\/comments?post=72516"}],"version-history":[{"count":4,"href":"https:\/\/mitjavilaslowshop.com\/es\/wp-json\/wp\/v2\/product\/72516\/revisions"}],"predecessor-version":[{"id":79238,"href":"https:\/\/mitjavilaslowshop.com\/es\/wp-json\/wp\/v2\/product\/72516\/revisions\/79238"}],"wp:featuredmedia":[{"embeddable":true,"href":"https:\/\/mitjavilaslowshop.com\/es\/wp-json\/wp\/v2\/media\/72517"}],"wp:attachment":[{"href":"https:\/\/mitjavilaslowshop.com\/es\/wp-json\/wp\/v2\/media?parent=72516"}],"wp:term":[{"taxonomy":"product_brand","embeddable":true,"href":"https:\/\/mitjavilaslowshop.com\/es\/wp-json\/wp\/v2\/product_brand?post=72516"},{"taxonomy":"product_cat","embeddable":true,"href":"https:\/\/mitjavilaslowshop.com\/es\/wp-json\/wp\/v2\/product_cat?post=72516"},{"taxonomy":"product_tag","embeddable":true,"href":"https:\/\/mitjavilaslowshop.com\/es\/wp-json\/wp\/v2\/product_tag?post=72516"}],"curies":[{"name":"wp","href":"https:\/\/api.w.org\/{rel}","templated":true}]}}