{"id":72496,"date":"2026-01-04T18:22:48","date_gmt":"2026-01-04T18:22:48","guid":{"rendered":"https:\/\/mitjavilaslowshop.com\/producte\/estrago\/"},"modified":"2026-04-06T18:25:42","modified_gmt":"2026-04-06T18:25:42","slug":"estragon","status":"publish","type":"product","link":"https:\/\/mitjavilaslowshop.com\/es\/producte\/estragon\/","title":{"rendered":"ESTRAG\u00d3N"},"content":{"rendered":"<p>El estrag\u00f3n es una hierba arom\u00e1tica esencial para dar un sabor fresco y elegante a tus platos. Con un ligero toque anisado, es perfecto para salsas, ensaladas, pescados, carnes blancas y recetas veganas. Ideal para la cocina mediterr\u00e1nea y francesa.<br \/> Beneficios:<br \/> Alto contenido en antioxidantes naturales.<br \/> Mejora la digesti\u00f3n y realza el aroma sin a\u00f1adir sal.<\/p>\n","protected":false},"excerpt":{"rendered":"<p>El estrag\u00f3n es una hierba arom\u00e1tica esencial para dar un sabor fresco y elegante a tus platos. Con un ligero toque anisado, es perfecto para salsas, ensaladas, pescados, carnes blancas y recetas veganas. Ideal para la cocina mediterr\u00e1nea y francesa. Beneficios: Alto contenido en antioxidantes naturales. Mejora la digesti\u00f3n y realza el aroma sin a\u00f1adir sal.<\/p>\n","protected":false},"featured_media":72497,"comment_status":"open","ping_status":"closed","template":"","meta":{"_acf_changed":false,"_joinchat":[]},"product_brand":[440],"product_cat":[337],"product_tag":[],"class_list":{"0":"post-72496","1":"product","2":"type-product","3":"status-publish","4":"has-post-thumbnail","6":"product_brand-ecologic","7":"product_cat-especias","8":"categoria-per-dieta-ecologic","10":"first","11":"instock","12":"taxable","13":"shipping-taxable","14":"purchasable","15":"product-type-variable","16":"has-default-attributes"},"acf":[],"_links":{"self":[{"href":"https:\/\/mitjavilaslowshop.com\/es\/wp-json\/wp\/v2\/product\/72496","targetHints":{"allow":["GET"]}}],"collection":[{"href":"https:\/\/mitjavilaslowshop.com\/es\/wp-json\/wp\/v2\/product"}],"about":[{"href":"https:\/\/mitjavilaslowshop.com\/es\/wp-json\/wp\/v2\/types\/product"}],"replies":[{"embeddable":true,"href":"https:\/\/mitjavilaslowshop.com\/es\/wp-json\/wp\/v2\/comments?post=72496"}],"version-history":[{"count":7,"href":"https:\/\/mitjavilaslowshop.com\/es\/wp-json\/wp\/v2\/product\/72496\/revisions"}],"predecessor-version":[{"id":90276,"href":"https:\/\/mitjavilaslowshop.com\/es\/wp-json\/wp\/v2\/product\/72496\/revisions\/90276"}],"wp:featuredmedia":[{"embeddable":true,"href":"https:\/\/mitjavilaslowshop.com\/es\/wp-json\/wp\/v2\/media\/72497"}],"wp:attachment":[{"href":"https:\/\/mitjavilaslowshop.com\/es\/wp-json\/wp\/v2\/media?parent=72496"}],"wp:term":[{"taxonomy":"product_brand","embeddable":true,"href":"https:\/\/mitjavilaslowshop.com\/es\/wp-json\/wp\/v2\/product_brand?post=72496"},{"taxonomy":"product_cat","embeddable":true,"href":"https:\/\/mitjavilaslowshop.com\/es\/wp-json\/wp\/v2\/product_cat?post=72496"},{"taxonomy":"product_tag","embeddable":true,"href":"https:\/\/mitjavilaslowshop.com\/es\/wp-json\/wp\/v2\/product_tag?post=72496"}],"curies":[{"name":"wp","href":"https:\/\/api.w.org\/{rel}","templated":true}]}}