{"id":72456,"date":"2026-01-04T18:22:53","date_gmt":"2026-01-04T18:22:53","guid":{"rendered":"https:\/\/mitjavilaslowshop.com\/producte\/curri-madras-dolc\/"},"modified":"2026-03-17T13:50:02","modified_gmt":"2026-03-17T13:50:02","slug":"curry-madras-dulce","status":"publish","type":"product","link":"https:\/\/mitjavilaslowshop.com\/es\/producte\/curry-madras-dulce\/","title":{"rendered":"CURRY MADRAS DULCE"},"content":{"rendered":"<p>DESCRIPCI\u00d3N: Curry Madras dulce<\/p>\n<p>ORIGEN: India<\/p>\n<p>INGREDIENTES: Cilantro, comino, fenogreco, mostaza, cayena, c\u00farcuma en polvo, jengibre, hinojo, harina de ma\u00edz, canela y sal<\/p>\n<p>CARACTER\u00cdSTICAS: El curry Madras dulce es una mezcla especiada que incluye c\u00farcuma. Ideal para cocinar tanto verduras como carnes, ofrece un sabor intenso y un aroma distintivo. Este curry aporta beneficios para la salud cardiovascular y hep\u00e1tica, y se ha asociado con propiedades que podr\u00edan ayudar a prevenir el Alzheimer.<\/p>\n<p>AL\u00c9RGENOS: Contiene mostaza y sus derivados. Puede contener trazas de frutos secos, apio y semillas de s\u00e9samo y sus derivados.<\/p>\n","protected":false},"excerpt":{"rendered":"<p>DESCRIPCI\u00d3N: Curry Madras dulce ORIGEN: India INGREDIENTES: Cilantro, comino, fenogreco, mostaza, cayena, c\u00farcuma en polvo, jengibre, hinojo, harina de ma\u00edz, canela y sal CARACTER\u00cdSTICAS: El curry Madras dulce es una mezcla especiada que incluye c\u00farcuma. Ideal para cocinar tanto verduras como carnes, ofrece un sabor intenso y un aroma distintivo. Este curry aporta beneficios para la salud cardiovascular y hep\u00e1tica, y se ha asociado con propiedades que podr\u00edan ayudar a prevenir el Alzheimer. AL\u00c9RGENOS: Contiene mostaza y sus derivados. Puede contener trazas de frutos secos, apio y semillas de s\u00e9samo y sus derivados.<\/p>\n","protected":false},"featured_media":72457,"comment_status":"open","ping_status":"closed","template":"","meta":{"_acf_changed":false,"_joinchat":[]},"product_brand":[440,572],"product_cat":[337],"product_tag":[],"class_list":{"0":"post-72456","1":"product","2":"type-product","3":"status-publish","4":"has-post-thumbnail","6":"product_brand-ecologic","7":"product_brand-gourmet","8":"product_cat-especias","9":"categoria-per-dieta-ecologic","10":"categoria-per-dieta-gourmet","12":"first","13":"instock","14":"taxable","15":"shipping-taxable","16":"purchasable","17":"product-type-variable","18":"has-default-attributes"},"acf":[],"_links":{"self":[{"href":"https:\/\/mitjavilaslowshop.com\/es\/wp-json\/wp\/v2\/product\/72456","targetHints":{"allow":["GET"]}}],"collection":[{"href":"https:\/\/mitjavilaslowshop.com\/es\/wp-json\/wp\/v2\/product"}],"about":[{"href":"https:\/\/mitjavilaslowshop.com\/es\/wp-json\/wp\/v2\/types\/product"}],"replies":[{"embeddable":true,"href":"https:\/\/mitjavilaslowshop.com\/es\/wp-json\/wp\/v2\/comments?post=72456"}],"version-history":[{"count":6,"href":"https:\/\/mitjavilaslowshop.com\/es\/wp-json\/wp\/v2\/product\/72456\/revisions"}],"predecessor-version":[{"id":81596,"href":"https:\/\/mitjavilaslowshop.com\/es\/wp-json\/wp\/v2\/product\/72456\/revisions\/81596"}],"wp:featuredmedia":[{"embeddable":true,"href":"https:\/\/mitjavilaslowshop.com\/es\/wp-json\/wp\/v2\/media\/72457"}],"wp:attachment":[{"href":"https:\/\/mitjavilaslowshop.com\/es\/wp-json\/wp\/v2\/media?parent=72456"}],"wp:term":[{"taxonomy":"product_brand","embeddable":true,"href":"https:\/\/mitjavilaslowshop.com\/es\/wp-json\/wp\/v2\/product_brand?post=72456"},{"taxonomy":"product_cat","embeddable":true,"href":"https:\/\/mitjavilaslowshop.com\/es\/wp-json\/wp\/v2\/product_cat?post=72456"},{"taxonomy":"product_tag","embeddable":true,"href":"https:\/\/mitjavilaslowshop.com\/es\/wp-json\/wp\/v2\/product_tag?post=72456"}],"curies":[{"name":"wp","href":"https:\/\/api.w.org\/{rel}","templated":true}]}}