{"id":72452,"date":"2026-01-04T18:22:54","date_gmt":"2026-01-04T18:22:54","guid":{"rendered":"https:\/\/mitjavilaslowshop.com\/producte\/barreja-cajun\/"},"modified":"2026-04-05T20:16:16","modified_gmt":"2026-04-05T20:16:16","slug":"mezcla-cajun","status":"publish","type":"product","link":"https:\/\/mitjavilaslowshop.com\/es\/producte\/mezcla-cajun\/","title":{"rendered":"MEZCLA CAJ\u00daN"},"content":{"rendered":"<p>SAL, PIMENT\u00d3N, CILANTRO, AN\u00cdS, CAIENNA, AJO, TOMILLO, COMINO, PIMIENTA NEGRA, OR\u00c9GANO Y HARINA DE MA\u00cdZ<\/p>\n<p>Cajun, una mezcla de especias con toque picante y arom\u00e1tico, ideal para dar personalidad a carnes, pescados, verduras y platos a la parrilla. Perfecta por cocina creativa con influencia americana<br \/>\nContiene: Sal, piment\u00f3n, cilantro, an\u00eds, cayena, ajo, tomillo, comi, pimienta negra, or\u00e9gano y harina de ma\u00edz.<br \/>\nOrigen: Nacional<\/p>\n","protected":false},"excerpt":{"rendered":"<p>Cajun, una mezcla de especias con toque picante y arom\u00e1tico, ideal para dar personalidad a carnes, pescados, verduras y platos a la parrilla. Perfecta por cocina creativa con influencia americana<br \/>\nContiene: Sal, piment\u00f3n, cilantro, an\u00eds, cayena, ajo, tomillo, comi, pimienta negra, or\u00e9gano y harina de ma\u00edz.<br \/>\nOrigen: Nacional<\/p>\n","protected":false},"featured_media":72453,"comment_status":"open","ping_status":"closed","template":"","meta":{"_acf_changed":false,"_joinchat":[]},"product_brand":[440,572],"product_cat":[337],"product_tag":[],"class_list":{"0":"post-72452","1":"product","2":"type-product","3":"status-publish","4":"has-post-thumbnail","6":"product_brand-ecologic","7":"product_brand-gourmet","8":"product_cat-especias","9":"categoria-per-dieta-ecologic","10":"categoria-per-dieta-gourmet","12":"first","13":"instock","14":"taxable","15":"shipping-taxable","16":"purchasable","17":"product-type-variable","18":"has-default-attributes"},"acf":[],"_links":{"self":[{"href":"https:\/\/mitjavilaslowshop.com\/es\/wp-json\/wp\/v2\/product\/72452","targetHints":{"allow":["GET"]}}],"collection":[{"href":"https:\/\/mitjavilaslowshop.com\/es\/wp-json\/wp\/v2\/product"}],"about":[{"href":"https:\/\/mitjavilaslowshop.com\/es\/wp-json\/wp\/v2\/types\/product"}],"replies":[{"embeddable":true,"href":"https:\/\/mitjavilaslowshop.com\/es\/wp-json\/wp\/v2\/comments?post=72452"}],"version-history":[{"count":7,"href":"https:\/\/mitjavilaslowshop.com\/es\/wp-json\/wp\/v2\/product\/72452\/revisions"}],"predecessor-version":[{"id":90018,"href":"https:\/\/mitjavilaslowshop.com\/es\/wp-json\/wp\/v2\/product\/72452\/revisions\/90018"}],"wp:featuredmedia":[{"embeddable":true,"href":"https:\/\/mitjavilaslowshop.com\/es\/wp-json\/wp\/v2\/media\/72453"}],"wp:attachment":[{"href":"https:\/\/mitjavilaslowshop.com\/es\/wp-json\/wp\/v2\/media?parent=72452"}],"wp:term":[{"taxonomy":"product_brand","embeddable":true,"href":"https:\/\/mitjavilaslowshop.com\/es\/wp-json\/wp\/v2\/product_brand?post=72452"},{"taxonomy":"product_cat","embeddable":true,"href":"https:\/\/mitjavilaslowshop.com\/es\/wp-json\/wp\/v2\/product_cat?post=72452"},{"taxonomy":"product_tag","embeddable":true,"href":"https:\/\/mitjavilaslowshop.com\/es\/wp-json\/wp\/v2\/product_tag?post=72452"}],"curies":[{"name":"wp","href":"https:\/\/api.w.org\/{rel}","templated":true}]}}