{"id":72432,"date":"2026-01-04T18:22:57","date_gmt":"2026-01-04T18:22:57","guid":{"rendered":"https:\/\/mitjavilaslowshop.com\/producte\/barreja-chimichurri\/"},"modified":"2026-04-03T20:44:42","modified_gmt":"2026-04-03T20:44:42","slug":"mezcla-chimichurri","status":"publish","type":"product","link":"https:\/\/mitjavilaslowshop.com\/es\/producte\/mezcla-chimichurri\/","title":{"rendered":"MEZCLA CHIMICHURRI"},"content":{"rendered":"<p>PIMENT\u00d3N DULCE, OR\u00c9GANO, AJ\u00cd Y AJO<\/p>\n<p>Chimichurri, una mezcla tradicional de hierbas y especias con aroma intenso y fresco. Ideal para carnes a la parrilla, marinados, salsas y ensaladas. Perfecta por cocina saludable y con personalidad.<\/p>\n<p>Contiene: piment\u00f3n dulce, or\u00e9gano dulce y ajo<br \/>\nOrigen: Nacional<\/p>\n","protected":false},"excerpt":{"rendered":"<p>Chimichurri, una mezcla tradicional de hierbas y especias con aroma intenso y fresco. Ideal para carnes a la parrilla, marinados, salsas y ensaladas. Perfecta por cocina saludable y con personalidad.<\/p>\n<p>Contiene: piment\u00f3n dulce, or\u00e9gano dulce y ajo<br \/>\nOrigen: Nacional<\/p>\n","protected":false},"featured_media":72433,"comment_status":"open","ping_status":"closed","template":"","meta":{"_acf_changed":false,"_joinchat":[]},"product_brand":[440,572],"product_cat":[337],"product_tag":[],"class_list":{"0":"post-72432","1":"product","2":"type-product","3":"status-publish","4":"has-post-thumbnail","6":"product_brand-ecologic","7":"product_brand-gourmet","8":"product_cat-especias","9":"categoria-per-dieta-ecologic","10":"categoria-per-dieta-gourmet","12":"first","13":"instock","14":"taxable","15":"shipping-taxable","16":"purchasable","17":"product-type-variable","18":"has-default-attributes"},"acf":[],"_links":{"self":[{"href":"https:\/\/mitjavilaslowshop.com\/es\/wp-json\/wp\/v2\/product\/72432","targetHints":{"allow":["GET"]}}],"collection":[{"href":"https:\/\/mitjavilaslowshop.com\/es\/wp-json\/wp\/v2\/product"}],"about":[{"href":"https:\/\/mitjavilaslowshop.com\/es\/wp-json\/wp\/v2\/types\/product"}],"replies":[{"embeddable":true,"href":"https:\/\/mitjavilaslowshop.com\/es\/wp-json\/wp\/v2\/comments?post=72432"}],"version-history":[{"count":7,"href":"https:\/\/mitjavilaslowshop.com\/es\/wp-json\/wp\/v2\/product\/72432\/revisions"}],"predecessor-version":[{"id":89672,"href":"https:\/\/mitjavilaslowshop.com\/es\/wp-json\/wp\/v2\/product\/72432\/revisions\/89672"}],"wp:featuredmedia":[{"embeddable":true,"href":"https:\/\/mitjavilaslowshop.com\/es\/wp-json\/wp\/v2\/media\/72433"}],"wp:attachment":[{"href":"https:\/\/mitjavilaslowshop.com\/es\/wp-json\/wp\/v2\/media?parent=72432"}],"wp:term":[{"taxonomy":"product_brand","embeddable":true,"href":"https:\/\/mitjavilaslowshop.com\/es\/wp-json\/wp\/v2\/product_brand?post=72432"},{"taxonomy":"product_cat","embeddable":true,"href":"https:\/\/mitjavilaslowshop.com\/es\/wp-json\/wp\/v2\/product_cat?post=72432"},{"taxonomy":"product_tag","embeddable":true,"href":"https:\/\/mitjavilaslowshop.com\/es\/wp-json\/wp\/v2\/product_tag?post=72432"}],"curies":[{"name":"wp","href":"https:\/\/api.w.org\/{rel}","templated":true}]}}