{"id":72416,"date":"2026-01-04T18:22:59","date_gmt":"2026-01-04T18:22:59","guid":{"rendered":"https:\/\/mitjavilaslowshop.com\/producte\/pebre-de-szechuan\/"},"modified":"2026-03-17T13:49:58","modified_gmt":"2026-03-17T13:49:58","slug":"salsa-de-szechuan","status":"publish","type":"product","link":"https:\/\/mitjavilaslowshop.com\/es\/producte\/salsa-de-szechuan\/","title":{"rendered":"SALSA DE SZECHUAN"},"content":{"rendered":"<p>La pimienta de Sichu\u00e1n se caracteriza por sus granos redondeados de color marr\u00f3n oscuro y textura uniforme. Destaca por su aroma intenso y sabor \u00fanico, t\u00edpico de esta especia.<\/p>\n<p>Origen: China<\/p>\n","protected":false},"excerpt":{"rendered":"<p>La pimienta de Sichu\u00e1n se caracteriza por sus granos redondeados de color marr\u00f3n oscuro y textura uniforme. Destaca por su aroma intenso y sabor \u00fanico, t\u00edpico de esta especia. Origen: China<\/p>\n","protected":false},"featured_media":72417,"comment_status":"open","ping_status":"closed","template":"","meta":{"_acf_changed":false,"_joinchat":[]},"product_brand":[440],"product_cat":[337],"product_tag":[],"class_list":{"0":"post-72416","1":"product","2":"type-product","3":"status-publish","4":"has-post-thumbnail","6":"product_brand-ecologic","7":"product_cat-especias","8":"categoria-per-dieta-ecologic","10":"first","11":"instock","12":"taxable","13":"shipping-taxable","14":"purchasable","15":"product-type-variable","16":"has-default-attributes"},"acf":[],"_links":{"self":[{"href":"https:\/\/mitjavilaslowshop.com\/es\/wp-json\/wp\/v2\/product\/72416","targetHints":{"allow":["GET"]}}],"collection":[{"href":"https:\/\/mitjavilaslowshop.com\/es\/wp-json\/wp\/v2\/product"}],"about":[{"href":"https:\/\/mitjavilaslowshop.com\/es\/wp-json\/wp\/v2\/types\/product"}],"replies":[{"embeddable":true,"href":"https:\/\/mitjavilaslowshop.com\/es\/wp-json\/wp\/v2\/comments?post=72416"}],"version-history":[{"count":6,"href":"https:\/\/mitjavilaslowshop.com\/es\/wp-json\/wp\/v2\/product\/72416\/revisions"}],"predecessor-version":[{"id":81586,"href":"https:\/\/mitjavilaslowshop.com\/es\/wp-json\/wp\/v2\/product\/72416\/revisions\/81586"}],"wp:featuredmedia":[{"embeddable":true,"href":"https:\/\/mitjavilaslowshop.com\/es\/wp-json\/wp\/v2\/media\/72417"}],"wp:attachment":[{"href":"https:\/\/mitjavilaslowshop.com\/es\/wp-json\/wp\/v2\/media?parent=72416"}],"wp:term":[{"taxonomy":"product_brand","embeddable":true,"href":"https:\/\/mitjavilaslowshop.com\/es\/wp-json\/wp\/v2\/product_brand?post=72416"},{"taxonomy":"product_cat","embeddable":true,"href":"https:\/\/mitjavilaslowshop.com\/es\/wp-json\/wp\/v2\/product_cat?post=72416"},{"taxonomy":"product_tag","embeddable":true,"href":"https:\/\/mitjavilaslowshop.com\/es\/wp-json\/wp\/v2\/product_tag?post=72416"}],"curies":[{"name":"wp","href":"https:\/\/api.w.org\/{rel}","templated":true}]}}