{"id":72400,"date":"2026-01-04T18:23:01","date_gmt":"2026-01-04T18:23:01","guid":{"rendered":"https:\/\/mitjavilaslowshop.com\/producte\/pimenton-de-la-vera-picant\/"},"modified":"2026-03-17T13:49:56","modified_gmt":"2026-03-17T13:49:56","slug":"pimenton-picante-de-la-vera-especia-ahumada-de-calidad-superior","status":"publish","type":"product","link":"https:\/\/mitjavilaslowshop.com\/es\/producte\/pimenton-picante-de-la-vera-especia-ahumada-de-calidad-superior\/","title":{"rendered":"Piment\u00f3n Picante de La Vera &#8211; Especia Ahumada de Calidad Superior"},"content":{"rendered":"<p>Potencia el sabor de tus recetas con el piment\u00f3n picante de La Vera, una especia con Denominaci\u00f3n de Origen Protegida (DOP) reconocida por su sabor ahumado y picante equilibrado. Elaborado a partir de pimientos rojos seleccionados, secados al humo de le\u00f1a de roble y molidos cuidadosamente, es el complemento ideal para platos con car\u00e1cter. Perfecto para guisos, legumbres, carnes, pescados, salsas y opciones veganas. \u00dasalo con moderaci\u00f3n para lograr el nivel justo de picante.<\/p>\n<p>Beneficios:<br \/>Aporta aroma intenso, color vibrante y un toque picante que realza cualquier receta. Rico en antioxidantes, es perfecto para resaltar el sabor de platos mediterr\u00e1neos y tradicionales.<\/p>\n<p>Origen: La Vera<\/p>\n","protected":false},"excerpt":{"rendered":"<p>Potencia el sabor de tus recetas con el piment\u00f3n picante de La Vera, una especia con Denominaci\u00f3n de Origen Protegida (DOP) reconocida por su sabor ahumado y picante equilibrado. Elaborado a partir de pimientos rojos seleccionados, secados al humo de le\u00f1a de roble y molidos cuidadosamente, es el complemento ideal para platos con car\u00e1cter. Perfecto para guisos, legumbres, carnes, pescados, salsas y opciones veganas. \u00dasalo con moderaci\u00f3n para lograr el nivel justo de picante. Beneficios:Aporta aroma intenso, color vibrante y un toque picante que realza cualquier receta. Rico en antioxidantes, es perfecto para resaltar el sabor de platos mediterr\u00e1neos y tradicionales. Origen: La Vera<\/p>\n","protected":false},"featured_media":72401,"comment_status":"open","ping_status":"closed","template":"","meta":{"_acf_changed":false,"_joinchat":[]},"product_brand":[440],"product_cat":[337],"product_tag":[],"class_list":{"0":"post-72400","1":"product","2":"type-product","3":"status-publish","4":"has-post-thumbnail","6":"product_brand-ecologic","7":"product_cat-especias","8":"categoria-per-dieta-ecologic","10":"first","11":"instock","12":"taxable","13":"shipping-taxable","14":"purchasable","15":"product-type-variable","16":"has-default-attributes"},"acf":[],"_links":{"self":[{"href":"https:\/\/mitjavilaslowshop.com\/es\/wp-json\/wp\/v2\/product\/72400","targetHints":{"allow":["GET"]}}],"collection":[{"href":"https:\/\/mitjavilaslowshop.com\/es\/wp-json\/wp\/v2\/product"}],"about":[{"href":"https:\/\/mitjavilaslowshop.com\/es\/wp-json\/wp\/v2\/types\/product"}],"replies":[{"embeddable":true,"href":"https:\/\/mitjavilaslowshop.com\/es\/wp-json\/wp\/v2\/comments?post=72400"}],"version-history":[{"count":6,"href":"https:\/\/mitjavilaslowshop.com\/es\/wp-json\/wp\/v2\/product\/72400\/revisions"}],"predecessor-version":[{"id":81582,"href":"https:\/\/mitjavilaslowshop.com\/es\/wp-json\/wp\/v2\/product\/72400\/revisions\/81582"}],"wp:featuredmedia":[{"embeddable":true,"href":"https:\/\/mitjavilaslowshop.com\/es\/wp-json\/wp\/v2\/media\/72401"}],"wp:attachment":[{"href":"https:\/\/mitjavilaslowshop.com\/es\/wp-json\/wp\/v2\/media?parent=72400"}],"wp:term":[{"taxonomy":"product_brand","embeddable":true,"href":"https:\/\/mitjavilaslowshop.com\/es\/wp-json\/wp\/v2\/product_brand?post=72400"},{"taxonomy":"product_cat","embeddable":true,"href":"https:\/\/mitjavilaslowshop.com\/es\/wp-json\/wp\/v2\/product_cat?post=72400"},{"taxonomy":"product_tag","embeddable":true,"href":"https:\/\/mitjavilaslowshop.com\/es\/wp-json\/wp\/v2\/product_tag?post=72400"}],"curies":[{"name":"wp","href":"https:\/\/api.w.org\/{rel}","templated":true}]}}