{"id":72396,"date":"2026-01-04T18:23:02","date_gmt":"2026-01-04T18:23:02","guid":{"rendered":"https:\/\/mitjavilaslowshop.com\/producte\/barreja-paella\/"},"modified":"2026-04-03T20:15:36","modified_gmt":"2026-04-03T20:15:36","slug":"mezcla-para-paella","status":"publish","type":"product","link":"https:\/\/mitjavilaslowshop.com\/es\/producte\/mezcla-para-paella\/","title":{"rendered":"MEZCLA PARA PAELLA"},"content":{"rendered":"<p>C\u00daRCUMA, COLORANTE AMARILLO, PIMENT\u00d3N DULCE, PIMIENTA BLANCA, TOMILLO, SAL Y CLAVO<\/p>\n<p>Prepara una sart\u00e9n perfecta con nuestra mezcla de especias por sart\u00e9n, elaborada con ingredientes naturales y seleccionados para potenciar el sabor tradicional. Esta combinaci\u00f3n \u00fanica aporta aroma, color y gusto equilibrado, respetando la receta original de la paella valenciana. A\u00f1\u00e1delas durante la cocci\u00f3n para infusionar el sabor en el arroz. Recomendado por sartenes, arroces caldosos y fideu\u00e1s.<\/p>\n<p>Beneficios:<br \/>\nAporta el punto justo de aroma y sabor mediterr\u00e1neo, con notas de pimienta, azafr\u00e1n y otras especias tradicionales. Perfecto para cocinas creativas y platos caseros.<\/p>\n","protected":false},"excerpt":{"rendered":"<p>Prepara una sart\u00e9n perfecta con nuestra mezcla de especias por sart\u00e9n, elaborada con ingredientes naturales y seleccionados para potenciar el sabor tradicional. Esta combinaci\u00f3n \u00fanica aporta aroma, color y gusto equilibrado, respetando la receta original de la paella valenciana. A\u00f1\u00e1delas durante la cocci\u00f3n para infusionar el sabor en el arroz. Recomendado por sartenes, arroces caldosos y fideu\u00e1s.<\/p>\n<p>Beneficios:<br \/>\nAporta el punto justo de aroma y sabor mediterr\u00e1neo, con notas de pimienta, azafr\u00e1n y otras especias tradicionales. Perfecto para cocinas creativas y platos caseros.<\/p>\n","protected":false},"featured_media":72397,"comment_status":"open","ping_status":"closed","template":"","meta":{"_acf_changed":false,"_joinchat":[]},"product_brand":[440],"product_cat":[337],"product_tag":[],"class_list":{"0":"post-72396","1":"product","2":"type-product","3":"status-publish","4":"has-post-thumbnail","6":"product_brand-ecologic","7":"product_cat-especias","8":"categoria-per-dieta-ecologic","10":"first","11":"instock","12":"taxable","13":"shipping-taxable","14":"purchasable","15":"product-type-variable","16":"has-default-attributes"},"acf":[],"_links":{"self":[{"href":"https:\/\/mitjavilaslowshop.com\/es\/wp-json\/wp\/v2\/product\/72396","targetHints":{"allow":["GET"]}}],"collection":[{"href":"https:\/\/mitjavilaslowshop.com\/es\/wp-json\/wp\/v2\/product"}],"about":[{"href":"https:\/\/mitjavilaslowshop.com\/es\/wp-json\/wp\/v2\/types\/product"}],"replies":[{"embeddable":true,"href":"https:\/\/mitjavilaslowshop.com\/es\/wp-json\/wp\/v2\/comments?post=72396"}],"version-history":[{"count":7,"href":"https:\/\/mitjavilaslowshop.com\/es\/wp-json\/wp\/v2\/product\/72396\/revisions"}],"predecessor-version":[{"id":89498,"href":"https:\/\/mitjavilaslowshop.com\/es\/wp-json\/wp\/v2\/product\/72396\/revisions\/89498"}],"wp:featuredmedia":[{"embeddable":true,"href":"https:\/\/mitjavilaslowshop.com\/es\/wp-json\/wp\/v2\/media\/72397"}],"wp:attachment":[{"href":"https:\/\/mitjavilaslowshop.com\/es\/wp-json\/wp\/v2\/media?parent=72396"}],"wp:term":[{"taxonomy":"product_brand","embeddable":true,"href":"https:\/\/mitjavilaslowshop.com\/es\/wp-json\/wp\/v2\/product_brand?post=72396"},{"taxonomy":"product_cat","embeddable":true,"href":"https:\/\/mitjavilaslowshop.com\/es\/wp-json\/wp\/v2\/product_cat?post=72396"},{"taxonomy":"product_tag","embeddable":true,"href":"https:\/\/mitjavilaslowshop.com\/es\/wp-json\/wp\/v2\/product_tag?post=72396"}],"curies":[{"name":"wp","href":"https:\/\/api.w.org\/{rel}","templated":true}]}}