{"id":72380,"date":"2026-01-04T18:23:04","date_gmt":"2026-01-04T18:23:04","guid":{"rendered":"https:\/\/mitjavilaslowshop.com\/producte\/canyella-ceylan-pols\/"},"modified":"2026-03-17T13:49:54","modified_gmt":"2026-03-17T13:49:54","slug":"canela-ceilan-en-polvo","status":"publish","type":"product","link":"https:\/\/mitjavilaslowshop.com\/es\/producte\/canela-ceilan-en-polvo\/","title":{"rendered":"CANELA CEIL\u00c1N EN POLVO"},"content":{"rendered":"<p>Disfruta de la canela en polvo de Ceil\u00e1n, reconocida como la variedad m\u00e1s pura y arom\u00e1tica a nivel mundial. Su sabor dulce y delicado la convierte en el complemento perfecto para postres, infusiones, platos salados y recetas saludables. Proveniente de cultivos seleccionados, esta especia es 100% natural y libre de aditivos. Su aroma suave y sabor dulce con matices especiados realzan cualquier preparaci\u00f3n. \u00dasala en postres, batidos, infusiones, caf\u00e9s, platos salados o recetas creativas. Tambi\u00e9n es ideal para combinar con cereales o yogures.<\/p>\n<p> Beneficios:<br \/> La canela de Ceil\u00e1n es una fuente natural de antioxidantes y cuenta con propiedades digestivas y antiinflamatorias. Perfecta para aportar sabor sin a\u00f1adir az\u00facar, es una opci\u00f3n excelente para dietas saludables.<\/p>\n<p> Origen: Sri Lanka<\/p>\n","protected":false},"excerpt":{"rendered":"<p>Disfruta de la canela en polvo de Ceil\u00e1n, reconocida como la variedad m\u00e1s pura y arom\u00e1tica a nivel mundial. Su sabor dulce y delicado la convierte en el complemento perfecto para postres, infusiones, platos salados y recetas saludables. Proveniente de cultivos seleccionados, esta especia es 100% natural y libre de aditivos. Su aroma suave y sabor dulce con matices especiados realzan cualquier preparaci\u00f3n. \u00dasala en postres, batidos, infusiones, caf\u00e9s, platos salados o recetas creativas. Tambi\u00e9n es ideal para combinar con cereales o yogures. Beneficios: La canela de Ceil\u00e1n es una fuente natural de antioxidantes y cuenta con propiedades digestivas y antiinflamatorias. Perfecta para aportar sabor sin a\u00f1adir az\u00facar, es una opci\u00f3n excelente para dietas saludables. Origen: Sri Lanka<\/p>\n","protected":false},"featured_media":72381,"comment_status":"open","ping_status":"closed","template":"","meta":{"_acf_changed":false,"_joinchat":[]},"product_brand":[440],"product_cat":[337],"product_tag":[],"class_list":{"0":"post-72380","1":"product","2":"type-product","3":"status-publish","4":"has-post-thumbnail","6":"product_brand-ecologic","7":"product_cat-especias","8":"categoria-per-dieta-ecologic","10":"first","11":"instock","12":"taxable","13":"shipping-taxable","14":"purchasable","15":"product-type-variable","16":"has-default-attributes"},"acf":[],"_links":{"self":[{"href":"https:\/\/mitjavilaslowshop.com\/es\/wp-json\/wp\/v2\/product\/72380","targetHints":{"allow":["GET"]}}],"collection":[{"href":"https:\/\/mitjavilaslowshop.com\/es\/wp-json\/wp\/v2\/product"}],"about":[{"href":"https:\/\/mitjavilaslowshop.com\/es\/wp-json\/wp\/v2\/types\/product"}],"replies":[{"embeddable":true,"href":"https:\/\/mitjavilaslowshop.com\/es\/wp-json\/wp\/v2\/comments?post=72380"}],"version-history":[{"count":6,"href":"https:\/\/mitjavilaslowshop.com\/es\/wp-json\/wp\/v2\/product\/72380\/revisions"}],"predecessor-version":[{"id":81577,"href":"https:\/\/mitjavilaslowshop.com\/es\/wp-json\/wp\/v2\/product\/72380\/revisions\/81577"}],"wp:featuredmedia":[{"embeddable":true,"href":"https:\/\/mitjavilaslowshop.com\/es\/wp-json\/wp\/v2\/media\/72381"}],"wp:attachment":[{"href":"https:\/\/mitjavilaslowshop.com\/es\/wp-json\/wp\/v2\/media?parent=72380"}],"wp:term":[{"taxonomy":"product_brand","embeddable":true,"href":"https:\/\/mitjavilaslowshop.com\/es\/wp-json\/wp\/v2\/product_brand?post=72380"},{"taxonomy":"product_cat","embeddable":true,"href":"https:\/\/mitjavilaslowshop.com\/es\/wp-json\/wp\/v2\/product_cat?post=72380"},{"taxonomy":"product_tag","embeddable":true,"href":"https:\/\/mitjavilaslowshop.com\/es\/wp-json\/wp\/v2\/product_tag?post=72380"}],"curies":[{"name":"wp","href":"https:\/\/api.w.org\/{rel}","templated":true}]}}