{"id":72376,"date":"2026-01-04T18:23:04","date_gmt":"2026-01-04T18:23:04","guid":{"rendered":"https:\/\/mitjavilaslowshop.com\/producte\/fenogrec-alholva\/"},"modified":"2026-03-17T13:49:53","modified_gmt":"2026-03-17T13:49:53","slug":"fenogreco-alholva","status":"publish","type":"product","link":"https:\/\/mitjavilaslowshop.com\/es\/producte\/fenogreco-alholva\/","title":{"rendered":"FENOGRECO ALHOLVA"},"content":{"rendered":"<p>El fenogreco, tambi\u00e9n llamado alholva, es una especia tradicional con un sabor ligeramente amargo y arom\u00e1tico que realza platos mediterr\u00e1neos, orientales y veganos. Sus semillas son muy apreciadas tanto en la cocina como por sus beneficios nutricionales. Perfecto para guisos, curris, infusiones y panes artesanales.<\/p>\n<p>Beneficios:<br \/>El fenogreco destaca por su alto contenido en prote\u00ednas, fibra y minerales como hierro y magnesio. Se ha utilizado tradicionalmente para mejorar la digesti\u00f3n y aumentar la energ\u00eda, siendo un ingrediente esencial en dietas equilibradas.<\/p>\n<p>Origen: Egipto<\/p>\n","protected":false},"excerpt":{"rendered":"<p>El fenogreco, tambi\u00e9n llamado alholva, es una especia tradicional con un sabor ligeramente amargo y arom\u00e1tico que realza platos mediterr\u00e1neos, orientales y veganos. Sus semillas son muy apreciadas tanto en la cocina como por sus beneficios nutricionales. Perfecto para guisos, curris, infusiones y panes artesanales. Beneficios:El fenogreco destaca por su alto contenido en prote\u00ednas, fibra y minerales como hierro y magnesio. Se ha utilizado tradicionalmente para mejorar la digesti\u00f3n y aumentar la energ\u00eda, siendo un ingrediente esencial en dietas equilibradas. Origen: Egipto<\/p>\n","protected":false},"featured_media":72377,"comment_status":"open","ping_status":"closed","template":"","meta":{"_acf_changed":false,"_joinchat":[]},"product_brand":[440],"product_cat":[337],"product_tag":[],"class_list":{"0":"post-72376","1":"product","2":"type-product","3":"status-publish","4":"has-post-thumbnail","6":"product_brand-ecologic","7":"product_cat-especias","8":"categoria-per-dieta-ecologic","10":"first","11":"instock","12":"taxable","13":"shipping-taxable","14":"purchasable","15":"product-type-variable","16":"has-default-attributes"},"acf":[],"_links":{"self":[{"href":"https:\/\/mitjavilaslowshop.com\/es\/wp-json\/wp\/v2\/product\/72376","targetHints":{"allow":["GET"]}}],"collection":[{"href":"https:\/\/mitjavilaslowshop.com\/es\/wp-json\/wp\/v2\/product"}],"about":[{"href":"https:\/\/mitjavilaslowshop.com\/es\/wp-json\/wp\/v2\/types\/product"}],"replies":[{"embeddable":true,"href":"https:\/\/mitjavilaslowshop.com\/es\/wp-json\/wp\/v2\/comments?post=72376"}],"version-history":[{"count":6,"href":"https:\/\/mitjavilaslowshop.com\/es\/wp-json\/wp\/v2\/product\/72376\/revisions"}],"predecessor-version":[{"id":81576,"href":"https:\/\/mitjavilaslowshop.com\/es\/wp-json\/wp\/v2\/product\/72376\/revisions\/81576"}],"wp:featuredmedia":[{"embeddable":true,"href":"https:\/\/mitjavilaslowshop.com\/es\/wp-json\/wp\/v2\/media\/72377"}],"wp:attachment":[{"href":"https:\/\/mitjavilaslowshop.com\/es\/wp-json\/wp\/v2\/media?parent=72376"}],"wp:term":[{"taxonomy":"product_brand","embeddable":true,"href":"https:\/\/mitjavilaslowshop.com\/es\/wp-json\/wp\/v2\/product_brand?post=72376"},{"taxonomy":"product_cat","embeddable":true,"href":"https:\/\/mitjavilaslowshop.com\/es\/wp-json\/wp\/v2\/product_cat?post=72376"},{"taxonomy":"product_tag","embeddable":true,"href":"https:\/\/mitjavilaslowshop.com\/es\/wp-json\/wp\/v2\/product_tag?post=72376"}],"curies":[{"name":"wp","href":"https:\/\/api.w.org\/{rel}","templated":true}]}}