{"id":72364,"date":"2026-01-04T18:23:06","date_gmt":"2026-01-04T18:23:06","guid":{"rendered":"https:\/\/mitjavilaslowshop.com\/producte\/5-especies-xineses\/"},"modified":"2026-04-03T17:57:01","modified_gmt":"2026-04-03T17:57:01","slug":"5-especies-chinas","status":"publish","type":"product","link":"https:\/\/mitjavilaslowshop.com\/es\/producte\/5-especies-chinas\/","title":{"rendered":"5 ESPECIES CHINAS"},"content":{"rendered":"<p>AN\u00cdS, CANELA, CLAVO, JENGIBRE Y HINOJO<\/p>\n<p>Es un condimento tradicional que combina sabores dulces, salados, amargos, \u00e1cidos y picantes para conseguir un perfecto equilibrio. Elaborada con ingredientes naturales, esta mezcla es ideal para dar un toque oriental a carnes, verduras, salsas y platos veganos. A\u00f1adir durante la cocci\u00f3n o en marinados por carnes, pollo, pescado, tofu y verduras. Tambi\u00e9n es perfecta para salsas y guisos con influencia oriental.<br \/>\nContiene: An\u00eds, canela, clavo, jengibre y hinojo.<br \/>\nBeneficios:<br \/>\nAporta complejidad y profundidad a tus platos, con notas arom\u00e1ticas y especiadas. Ideal para dietas saludables y cocina gourmet.<\/p>\n<p>Origen: China<\/p>\n","protected":false},"excerpt":{"rendered":"<p>Es un condimento tradicional que combina sabores dulces, salados, amargos, \u00e1cidos y picantes para conseguir un perfecto equilibrio. Elaborada con ingredientes naturales, esta mezcla es ideal para dar un toque oriental a carnes, verduras, salsas y platos veganos. A\u00f1adir durante la cocci\u00f3n o en marinados por carnes, pollo, pescado, tofu y verduras. Tambi\u00e9n es perfecta para salsas y guisos con influencia oriental.<br \/>\nContiene: An\u00eds, canela, clavo, jengibre y hinojo.<br \/>\nBeneficios:<br \/>\nAporta complejidad y profundidad a tus platos, con notas arom\u00e1ticas y especiadas. Ideal para dietas saludables y cocina gourmet.<\/p>\n<p>Origen: China<\/p>\n","protected":false},"featured_media":72365,"comment_status":"open","ping_status":"closed","template":"","meta":{"_acf_changed":false,"_joinchat":[]},"product_brand":[440],"product_cat":[337],"product_tag":[],"class_list":{"0":"post-72364","1":"product","2":"type-product","3":"status-publish","4":"has-post-thumbnail","6":"product_brand-ecologic","7":"product_cat-especias","8":"categoria-per-dieta-ecologic","10":"first","11":"instock","12":"taxable","13":"shipping-taxable","14":"purchasable","15":"product-type-variable","16":"has-default-attributes"},"acf":[],"_links":{"self":[{"href":"https:\/\/mitjavilaslowshop.com\/es\/wp-json\/wp\/v2\/product\/72364","targetHints":{"allow":["GET"]}}],"collection":[{"href":"https:\/\/mitjavilaslowshop.com\/es\/wp-json\/wp\/v2\/product"}],"about":[{"href":"https:\/\/mitjavilaslowshop.com\/es\/wp-json\/wp\/v2\/types\/product"}],"replies":[{"embeddable":true,"href":"https:\/\/mitjavilaslowshop.com\/es\/wp-json\/wp\/v2\/comments?post=72364"}],"version-history":[{"count":7,"href":"https:\/\/mitjavilaslowshop.com\/es\/wp-json\/wp\/v2\/product\/72364\/revisions"}],"predecessor-version":[{"id":89056,"href":"https:\/\/mitjavilaslowshop.com\/es\/wp-json\/wp\/v2\/product\/72364\/revisions\/89056"}],"wp:featuredmedia":[{"embeddable":true,"href":"https:\/\/mitjavilaslowshop.com\/es\/wp-json\/wp\/v2\/media\/72365"}],"wp:attachment":[{"href":"https:\/\/mitjavilaslowshop.com\/es\/wp-json\/wp\/v2\/media?parent=72364"}],"wp:term":[{"taxonomy":"product_brand","embeddable":true,"href":"https:\/\/mitjavilaslowshop.com\/es\/wp-json\/wp\/v2\/product_brand?post=72364"},{"taxonomy":"product_cat","embeddable":true,"href":"https:\/\/mitjavilaslowshop.com\/es\/wp-json\/wp\/v2\/product_cat?post=72364"},{"taxonomy":"product_tag","embeddable":true,"href":"https:\/\/mitjavilaslowshop.com\/es\/wp-json\/wp\/v2\/product_tag?post=72364"}],"curies":[{"name":"wp","href":"https:\/\/api.w.org\/{rel}","templated":true}]}}