{"id":72360,"date":"2026-01-04T18:23:06","date_gmt":"2026-01-04T18:23:06","guid":{"rendered":"https:\/\/mitjavilaslowshop.com\/producte\/anis-estrellat\/"},"modified":"2026-03-17T13:49:53","modified_gmt":"2026-03-17T13:49:53","slug":"anis-estrellado","status":"publish","type":"product","link":"https:\/\/mitjavilaslowshop.com\/es\/producte\/anis-estrellado\/","title":{"rendered":"AN\u00cdS ESTRELLADO"},"content":{"rendered":"<p>Es una especia arom\u00e1tica con forma de estrella, de sabor intenso, dulce y ligeramente picante. Muy popular en la cocina mediterr\u00e1nea y asi\u00e1tica, es perfecta para aromatizar infusiones, postres, platos salados y bebidas. 100% natural y sin aditivos, es un ingrediente esencial para recetas creativas. \u00dasalo entero en infusiones, sopas, guisos o postres. Puedes retirarlo antes de servir para evitar un sabor demasiado fuerte o molerlo para combinarlo con otras especias.<\/p>\n<p> Beneficios:<br \/> El an\u00eds estrellado es rico en antioxidantes y tradicionalmente se utiliza para mejorar la digesti\u00f3n. A\u00f1ade un toque ex\u00f3tico y saludable a tus preparaciones.<\/p>\n","protected":false},"excerpt":{"rendered":"<p>Es una especia arom\u00e1tica con forma de estrella, de sabor intenso, dulce y ligeramente picante. Muy popular en la cocina mediterr\u00e1nea y asi\u00e1tica, es perfecta para aromatizar infusiones, postres, platos salados y bebidas. 100% natural y sin aditivos, es un ingrediente esencial para recetas creativas. \u00dasalo entero en infusiones, sopas, guisos o postres. Puedes retirarlo antes de servir para evitar un sabor demasiado fuerte o molerlo para combinarlo con otras especias. Beneficios: El an\u00eds estrellado es rico en antioxidantes y tradicionalmente se utiliza para mejorar la digesti\u00f3n. A\u00f1ade un toque ex\u00f3tico y saludable a tus preparaciones.<\/p>\n","protected":false},"featured_media":72361,"comment_status":"open","ping_status":"closed","template":"","meta":{"_acf_changed":false,"_joinchat":[]},"product_brand":[440],"product_cat":[337],"product_tag":[],"class_list":{"0":"post-72360","1":"product","2":"type-product","3":"status-publish","4":"has-post-thumbnail","6":"product_brand-ecologic","7":"product_cat-especias","8":"categoria-per-dieta-ecologic","10":"first","11":"instock","12":"taxable","13":"shipping-taxable","14":"purchasable","15":"product-type-variable","16":"has-default-attributes"},"acf":[],"_links":{"self":[{"href":"https:\/\/mitjavilaslowshop.com\/es\/wp-json\/wp\/v2\/product\/72360","targetHints":{"allow":["GET"]}}],"collection":[{"href":"https:\/\/mitjavilaslowshop.com\/es\/wp-json\/wp\/v2\/product"}],"about":[{"href":"https:\/\/mitjavilaslowshop.com\/es\/wp-json\/wp\/v2\/types\/product"}],"replies":[{"embeddable":true,"href":"https:\/\/mitjavilaslowshop.com\/es\/wp-json\/wp\/v2\/comments?post=72360"}],"version-history":[{"count":6,"href":"https:\/\/mitjavilaslowshop.com\/es\/wp-json\/wp\/v2\/product\/72360\/revisions"}],"predecessor-version":[{"id":81572,"href":"https:\/\/mitjavilaslowshop.com\/es\/wp-json\/wp\/v2\/product\/72360\/revisions\/81572"}],"wp:featuredmedia":[{"embeddable":true,"href":"https:\/\/mitjavilaslowshop.com\/es\/wp-json\/wp\/v2\/media\/72361"}],"wp:attachment":[{"href":"https:\/\/mitjavilaslowshop.com\/es\/wp-json\/wp\/v2\/media?parent=72360"}],"wp:term":[{"taxonomy":"product_brand","embeddable":true,"href":"https:\/\/mitjavilaslowshop.com\/es\/wp-json\/wp\/v2\/product_brand?post=72360"},{"taxonomy":"product_cat","embeddable":true,"href":"https:\/\/mitjavilaslowshop.com\/es\/wp-json\/wp\/v2\/product_cat?post=72360"},{"taxonomy":"product_tag","embeddable":true,"href":"https:\/\/mitjavilaslowshop.com\/es\/wp-json\/wp\/v2\/product_tag?post=72360"}],"curies":[{"name":"wp","href":"https:\/\/api.w.org\/{rel}","templated":true}]}}