{"id":72356,"date":"2026-01-04T18:23:07","date_gmt":"2026-01-04T18:23:07","guid":{"rendered":"https:\/\/mitjavilaslowshop.com\/producte\/caiena-branca\/"},"modified":"2026-04-03T17:53:10","modified_gmt":"2026-04-03T17:53:10","slug":"cayena-blanca","status":"publish","type":"product","link":"https:\/\/mitjavilaslowshop.com\/es\/producte\/cayena-blanca\/","title":{"rendered":"CAYENA BLANCA"},"content":{"rendered":"<p>Es una especia picante y arom\u00e1tica que aporta intensidad y car\u00e1cter a cualquier plato. Elaborada a partir de pimientos de cayena deshidratados, es perfecta para a\u00f1adir un toque picante a guisos, salsas, marinados y recetas tradicionales. Puedes usarla entera durante la cocci\u00f3n para infusionar su sabor o molerla para intensificar el picante. Ideal para platos mediterr\u00e1neos, asi\u00e1ticos y latinoamericanos, as\u00ed como para una cocina creativa y saludable.<\/p>\n<p> Beneficios:<br \/> La cayena contiene capsaicina, un compuesto con propiedades antioxidantes y que estimula el metabolismo. A\u00f1ade sabor y aroma sin necesidad de grasas.<\/p>\n","protected":false},"excerpt":{"rendered":"<p>Es una especia picante y arom\u00e1tica que aporta intensidad y car\u00e1cter a cualquier plato. Elaborada a partir de pimientos de cayena deshidratados, es perfecta para a\u00f1adir un toque picante a guisos, salsas, marinados y recetas tradicionales. Puedes usarla entera durante la cocci\u00f3n para infusionar su sabor o molerla para intensificar el picante. Ideal para platos mediterr\u00e1neos, asi\u00e1ticos y latinoamericanos, as\u00ed como para una cocina creativa y saludable. Beneficios: La cayena contiene capsaicina, un compuesto con propiedades antioxidantes y que estimula el metabolismo. A\u00f1ade sabor y aroma sin necesidad de grasas.<\/p>\n","protected":false},"featured_media":72357,"comment_status":"open","ping_status":"closed","template":"","meta":{"_acf_changed":false,"_joinchat":[]},"product_brand":[440,572],"product_cat":[337],"product_tag":[],"class_list":{"0":"post-72356","1":"product","2":"type-product","3":"status-publish","4":"has-post-thumbnail","6":"product_brand-ecologic","7":"product_brand-gourmet","8":"product_cat-especias","9":"categoria-per-dieta-ecologic","10":"categoria-per-dieta-gourmet","12":"first","13":"instock","14":"taxable","15":"shipping-taxable","16":"purchasable","17":"product-type-variable","18":"has-default-attributes"},"acf":[],"_links":{"self":[{"href":"https:\/\/mitjavilaslowshop.com\/es\/wp-json\/wp\/v2\/product\/72356","targetHints":{"allow":["GET"]}}],"collection":[{"href":"https:\/\/mitjavilaslowshop.com\/es\/wp-json\/wp\/v2\/product"}],"about":[{"href":"https:\/\/mitjavilaslowshop.com\/es\/wp-json\/wp\/v2\/types\/product"}],"replies":[{"embeddable":true,"href":"https:\/\/mitjavilaslowshop.com\/es\/wp-json\/wp\/v2\/comments?post=72356"}],"version-history":[{"count":7,"href":"https:\/\/mitjavilaslowshop.com\/es\/wp-json\/wp\/v2\/product\/72356\/revisions"}],"predecessor-version":[{"id":89054,"href":"https:\/\/mitjavilaslowshop.com\/es\/wp-json\/wp\/v2\/product\/72356\/revisions\/89054"}],"wp:featuredmedia":[{"embeddable":true,"href":"https:\/\/mitjavilaslowshop.com\/es\/wp-json\/wp\/v2\/media\/72357"}],"wp:attachment":[{"href":"https:\/\/mitjavilaslowshop.com\/es\/wp-json\/wp\/v2\/media?parent=72356"}],"wp:term":[{"taxonomy":"product_brand","embeddable":true,"href":"https:\/\/mitjavilaslowshop.com\/es\/wp-json\/wp\/v2\/product_brand?post=72356"},{"taxonomy":"product_cat","embeddable":true,"href":"https:\/\/mitjavilaslowshop.com\/es\/wp-json\/wp\/v2\/product_cat?post=72356"},{"taxonomy":"product_tag","embeddable":true,"href":"https:\/\/mitjavilaslowshop.com\/es\/wp-json\/wp\/v2\/product_tag?post=72356"}],"curies":[{"name":"wp","href":"https:\/\/api.w.org\/{rel}","templated":true}]}}