{"id":72352,"date":"2026-01-04T18:23:08","date_gmt":"2026-01-04T18:23:08","guid":{"rendered":"https:\/\/mitjavilaslowshop.com\/producte\/nou-moscada-pols\/"},"modified":"2026-04-03T17:51:41","modified_gmt":"2026-04-03T17:51:41","slug":"nuez-moscada-en-polvo","status":"publish","type":"product","link":"https:\/\/mitjavilaslowshop.com\/es\/producte\/nuez-moscada-en-polvo\/","title":{"rendered":"NUEZ MOSCADA EN POLVO"},"content":{"rendered":"<p>Es una especia tradicional con un aroma intenso y un sabor ligeramente dulce y especiado. Perfecta para dar un toque gourmet a salsas, cremas, pur\u00e9s, postres y bebidas. \u00dasala en peque\u00f1as cantidades en salsas como la bechamel, cremas, pur\u00e9s, guisos, postres y bebidas como caf\u00e9 o chocolate caliente.<\/p>\n<p> Beneficios:<br \/> La nuez moscada es una fuente natural de antioxidantes y se ha empleado tradicionalmente para mejorar la digesti\u00f3n. A\u00f1ade un sabor sofisticado y saludable a tus preparaciones.<\/p>\n","protected":false},"excerpt":{"rendered":"<p>Es una especia tradicional con un aroma intenso y un sabor ligeramente dulce y especiado. Perfecta para dar un toque gourmet a salsas, cremas, pur\u00e9s, postres y bebidas. \u00dasala en peque\u00f1as cantidades en salsas como la bechamel, cremas, pur\u00e9s, guisos, postres y bebidas como caf\u00e9 o chocolate caliente. Beneficios: La nuez moscada es una fuente natural de antioxidantes y se ha empleado tradicionalmente para mejorar la digesti\u00f3n. A\u00f1ade un sabor sofisticado y saludable a tus preparaciones.<\/p>\n","protected":false},"featured_media":72353,"comment_status":"open","ping_status":"closed","template":"","meta":{"_acf_changed":false,"_joinchat":[]},"product_brand":[440,572],"product_cat":[337],"product_tag":[],"class_list":{"0":"post-72352","1":"product","2":"type-product","3":"status-publish","4":"has-post-thumbnail","6":"product_brand-ecologic","7":"product_brand-gourmet","8":"product_cat-especias","9":"categoria-per-dieta-ecologic","10":"categoria-per-dieta-gourmet","12":"first","13":"instock","14":"taxable","15":"shipping-taxable","16":"purchasable","17":"product-type-variable","18":"has-default-attributes"},"acf":[],"_links":{"self":[{"href":"https:\/\/mitjavilaslowshop.com\/es\/wp-json\/wp\/v2\/product\/72352","targetHints":{"allow":["GET"]}}],"collection":[{"href":"https:\/\/mitjavilaslowshop.com\/es\/wp-json\/wp\/v2\/product"}],"about":[{"href":"https:\/\/mitjavilaslowshop.com\/es\/wp-json\/wp\/v2\/types\/product"}],"replies":[{"embeddable":true,"href":"https:\/\/mitjavilaslowshop.com\/es\/wp-json\/wp\/v2\/comments?post=72352"}],"version-history":[{"count":7,"href":"https:\/\/mitjavilaslowshop.com\/es\/wp-json\/wp\/v2\/product\/72352\/revisions"}],"predecessor-version":[{"id":89053,"href":"https:\/\/mitjavilaslowshop.com\/es\/wp-json\/wp\/v2\/product\/72352\/revisions\/89053"}],"wp:featuredmedia":[{"embeddable":true,"href":"https:\/\/mitjavilaslowshop.com\/es\/wp-json\/wp\/v2\/media\/72353"}],"wp:attachment":[{"href":"https:\/\/mitjavilaslowshop.com\/es\/wp-json\/wp\/v2\/media?parent=72352"}],"wp:term":[{"taxonomy":"product_brand","embeddable":true,"href":"https:\/\/mitjavilaslowshop.com\/es\/wp-json\/wp\/v2\/product_brand?post=72352"},{"taxonomy":"product_cat","embeddable":true,"href":"https:\/\/mitjavilaslowshop.com\/es\/wp-json\/wp\/v2\/product_cat?post=72352"},{"taxonomy":"product_tag","embeddable":true,"href":"https:\/\/mitjavilaslowshop.com\/es\/wp-json\/wp\/v2\/product_tag?post=72352"}],"curies":[{"name":"wp","href":"https:\/\/api.w.org\/{rel}","templated":true}]}}