{"id":72328,"date":"2026-01-04T18:23:11","date_gmt":"2026-01-04T18:23:11","guid":{"rendered":"https:\/\/mitjavilaslowshop.com\/producte\/nou-pacana\/"},"modified":"2026-03-27T18:20:06","modified_gmt":"2026-03-27T18:20:06","slug":"nuez-pacana","status":"publish","type":"product","link":"https:\/\/mitjavilaslowshop.com\/es\/producte\/nuez-pacana\/","title":{"rendered":"NUEZ PACANA"},"content":{"rendered":"<p>La nuez pacana es un fruto seco delicioso, con un sabor suave y ligeramente dulce que la hace ideal para ensaladas, postres o para consumir como un snack saludable. Rica en grasas saludables, prote\u00ednas vegetales y antioxidantes, contribuye al cuidado del coraz\u00f3n y proporciona energ\u00eda de calidad.<\/p>\n<p> Beneficios:<\/p>\n<p> Fuente natural de omega-3, vitaminas y minerales.<br \/> Compatible con dietas vegetarianas y veganas.<br \/> Favorece una alimentaci\u00f3n equilibrada.<\/p>\n<p> Origen:<\/p>\n","protected":false},"excerpt":{"rendered":"<p>La nuez pacana es un fruto seco delicioso, con un sabor suave y ligeramente dulce que la hace ideal para ensaladas, postres o para consumir como un snack saludable. Rica en grasas saludables, prote\u00ednas vegetales y antioxidantes, contribuye al cuidado del coraz\u00f3n y proporciona energ\u00eda de calidad. Beneficios: Fuente natural de omega-3, vitaminas y minerales. Compatible con dietas vegetarianas y veganas. Favorece una alimentaci\u00f3n equilibrada. Origen:<\/p>\n","protected":false},"featured_media":72329,"comment_status":"open","ping_status":"closed","template":"","meta":{"_acf_changed":false,"_joinchat":[]},"product_brand":[440,572],"product_cat":[335],"product_tag":[],"class_list":{"0":"post-72328","1":"product","2":"type-product","3":"status-publish","4":"has-post-thumbnail","6":"product_brand-ecologic","7":"product_brand-gourmet","8":"product_cat-frutos-secos","9":"categoria-per-dieta-ecologic","10":"categoria-per-dieta-gourmet","12":"first","13":"instock","14":"taxable","15":"shipping-taxable","16":"purchasable","17":"product-type-variable","18":"has-default-attributes"},"acf":[],"_links":{"self":[{"href":"https:\/\/mitjavilaslowshop.com\/es\/wp-json\/wp\/v2\/product\/72328","targetHints":{"allow":["GET"]}}],"collection":[{"href":"https:\/\/mitjavilaslowshop.com\/es\/wp-json\/wp\/v2\/product"}],"about":[{"href":"https:\/\/mitjavilaslowshop.com\/es\/wp-json\/wp\/v2\/types\/product"}],"replies":[{"embeddable":true,"href":"https:\/\/mitjavilaslowshop.com\/es\/wp-json\/wp\/v2\/comments?post=72328"}],"version-history":[{"count":7,"href":"https:\/\/mitjavilaslowshop.com\/es\/wp-json\/wp\/v2\/product\/72328\/revisions"}],"predecessor-version":[{"id":86740,"href":"https:\/\/mitjavilaslowshop.com\/es\/wp-json\/wp\/v2\/product\/72328\/revisions\/86740"}],"wp:featuredmedia":[{"embeddable":true,"href":"https:\/\/mitjavilaslowshop.com\/es\/wp-json\/wp\/v2\/media\/72329"}],"wp:attachment":[{"href":"https:\/\/mitjavilaslowshop.com\/es\/wp-json\/wp\/v2\/media?parent=72328"}],"wp:term":[{"taxonomy":"product_brand","embeddable":true,"href":"https:\/\/mitjavilaslowshop.com\/es\/wp-json\/wp\/v2\/product_brand?post=72328"},{"taxonomy":"product_cat","embeddable":true,"href":"https:\/\/mitjavilaslowshop.com\/es\/wp-json\/wp\/v2\/product_cat?post=72328"},{"taxonomy":"product_tag","embeddable":true,"href":"https:\/\/mitjavilaslowshop.com\/es\/wp-json\/wp\/v2\/product_tag?post=72328"}],"curies":[{"name":"wp","href":"https:\/\/api.w.org\/{rel}","templated":true}]}}