{"id":72300,"date":"2026-01-04T18:24:03","date_gmt":"2026-01-04T18:24:03","guid":{"rendered":"https:\/\/mitjavilaslowshop.com\/producte\/marialluisa\/"},"modified":"2026-03-17T13:49:47","modified_gmt":"2026-03-17T13:49:47","slug":"marialluisa","status":"publish","type":"product","link":"https:\/\/mitjavilaslowshop.com\/es\/producte\/marialluisa\/","title":{"rendered":"MARIALLUISA"},"content":{"rendered":"<p>La Mariallu\u00efsa es una planta arom\u00e1tica perfecta para preparar infusiones naturales con propiedades calmantes y digestivas. Ideal para momentos de relajaci\u00f3n y bienestar, contribuye a reducir el estr\u00e9s, mejorar la digesti\u00f3n y favorecer un descanso de calidad.<br \/> Infusiona entre 2 y 3 g en agua a 95 \u00baC durante 5-8 minutos para aprovechar su aroma y beneficios naturales.<\/p>\n","protected":false},"excerpt":{"rendered":"<p>La Mariallu\u00efsa es una planta arom\u00e1tica perfecta para preparar infusiones naturales con propiedades calmantes y digestivas. Ideal para momentos de relajaci\u00f3n y bienestar, contribuye a reducir el estr\u00e9s, mejorar la digesti\u00f3n y favorecer un descanso de calidad. Infusiona entre 2 y 3 g en agua a 95 \u00baC durante 5-8 minutos para aprovechar su aroma y beneficios naturales.<\/p>\n","protected":false},"featured_media":72301,"comment_status":"open","ping_status":"closed","template":"","meta":{"_acf_changed":false,"_joinchat":[]},"product_brand":[440,573],"product_cat":[349],"product_tag":[],"class_list":{"0":"post-72300","1":"product","2":"type-product","3":"status-publish","4":"has-post-thumbnail","6":"product_brand-ecologic","7":"product_brand-vega","8":"product_cat-infusiones-y-tes","9":"categoria-per-dieta-ecologic","10":"categoria-per-dieta-vega","12":"first","13":"instock","14":"taxable","15":"shipping-taxable","16":"purchasable","17":"product-type-variable","18":"has-default-attributes"},"acf":[],"_links":{"self":[{"href":"https:\/\/mitjavilaslowshop.com\/es\/wp-json\/wp\/v2\/product\/72300","targetHints":{"allow":["GET"]}}],"collection":[{"href":"https:\/\/mitjavilaslowshop.com\/es\/wp-json\/wp\/v2\/product"}],"about":[{"href":"https:\/\/mitjavilaslowshop.com\/es\/wp-json\/wp\/v2\/types\/product"}],"replies":[{"embeddable":true,"href":"https:\/\/mitjavilaslowshop.com\/es\/wp-json\/wp\/v2\/comments?post=72300"}],"version-history":[{"count":6,"href":"https:\/\/mitjavilaslowshop.com\/es\/wp-json\/wp\/v2\/product\/72300\/revisions"}],"predecessor-version":[{"id":81557,"href":"https:\/\/mitjavilaslowshop.com\/es\/wp-json\/wp\/v2\/product\/72300\/revisions\/81557"}],"wp:featuredmedia":[{"embeddable":true,"href":"https:\/\/mitjavilaslowshop.com\/es\/wp-json\/wp\/v2\/media\/72301"}],"wp:attachment":[{"href":"https:\/\/mitjavilaslowshop.com\/es\/wp-json\/wp\/v2\/media?parent=72300"}],"wp:term":[{"taxonomy":"product_brand","embeddable":true,"href":"https:\/\/mitjavilaslowshop.com\/es\/wp-json\/wp\/v2\/product_brand?post=72300"},{"taxonomy":"product_cat","embeddable":true,"href":"https:\/\/mitjavilaslowshop.com\/es\/wp-json\/wp\/v2\/product_cat?post=72300"},{"taxonomy":"product_tag","embeddable":true,"href":"https:\/\/mitjavilaslowshop.com\/es\/wp-json\/wp\/v2\/product_tag?post=72300"}],"curies":[{"name":"wp","href":"https:\/\/api.w.org\/{rel}","templated":true}]}}