{"id":72296,"date":"2026-01-04T18:24:03","date_gmt":"2026-01-04T18:24:03","guid":{"rendered":"https:\/\/mitjavilaslowshop.com\/producte\/camamilla\/"},"modified":"2026-03-17T13:49:45","modified_gmt":"2026-03-17T13:49:45","slug":"manzanilla","status":"publish","type":"product","link":"https:\/\/mitjavilaslowshop.com\/es\/producte\/manzanilla\/","title":{"rendered":"MANZANILLA"},"content":{"rendered":"<p>La manzanilla es una infusi\u00f3n cl\u00e1sica reconocida por sus propiedades calmantes y digestivas. Ideal para relajarte tras un d\u00eda agotador o para aliviar molestias estomacales de manera natural. Contribuye a disminuir el estr\u00e9s, mejorar la digesti\u00f3n y promover un descanso reparador.<br \/> Prepara infusionando 2-3 g en agua a 95\u00baC durante 5-8 minutos para aprovechar su aroma y beneficios naturales.<\/p>\n","protected":false},"excerpt":{"rendered":"<p>La manzanilla es una infusi\u00f3n cl\u00e1sica reconocida por sus propiedades calmantes y digestivas. Ideal para relajarte tras un d\u00eda agotador o para aliviar molestias estomacales de manera natural. Contribuye a disminuir el estr\u00e9s, mejorar la digesti\u00f3n y promover un descanso reparador. Prepara infusionando 2-3 g en agua a 95\u00baC durante 5-8 minutos para aprovechar su aroma y beneficios naturales.<\/p>\n","protected":false},"featured_media":72297,"comment_status":"open","ping_status":"closed","template":"","meta":{"_acf_changed":false,"_joinchat":[]},"product_brand":[440,573],"product_cat":[349],"product_tag":[],"class_list":{"0":"post-72296","1":"product","2":"type-product","3":"status-publish","4":"has-post-thumbnail","6":"product_brand-ecologic","7":"product_brand-vega","8":"product_cat-infusiones-y-tes","9":"categoria-per-dieta-ecologic","10":"categoria-per-dieta-vega","12":"first","13":"instock","14":"taxable","15":"shipping-taxable","16":"purchasable","17":"product-type-variable"},"acf":[],"_links":{"self":[{"href":"https:\/\/mitjavilaslowshop.com\/es\/wp-json\/wp\/v2\/product\/72296","targetHints":{"allow":["GET"]}}],"collection":[{"href":"https:\/\/mitjavilaslowshop.com\/es\/wp-json\/wp\/v2\/product"}],"about":[{"href":"https:\/\/mitjavilaslowshop.com\/es\/wp-json\/wp\/v2\/types\/product"}],"replies":[{"embeddable":true,"href":"https:\/\/mitjavilaslowshop.com\/es\/wp-json\/wp\/v2\/comments?post=72296"}],"version-history":[{"count":6,"href":"https:\/\/mitjavilaslowshop.com\/es\/wp-json\/wp\/v2\/product\/72296\/revisions"}],"predecessor-version":[{"id":81556,"href":"https:\/\/mitjavilaslowshop.com\/es\/wp-json\/wp\/v2\/product\/72296\/revisions\/81556"}],"wp:featuredmedia":[{"embeddable":true,"href":"https:\/\/mitjavilaslowshop.com\/es\/wp-json\/wp\/v2\/media\/72297"}],"wp:attachment":[{"href":"https:\/\/mitjavilaslowshop.com\/es\/wp-json\/wp\/v2\/media?parent=72296"}],"wp:term":[{"taxonomy":"product_brand","embeddable":true,"href":"https:\/\/mitjavilaslowshop.com\/es\/wp-json\/wp\/v2\/product_brand?post=72296"},{"taxonomy":"product_cat","embeddable":true,"href":"https:\/\/mitjavilaslowshop.com\/es\/wp-json\/wp\/v2\/product_cat?post=72296"},{"taxonomy":"product_tag","embeddable":true,"href":"https:\/\/mitjavilaslowshop.com\/es\/wp-json\/wp\/v2\/product_tag?post=72296"}],"curies":[{"name":"wp","href":"https:\/\/api.w.org\/{rel}","templated":true}]}}