{"id":72284,"date":"2026-01-04T18:24:05","date_gmt":"2026-01-04T18:24:05","guid":{"rendered":"https:\/\/mitjavilaslowshop.com\/producte\/rooibos-original-supergrade\/"},"modified":"2026-03-17T13:49:44","modified_gmt":"2026-03-17T13:49:44","slug":"rooibos-original-supergrado","status":"publish","type":"product","link":"https:\/\/mitjavilaslowshop.com\/es\/producte\/rooibos-original-supergrado\/","title":{"rendered":"ROOIBOS ORIGINAL SUPERGRADO"},"content":{"rendered":"<p>El Rooibos Original Supergrade es una infusi\u00f3n natural de Sud\u00e1frica, libre de cafe\u00edna y con alto contenido en antioxidantes. Perfecto para consumir en cualquier momento del d\u00eda, ofrece un sabor suave y ligeramente dulce.<br \/> Elaborado con hojas de rooibos de calidad superior, cultivadas de forma ecol\u00f3gica, sin aditivos ni aromas artificiales.<br \/> Para preparar, infusiona 3 g en agua a 95\u00baC durante 7-10 minutos y disfruta de su sabor puro y saludable.<br \/> Origen: Sud\u00e1frica.<\/p>\n","protected":false},"excerpt":{"rendered":"<p>El Rooibos Original Supergrade es una infusi\u00f3n natural de Sud\u00e1frica, libre de cafe\u00edna y con alto contenido en antioxidantes. Perfecto para consumir en cualquier momento del d\u00eda, ofrece un sabor suave y ligeramente dulce. Elaborado con hojas de rooibos de calidad superior, cultivadas de forma ecol\u00f3gica, sin aditivos ni aromas artificiales. Para preparar, infusiona 3 g en agua a 95\u00baC durante 7-10 minutos y disfruta de su sabor puro y saludable. Origen: Sud\u00e1frica.<\/p>\n","protected":false},"featured_media":72285,"comment_status":"open","ping_status":"closed","template":"","meta":{"_acf_changed":false,"_joinchat":[]},"product_brand":[440,573],"product_cat":[349],"product_tag":[],"class_list":{"0":"post-72284","1":"product","2":"type-product","3":"status-publish","4":"has-post-thumbnail","6":"product_brand-ecologic","7":"product_brand-vega","8":"product_cat-infusiones-y-tes","9":"categoria-per-dieta-ecologic","10":"categoria-per-dieta-vega","12":"first","13":"instock","14":"taxable","15":"shipping-taxable","16":"purchasable","17":"product-type-variable"},"acf":[],"_links":{"self":[{"href":"https:\/\/mitjavilaslowshop.com\/es\/wp-json\/wp\/v2\/product\/72284","targetHints":{"allow":["GET"]}}],"collection":[{"href":"https:\/\/mitjavilaslowshop.com\/es\/wp-json\/wp\/v2\/product"}],"about":[{"href":"https:\/\/mitjavilaslowshop.com\/es\/wp-json\/wp\/v2\/types\/product"}],"replies":[{"embeddable":true,"href":"https:\/\/mitjavilaslowshop.com\/es\/wp-json\/wp\/v2\/comments?post=72284"}],"version-history":[{"count":6,"href":"https:\/\/mitjavilaslowshop.com\/es\/wp-json\/wp\/v2\/product\/72284\/revisions"}],"predecessor-version":[{"id":81553,"href":"https:\/\/mitjavilaslowshop.com\/es\/wp-json\/wp\/v2\/product\/72284\/revisions\/81553"}],"wp:featuredmedia":[{"embeddable":true,"href":"https:\/\/mitjavilaslowshop.com\/es\/wp-json\/wp\/v2\/media\/72285"}],"wp:attachment":[{"href":"https:\/\/mitjavilaslowshop.com\/es\/wp-json\/wp\/v2\/media?parent=72284"}],"wp:term":[{"taxonomy":"product_brand","embeddable":true,"href":"https:\/\/mitjavilaslowshop.com\/es\/wp-json\/wp\/v2\/product_brand?post=72284"},{"taxonomy":"product_cat","embeddable":true,"href":"https:\/\/mitjavilaslowshop.com\/es\/wp-json\/wp\/v2\/product_cat?post=72284"},{"taxonomy":"product_tag","embeddable":true,"href":"https:\/\/mitjavilaslowshop.com\/es\/wp-json\/wp\/v2\/product_tag?post=72284"}],"curies":[{"name":"wp","href":"https:\/\/api.w.org\/{rel}","templated":true}]}}