{"id":72280,"date":"2026-01-04T18:24:05","date_gmt":"2026-01-04T18:24:05","guid":{"rendered":"https:\/\/mitjavilaslowshop.com\/producte\/rooibos-estrella-dorient\/"},"modified":"2026-03-17T13:49:44","modified_gmt":"2026-03-17T13:49:44","slug":"rooibos-estrella-dorient","status":"publish","type":"product","link":"https:\/\/mitjavilaslowshop.com\/es\/producte\/rooibos-estrella-dorient\/","title":{"rendered":"ROOIBOS ESTRELLA DORIENT"},"content":{"rendered":"<p>El Rooibos Estrella de Oriente es una infusi\u00f3n exclusiva que combina el delicado sabor del rooibos con especias y frutas ex\u00f3ticas. Perfecta para momentos de relajaci\u00f3n, sin cafe\u00edna y con un perfil arom\u00e1tico complejo. Rica en antioxidantes, contribuye a hidratar y cuidar tu bienestar.<br \/> Para preparar, infusiona 3 g en agua a 95\u00baC durante 7-10 minutos y disfruta de su sabor intenso y natural.<\/p>\n<p> Ingredientes: Rooibos, trozos de manzana, canela en trozos, cilantro, an\u00eds estrellado, trozos de naranja, cardamomo, pimienta rosa, clavo y aromas.<br \/> Origen: Sud\u00e1frica<\/p>\n","protected":false},"excerpt":{"rendered":"<p>El Rooibos Estrella de Oriente es una infusi\u00f3n exclusiva que combina el delicado sabor del rooibos con especias y frutas ex\u00f3ticas. Perfecta para momentos de relajaci\u00f3n, sin cafe\u00edna y con un perfil arom\u00e1tico complejo. Rica en antioxidantes, contribuye a hidratar y cuidar tu bienestar. Para preparar, infusiona 3 g en agua a 95\u00baC durante 7-10 minutos y disfruta de su sabor intenso y natural. Ingredientes: Rooibos, trozos de manzana, canela en trozos, cilantro, an\u00eds estrellado, trozos de naranja, cardamomo, pimienta rosa, clavo y aromas. Origen: Sud\u00e1frica<\/p>\n","protected":false},"featured_media":72281,"comment_status":"open","ping_status":"closed","template":"","meta":{"_acf_changed":false,"_joinchat":[]},"product_brand":[440,573],"product_cat":[349],"product_tag":[],"class_list":{"0":"post-72280","1":"product","2":"type-product","3":"status-publish","4":"has-post-thumbnail","6":"product_brand-ecologic","7":"product_brand-vega","8":"product_cat-infusiones-y-tes","9":"categoria-per-dieta-ecologic","10":"categoria-per-dieta-vega","12":"first","13":"instock","14":"taxable","15":"shipping-taxable","16":"purchasable","17":"product-type-variable"},"acf":[],"_links":{"self":[{"href":"https:\/\/mitjavilaslowshop.com\/es\/wp-json\/wp\/v2\/product\/72280","targetHints":{"allow":["GET"]}}],"collection":[{"href":"https:\/\/mitjavilaslowshop.com\/es\/wp-json\/wp\/v2\/product"}],"about":[{"href":"https:\/\/mitjavilaslowshop.com\/es\/wp-json\/wp\/v2\/types\/product"}],"replies":[{"embeddable":true,"href":"https:\/\/mitjavilaslowshop.com\/es\/wp-json\/wp\/v2\/comments?post=72280"}],"version-history":[{"count":6,"href":"https:\/\/mitjavilaslowshop.com\/es\/wp-json\/wp\/v2\/product\/72280\/revisions"}],"predecessor-version":[{"id":81552,"href":"https:\/\/mitjavilaslowshop.com\/es\/wp-json\/wp\/v2\/product\/72280\/revisions\/81552"}],"wp:featuredmedia":[{"embeddable":true,"href":"https:\/\/mitjavilaslowshop.com\/es\/wp-json\/wp\/v2\/media\/72281"}],"wp:attachment":[{"href":"https:\/\/mitjavilaslowshop.com\/es\/wp-json\/wp\/v2\/media?parent=72280"}],"wp:term":[{"taxonomy":"product_brand","embeddable":true,"href":"https:\/\/mitjavilaslowshop.com\/es\/wp-json\/wp\/v2\/product_brand?post=72280"},{"taxonomy":"product_cat","embeddable":true,"href":"https:\/\/mitjavilaslowshop.com\/es\/wp-json\/wp\/v2\/product_cat?post=72280"},{"taxonomy":"product_tag","embeddable":true,"href":"https:\/\/mitjavilaslowshop.com\/es\/wp-json\/wp\/v2\/product_tag?post=72280"}],"curies":[{"name":"wp","href":"https:\/\/api.w.org\/{rel}","templated":true}]}}