{"id":72272,"date":"2026-01-04T18:24:06","date_gmt":"2026-01-04T18:24:06","guid":{"rendered":"https:\/\/mitjavilaslowshop.com\/producte\/te-vermell-pu-erh-eco\/"},"modified":"2026-03-17T13:49:43","modified_gmt":"2026-03-17T13:49:43","slug":"te-rojo-pu-erh-ecologico","status":"publish","type":"product","link":"https:\/\/mitjavilaslowshop.com\/es\/producte\/te-rojo-pu-erh-ecologico\/","title":{"rendered":"TE ROJO PU ERH ECOL\u00d3GICO"},"content":{"rendered":"<p>El T\u00e9 Rojo Pu Erh ECO es un t\u00e9 fermentado tradicional de China, reconocido por sus beneficios depurativos y su sabor distintivo. Perfecto para apoyar el bienestar corporal y disfrutar de una infusi\u00f3n con personalidad.<br \/> Cultivado de forma ecol\u00f3gica certificada, libre de pesticidas y aditivos, cuidando tanto el medio ambiente como tu salud.<br \/> Para preparar, infusiona 3 g en agua a 95\u00baC durante 3-5 minutos y disfruta de su sabor genuino.<br \/> Origen: China<\/p>\n","protected":false},"excerpt":{"rendered":"<p>El T\u00e9 Rojo Pu Erh ECO es un t\u00e9 fermentado tradicional de China, reconocido por sus beneficios depurativos y su sabor distintivo. Perfecto para apoyar el bienestar corporal y disfrutar de una infusi\u00f3n con personalidad. Cultivado de forma ecol\u00f3gica certificada, libre de pesticidas y aditivos, cuidando tanto el medio ambiente como tu salud. Para preparar, infusiona 3 g en agua a 95\u00baC durante 3-5 minutos y disfruta de su sabor genuino. Origen: China<\/p>\n","protected":false},"featured_media":72273,"comment_status":"open","ping_status":"closed","template":"","meta":{"_acf_changed":false,"_joinchat":[]},"product_brand":[440,573],"product_cat":[349],"product_tag":[],"class_list":{"0":"post-72272","1":"product","2":"type-product","3":"status-publish","4":"has-post-thumbnail","6":"product_brand-ecologic","7":"product_brand-vega","8":"product_cat-infusiones-y-tes","9":"categoria-per-dieta-ecologic","10":"categoria-per-dieta-vega","12":"first","13":"instock","14":"taxable","15":"shipping-taxable","16":"purchasable","17":"product-type-variable","18":"has-default-attributes"},"acf":[],"_links":{"self":[{"href":"https:\/\/mitjavilaslowshop.com\/es\/wp-json\/wp\/v2\/product\/72272","targetHints":{"allow":["GET"]}}],"collection":[{"href":"https:\/\/mitjavilaslowshop.com\/es\/wp-json\/wp\/v2\/product"}],"about":[{"href":"https:\/\/mitjavilaslowshop.com\/es\/wp-json\/wp\/v2\/types\/product"}],"replies":[{"embeddable":true,"href":"https:\/\/mitjavilaslowshop.com\/es\/wp-json\/wp\/v2\/comments?post=72272"}],"version-history":[{"count":6,"href":"https:\/\/mitjavilaslowshop.com\/es\/wp-json\/wp\/v2\/product\/72272\/revisions"}],"predecessor-version":[{"id":81550,"href":"https:\/\/mitjavilaslowshop.com\/es\/wp-json\/wp\/v2\/product\/72272\/revisions\/81550"}],"wp:featuredmedia":[{"embeddable":true,"href":"https:\/\/mitjavilaslowshop.com\/es\/wp-json\/wp\/v2\/media\/72273"}],"wp:attachment":[{"href":"https:\/\/mitjavilaslowshop.com\/es\/wp-json\/wp\/v2\/media?parent=72272"}],"wp:term":[{"taxonomy":"product_brand","embeddable":true,"href":"https:\/\/mitjavilaslowshop.com\/es\/wp-json\/wp\/v2\/product_brand?post=72272"},{"taxonomy":"product_cat","embeddable":true,"href":"https:\/\/mitjavilaslowshop.com\/es\/wp-json\/wp\/v2\/product_cat?post=72272"},{"taxonomy":"product_tag","embeddable":true,"href":"https:\/\/mitjavilaslowshop.com\/es\/wp-json\/wp\/v2\/product_tag?post=72272"}],"curies":[{"name":"wp","href":"https:\/\/api.w.org\/{rel}","templated":true}]}}