{"id":72260,"date":"2026-01-04T18:24:08","date_gmt":"2026-01-04T18:24:08","guid":{"rendered":"https:\/\/mitjavilaslowshop.com\/producte\/te-blau-oolong-flor-dasia\/"},"modified":"2026-03-17T15:30:48","modified_gmt":"2026-03-17T15:30:48","slug":"te-azul-oolong-flor-de-asia","status":"publish","type":"product","link":"https:\/\/mitjavilaslowshop.com\/es\/producte\/te-azul-oolong-flor-de-asia\/","title":{"rendered":"T\u00c9 AZUL OOLONG FLOR DE ASIA"},"content":{"rendered":"<p>El T\u00e9 Azul Oolong Flor de Asia es una infusi\u00f3n \u00fanica que combina la suavidad del t\u00e9 oolong con el toque floral oriental. Ideal para los amantes de los sabores delicados y sofisticados. Rico en antioxidantes, ayuda a mejorar la digesti\u00f3n, reducir el estr\u00e9s y cuidar a tu organismo.<br \/>\nInfusiona 2-3 g en agua a 85 \u00ba C durante 3-4 minutos para disfrutar de su sabor aut\u00e9ntico y arom\u00e1tico.<br \/>\nOrigen: Alemania<\/p>\n","protected":false},"excerpt":{"rendered":"<p>El T\u00e9 Azul Oolong Flor de Asia es una infusi\u00f3n \u00fanica que combina la suavidad del t\u00e9 oolong con el toque floral oriental. Ideal para los amantes de los sabores delicados y sofisticados. Rico en antioxidantes, ayuda a mejorar la digesti\u00f3n, reducir el estr\u00e9s y cuidar a tu organismo.<br \/>\nInfusiona 2-3 g en agua a 85 \u00ba C durante 3-4 minutos para disfrutar de su sabor aut\u00e9ntico y arom\u00e1tico.<br \/>\nOrigen: Alemania<\/p>\n","protected":false},"featured_media":72261,"comment_status":"open","ping_status":"closed","template":"","meta":{"_acf_changed":false,"_joinchat":[]},"product_brand":[440,573],"product_cat":[349],"product_tag":[],"class_list":{"0":"post-72260","1":"product","2":"type-product","3":"status-publish","4":"has-post-thumbnail","6":"product_brand-ecologic","7":"product_brand-vega","8":"product_cat-infusiones-y-tes","9":"categoria-per-dieta-ecologic","10":"categoria-per-dieta-vega","12":"first","13":"instock","14":"taxable","15":"shipping-taxable","16":"purchasable","17":"product-type-variable"},"acf":[],"_links":{"self":[{"href":"https:\/\/mitjavilaslowshop.com\/es\/wp-json\/wp\/v2\/product\/72260","targetHints":{"allow":["GET"]}}],"collection":[{"href":"https:\/\/mitjavilaslowshop.com\/es\/wp-json\/wp\/v2\/product"}],"about":[{"href":"https:\/\/mitjavilaslowshop.com\/es\/wp-json\/wp\/v2\/types\/product"}],"replies":[{"embeddable":true,"href":"https:\/\/mitjavilaslowshop.com\/es\/wp-json\/wp\/v2\/comments?post=72260"}],"version-history":[{"count":9,"href":"https:\/\/mitjavilaslowshop.com\/es\/wp-json\/wp\/v2\/product\/72260\/revisions"}],"predecessor-version":[{"id":82224,"href":"https:\/\/mitjavilaslowshop.com\/es\/wp-json\/wp\/v2\/product\/72260\/revisions\/82224"}],"wp:featuredmedia":[{"embeddable":true,"href":"https:\/\/mitjavilaslowshop.com\/es\/wp-json\/wp\/v2\/media\/72261"}],"wp:attachment":[{"href":"https:\/\/mitjavilaslowshop.com\/es\/wp-json\/wp\/v2\/media?parent=72260"}],"wp:term":[{"taxonomy":"product_brand","embeddable":true,"href":"https:\/\/mitjavilaslowshop.com\/es\/wp-json\/wp\/v2\/product_brand?post=72260"},{"taxonomy":"product_cat","embeddable":true,"href":"https:\/\/mitjavilaslowshop.com\/es\/wp-json\/wp\/v2\/product_cat?post=72260"},{"taxonomy":"product_tag","embeddable":true,"href":"https:\/\/mitjavilaslowshop.com\/es\/wp-json\/wp\/v2\/product_tag?post=72260"}],"curies":[{"name":"wp","href":"https:\/\/api.w.org\/{rel}","templated":true}]}}