{"id":72252,"date":"2026-01-04T18:24:09","date_gmt":"2026-01-04T18:24:09","guid":{"rendered":"https:\/\/mitjavilaslowshop.com\/producte\/te-blanc-ruta-de-la-seda\/"},"modified":"2026-03-17T14:38:45","modified_gmt":"2026-03-17T14:38:45","slug":"te-blanco-ruta-de-la-seda","status":"publish","type":"product","link":"https:\/\/mitjavilaslowshop.com\/es\/producte\/te-blanco-ruta-de-la-seda\/","title":{"rendered":"TE BLANCO RUTA DE LA SEDA"},"content":{"rendered":"<p>El Te Blanco Ruta de la Seda es una infusi\u00f3n exclusiva que combina la delicadeza del t\u00e9 blanco con notas florales y afrutadas inspiradas en la m\u00edtica ruta comercial asi\u00e1tica. Ideal para los amantes de los sabores suaves y sofisticados. Rico en antioxidantes naturales, ayuda a cuidar la piel, reforzar el sistema inmunitario y favorecer la calma.<br \/>\nContiene: T\u00e9 blanco Pai Mu Tan, trozos de papaya, trozos de manzana, moras, flores de jazm\u00edn, flores de cal\u00e9ndula y de aciano, y aroma de moras.<br \/>\nInfusiona 2-3 g en agua a 80 \u00ba C durante 3-5 minutos para disfrutar de su sabor delicado y arom\u00e1tico.<br \/>\nOrigen: Alemania<\/p>\n","protected":false},"excerpt":{"rendered":"<p>El Te Blanco Ruta de la Seda es una infusi\u00f3n exclusiva que combina la delicadeza del t\u00e9 blanco con notas florales y afrutadas inspiradas en la m\u00edtica ruta comercial asi\u00e1tica. Ideal para los amantes de los sabores suaves y sofisticados. Rico en antioxidantes naturales, ayuda a cuidar la piel, reforzar el sistema inmunitario y favorecer la calma.<br \/>\nContiene: T\u00e9 blanco Pai Mu Tan, trozos de papaya, trozos de manzana, moras, flores de jazm\u00edn, flores de cal\u00e9ndula y de aciano, y aroma de moras.<br \/>\nInfusiona 2-3 g en agua a 80 \u00ba C durante 3-5 minutos para disfrutar de su sabor delicado y arom\u00e1tico.<br \/>\nOrigen: Alemania<\/p>\n","protected":false},"featured_media":72253,"comment_status":"open","ping_status":"closed","template":"","meta":{"_acf_changed":false,"_joinchat":[]},"product_brand":[440,573],"product_cat":[349],"product_tag":[],"class_list":{"0":"post-72252","1":"product","2":"type-product","3":"status-publish","4":"has-post-thumbnail","6":"product_brand-ecologic","7":"product_brand-vega","8":"product_cat-infusiones-y-tes","9":"categoria-per-dieta-ecologic","10":"categoria-per-dieta-vega","12":"first","13":"instock","14":"taxable","15":"shipping-taxable","16":"purchasable","17":"product-type-variable"},"acf":[],"_links":{"self":[{"href":"https:\/\/mitjavilaslowshop.com\/es\/wp-json\/wp\/v2\/product\/72252","targetHints":{"allow":["GET"]}}],"collection":[{"href":"https:\/\/mitjavilaslowshop.com\/es\/wp-json\/wp\/v2\/product"}],"about":[{"href":"https:\/\/mitjavilaslowshop.com\/es\/wp-json\/wp\/v2\/types\/product"}],"replies":[{"embeddable":true,"href":"https:\/\/mitjavilaslowshop.com\/es\/wp-json\/wp\/v2\/comments?post=72252"}],"version-history":[{"count":9,"href":"https:\/\/mitjavilaslowshop.com\/es\/wp-json\/wp\/v2\/product\/72252\/revisions"}],"predecessor-version":[{"id":82184,"href":"https:\/\/mitjavilaslowshop.com\/es\/wp-json\/wp\/v2\/product\/72252\/revisions\/82184"}],"wp:featuredmedia":[{"embeddable":true,"href":"https:\/\/mitjavilaslowshop.com\/es\/wp-json\/wp\/v2\/media\/72253"}],"wp:attachment":[{"href":"https:\/\/mitjavilaslowshop.com\/es\/wp-json\/wp\/v2\/media?parent=72252"}],"wp:term":[{"taxonomy":"product_brand","embeddable":true,"href":"https:\/\/mitjavilaslowshop.com\/es\/wp-json\/wp\/v2\/product_brand?post=72252"},{"taxonomy":"product_cat","embeddable":true,"href":"https:\/\/mitjavilaslowshop.com\/es\/wp-json\/wp\/v2\/product_cat?post=72252"},{"taxonomy":"product_tag","embeddable":true,"href":"https:\/\/mitjavilaslowshop.com\/es\/wp-json\/wp\/v2\/product_tag?post=72252"}],"curies":[{"name":"wp","href":"https:\/\/api.w.org\/{rel}","templated":true}]}}