{"id":72240,"date":"2026-01-04T18:24:11","date_gmt":"2026-01-04T18:24:11","guid":{"rendered":"https:\/\/mitjavilaslowshop.com\/producte\/yoga-tea-ayurveda\/"},"modified":"2026-04-05T02:00:53","modified_gmt":"2026-04-05T02:00:53","slug":"yoga-tea-ayurveda","status":"publish","type":"product","link":"https:\/\/mitjavilaslowshop.com\/es\/producte\/yoga-tea-ayurveda\/","title":{"rendered":"YOGA TEA AYURVEDA"},"content":{"rendered":"<p>TROSSOS DE CANYELLA, TROSSOS DE GINGEBRE, FULLES DORTIGA, CLAU, FULLES DE ZARZAMORA, LLAVORS DE CARDAMOM, PEBRE BLANC<\/p>\n","protected":false},"excerpt":{"rendered":"<p>El Yoga Tea Ayurveda \u00e9s una infusi\u00f3 inspirada en la saviesa ancestral de l\u2019Ayurveda. Elaborada amb una combinaci\u00f3 \u00fanica d\u2019esp\u00e8cies i plantes arom\u00e0tiques, \u00e9s perfecta per harmonitzar cos i ment, aportant energia i calma alhora.<br \/>\nCont\u00e9: Canyella, trossos de gingebre, fulles d&#8217;ortiga, clau, fulles de mora, pebre blanc i cardamom.<br \/>\n Infusiona 3 g en aigua a 95\u00baC durant 7-10 minuts per gaudir del seu sabor intens i arom\u00e0tic.<br \/>\nOrigen: Alemania<\/p>\n","protected":false},"featured_media":72241,"comment_status":"open","ping_status":"closed","template":"","meta":{"_acf_changed":false,"_joinchat":[]},"product_brand":[440,573],"product_cat":[349],"product_tag":[],"class_list":{"0":"post-72240","1":"product","2":"type-product","3":"status-publish","4":"has-post-thumbnail","6":"product_brand-ecologic","7":"product_brand-vega","8":"product_cat-infusiones-y-tes","9":"categoria-per-dieta-ecologic","10":"categoria-per-dieta-vega","12":"first","13":"instock","14":"taxable","15":"shipping-taxable","16":"purchasable","17":"product-type-variable"},"acf":[],"_links":{"self":[{"href":"https:\/\/mitjavilaslowshop.com\/es\/wp-json\/wp\/v2\/product\/72240","targetHints":{"allow":["GET"]}}],"collection":[{"href":"https:\/\/mitjavilaslowshop.com\/es\/wp-json\/wp\/v2\/product"}],"about":[{"href":"https:\/\/mitjavilaslowshop.com\/es\/wp-json\/wp\/v2\/types\/product"}],"replies":[{"embeddable":true,"href":"https:\/\/mitjavilaslowshop.com\/es\/wp-json\/wp\/v2\/comments?post=72240"}],"version-history":[{"count":8,"href":"https:\/\/mitjavilaslowshop.com\/es\/wp-json\/wp\/v2\/product\/72240\/revisions"}],"predecessor-version":[{"id":89847,"href":"https:\/\/mitjavilaslowshop.com\/es\/wp-json\/wp\/v2\/product\/72240\/revisions\/89847"}],"wp:featuredmedia":[{"embeddable":true,"href":"https:\/\/mitjavilaslowshop.com\/es\/wp-json\/wp\/v2\/media\/72241"}],"wp:attachment":[{"href":"https:\/\/mitjavilaslowshop.com\/es\/wp-json\/wp\/v2\/media?parent=72240"}],"wp:term":[{"taxonomy":"product_brand","embeddable":true,"href":"https:\/\/mitjavilaslowshop.com\/es\/wp-json\/wp\/v2\/product_brand?post=72240"},{"taxonomy":"product_cat","embeddable":true,"href":"https:\/\/mitjavilaslowshop.com\/es\/wp-json\/wp\/v2\/product_cat?post=72240"},{"taxonomy":"product_tag","embeddable":true,"href":"https:\/\/mitjavilaslowshop.com\/es\/wp-json\/wp\/v2\/product_tag?post=72240"}],"curies":[{"name":"wp","href":"https:\/\/api.w.org\/{rel}","templated":true}]}}