{"id":72236,"date":"2026-01-04T18:24:11","date_gmt":"2026-01-04T18:24:11","guid":{"rendered":"https:\/\/mitjavilaslowshop.com\/producte\/infusio-relaxant\/"},"modified":"2026-04-05T02:00:53","modified_gmt":"2026-04-05T02:00:53","slug":"infusio-relaxant","status":"publish","type":"product","link":"https:\/\/mitjavilaslowshop.com\/es\/producte\/infusio-relaxant\/","title":{"rendered":"INFUSIO RELAXANT"},"content":{"rendered":"<p>FULLES DE MORA, MENTA PIPERITA, MELISA, CAMAMILLA, FULLES DE MADUIXA, LEMONGRASS, ESP&Iacute;GOL, P&Egrave;TALS DE ROSA, FLORS DE CAL&Egrave;NDULA<\/p>\n","protected":false},"excerpt":{"rendered":"<p>Gaudeix d\u2019una barreja suau i arom\u00e0tica amb la Infusi\u00f3 Relaxant, ideal per reduir l\u2019estr\u00e8s i afavorir el descans. Elaborada amb plantes seleccionades per les seves propietats calmants, \u00e9s perfecta per a moments de tranquil\u00b7litat.<br \/>\nCont\u00e9: Fulles de mora, menta, melissa, camamilla, fulles de maduixa, lemongrass, lavanda, p\u00e8tals de rosa i flors de cal\u00e8ndula.<br \/>\nInfusiona 3 g en aigua a 95\u00baC durant 8-10 minuts per gaudir del seu efecte relaxant i sabor natural.<br \/>\nOrigen: Alemania<\/p>\n","protected":false},"featured_media":72237,"comment_status":"open","ping_status":"closed","template":"","meta":{"_acf_changed":false,"_joinchat":[]},"product_brand":[440,573],"product_cat":[349],"product_tag":[],"class_list":{"0":"post-72236","1":"product","2":"type-product","3":"status-publish","4":"has-post-thumbnail","6":"product_brand-ecologic","7":"product_brand-vega","8":"product_cat-infusiones-y-tes","9":"categoria-per-dieta-ecologic","10":"categoria-per-dieta-vega","12":"first","13":"instock","14":"taxable","15":"shipping-taxable","16":"purchasable","17":"product-type-variable"},"acf":[],"_links":{"self":[{"href":"https:\/\/mitjavilaslowshop.com\/es\/wp-json\/wp\/v2\/product\/72236","targetHints":{"allow":["GET"]}}],"collection":[{"href":"https:\/\/mitjavilaslowshop.com\/es\/wp-json\/wp\/v2\/product"}],"about":[{"href":"https:\/\/mitjavilaslowshop.com\/es\/wp-json\/wp\/v2\/types\/product"}],"replies":[{"embeddable":true,"href":"https:\/\/mitjavilaslowshop.com\/es\/wp-json\/wp\/v2\/comments?post=72236"}],"version-history":[{"count":8,"href":"https:\/\/mitjavilaslowshop.com\/es\/wp-json\/wp\/v2\/product\/72236\/revisions"}],"predecessor-version":[{"id":89844,"href":"https:\/\/mitjavilaslowshop.com\/es\/wp-json\/wp\/v2\/product\/72236\/revisions\/89844"}],"wp:featuredmedia":[{"embeddable":true,"href":"https:\/\/mitjavilaslowshop.com\/es\/wp-json\/wp\/v2\/media\/72237"}],"wp:attachment":[{"href":"https:\/\/mitjavilaslowshop.com\/es\/wp-json\/wp\/v2\/media?parent=72236"}],"wp:term":[{"taxonomy":"product_brand","embeddable":true,"href":"https:\/\/mitjavilaslowshop.com\/es\/wp-json\/wp\/v2\/product_brand?post=72236"},{"taxonomy":"product_cat","embeddable":true,"href":"https:\/\/mitjavilaslowshop.com\/es\/wp-json\/wp\/v2\/product_cat?post=72236"},{"taxonomy":"product_tag","embeddable":true,"href":"https:\/\/mitjavilaslowshop.com\/es\/wp-json\/wp\/v2\/product_tag?post=72236"}],"curies":[{"name":"wp","href":"https:\/\/api.w.org\/{rel}","templated":true}]}}