{"id":72232,"date":"2026-01-04T18:24:12","date_gmt":"2026-01-04T18:24:12","guid":{"rendered":"https:\/\/mitjavilaslowshop.com\/producte\/infusio-mandarina-gingebre\/"},"modified":"2026-04-05T02:00:54","modified_gmt":"2026-04-05T02:00:54","slug":"infusio-mandarina-gingebre","status":"publish","type":"product","link":"https:\/\/mitjavilaslowshop.com\/es\/producte\/infusio-mandarina-gingebre\/","title":{"rendered":"INFUSIO MANDARINA GINGEBRE"},"content":{"rendered":"<p>TROSSOS DE POMA CIDA, DE PERA AROMATITZATS, DE DTIL, DE FIGA, DE TARONJA, GINGEBRE CONFITAT, GRNULS DE MANDARINA, AROMES<\/p>\n","protected":false},"excerpt":{"rendered":"<p>Gaudeix de la combinaci\u00f3 perfecta entre la dol\u00e7or refrescant de la mandarina i el toc picant del gingebre. Una infusi\u00f3 arom\u00e0tica, energitzant i 100% natural, ideal per revitalitzar-te en qualsevol moment del dia. Ajuda a refor\u00e7ar les defenses, millorar la digesti\u00f3 i aportar energia de forma natural.<br \/>\nCont\u00e9: Trossos de poma, trossos de pera, daus de d\u00e0til, trossos de taronja, gingebre confitat, gr\u00e0nuls de mandarina i taronja i aromes.<br \/>\nInfusiona 3 g en aigua a 95\u00baC durant 7-10 minuts per gaudir del seu sabor intens i saludable.<br \/>\nOrigen: Alemania<\/p>\n","protected":false},"featured_media":72233,"comment_status":"open","ping_status":"closed","template":"","meta":{"_acf_changed":false,"_joinchat":[]},"product_brand":[440,573],"product_cat":[349],"product_tag":[],"class_list":{"0":"post-72232","1":"product","2":"type-product","3":"status-publish","4":"has-post-thumbnail","6":"product_brand-ecologic","7":"product_brand-vega","8":"product_cat-infusiones-y-tes","9":"categoria-per-dieta-ecologic","10":"categoria-per-dieta-vega","12":"first","13":"instock","14":"taxable","15":"shipping-taxable","16":"purchasable","17":"product-type-variable"},"acf":[],"_links":{"self":[{"href":"https:\/\/mitjavilaslowshop.com\/es\/wp-json\/wp\/v2\/product\/72232","targetHints":{"allow":["GET"]}}],"collection":[{"href":"https:\/\/mitjavilaslowshop.com\/es\/wp-json\/wp\/v2\/product"}],"about":[{"href":"https:\/\/mitjavilaslowshop.com\/es\/wp-json\/wp\/v2\/types\/product"}],"replies":[{"embeddable":true,"href":"https:\/\/mitjavilaslowshop.com\/es\/wp-json\/wp\/v2\/comments?post=72232"}],"version-history":[{"count":9,"href":"https:\/\/mitjavilaslowshop.com\/es\/wp-json\/wp\/v2\/product\/72232\/revisions"}],"predecessor-version":[{"id":89850,"href":"https:\/\/mitjavilaslowshop.com\/es\/wp-json\/wp\/v2\/product\/72232\/revisions\/89850"}],"wp:featuredmedia":[{"embeddable":true,"href":"https:\/\/mitjavilaslowshop.com\/es\/wp-json\/wp\/v2\/media\/72233"}],"wp:attachment":[{"href":"https:\/\/mitjavilaslowshop.com\/es\/wp-json\/wp\/v2\/media?parent=72232"}],"wp:term":[{"taxonomy":"product_brand","embeddable":true,"href":"https:\/\/mitjavilaslowshop.com\/es\/wp-json\/wp\/v2\/product_brand?post=72232"},{"taxonomy":"product_cat","embeddable":true,"href":"https:\/\/mitjavilaslowshop.com\/es\/wp-json\/wp\/v2\/product_cat?post=72232"},{"taxonomy":"product_tag","embeddable":true,"href":"https:\/\/mitjavilaslowshop.com\/es\/wp-json\/wp\/v2\/product_tag?post=72232"}],"curies":[{"name":"wp","href":"https:\/\/api.w.org\/{rel}","templated":true}]}}