{"id":72220,"date":"2026-01-04T18:24:14","date_gmt":"2026-01-04T18:24:14","guid":{"rendered":"https:\/\/mitjavilaslowshop.com\/producte\/cafe-descafeinat-eco\/"},"modified":"2026-03-17T13:49:37","modified_gmt":"2026-03-17T13:49:37","slug":"cafe-descalcinado-ecologico","status":"publish","type":"product","link":"https:\/\/mitjavilaslowshop.com\/es\/producte\/cafe-descalcinado-ecologico\/","title":{"rendered":"CAF\u00c9 DESCALCINADO ECOL\u00d3GICO"},"content":{"rendered":"<p>Caf\u00e9 descafeinado ecol\u00f3gico elaborado con granos 100% naturales de cultivo sostenible. Tostado lentamente para mantener su aroma aut\u00e9ntico y sabor equilibrado, ideal para quienes buscan disfrutar de una taza de caf\u00e9 sin cafe\u00edna pero con m\u00e1xima calidad.<\/p>\n","protected":false},"excerpt":{"rendered":"<p>Caf\u00e9 descafeinado ecol\u00f3gico elaborado con granos 100% naturales de cultivo sostenible. Tostado lentamente para mantener su aroma aut\u00e9ntico y sabor equilibrado, ideal para quienes buscan disfrutar de una taza de caf\u00e9 sin cafe\u00edna pero con m\u00e1xima calidad.<\/p>\n","protected":false},"featured_media":72221,"comment_status":"open","ping_status":"closed","template":"","meta":{"_acf_changed":false,"_joinchat":[]},"product_brand":[440],"product_cat":[333],"product_tag":[],"class_list":{"0":"post-72220","1":"product","2":"type-product","3":"status-publish","4":"has-post-thumbnail","6":"product_brand-ecologic","7":"product_cat-cafe","8":"categoria-per-dieta-ecologic","10":"first","11":"instock","12":"taxable","13":"shipping-taxable","14":"purchasable","15":"product-type-variable","16":"has-default-attributes"},"acf":[],"_links":{"self":[{"href":"https:\/\/mitjavilaslowshop.com\/es\/wp-json\/wp\/v2\/product\/72220","targetHints":{"allow":["GET"]}}],"collection":[{"href":"https:\/\/mitjavilaslowshop.com\/es\/wp-json\/wp\/v2\/product"}],"about":[{"href":"https:\/\/mitjavilaslowshop.com\/es\/wp-json\/wp\/v2\/types\/product"}],"replies":[{"embeddable":true,"href":"https:\/\/mitjavilaslowshop.com\/es\/wp-json\/wp\/v2\/comments?post=72220"}],"version-history":[{"count":6,"href":"https:\/\/mitjavilaslowshop.com\/es\/wp-json\/wp\/v2\/product\/72220\/revisions"}],"predecessor-version":[{"id":81537,"href":"https:\/\/mitjavilaslowshop.com\/es\/wp-json\/wp\/v2\/product\/72220\/revisions\/81537"}],"wp:featuredmedia":[{"embeddable":true,"href":"https:\/\/mitjavilaslowshop.com\/es\/wp-json\/wp\/v2\/media\/72221"}],"wp:attachment":[{"href":"https:\/\/mitjavilaslowshop.com\/es\/wp-json\/wp\/v2\/media?parent=72220"}],"wp:term":[{"taxonomy":"product_brand","embeddable":true,"href":"https:\/\/mitjavilaslowshop.com\/es\/wp-json\/wp\/v2\/product_brand?post=72220"},{"taxonomy":"product_cat","embeddable":true,"href":"https:\/\/mitjavilaslowshop.com\/es\/wp-json\/wp\/v2\/product_cat?post=72220"},{"taxonomy":"product_tag","embeddable":true,"href":"https:\/\/mitjavilaslowshop.com\/es\/wp-json\/wp\/v2\/product_tag?post=72220"}],"curies":[{"name":"wp","href":"https:\/\/api.w.org\/{rel}","templated":true}]}}