{"id":72176,"date":"2026-01-04T18:24:20","date_gmt":"2026-01-04T18:24:20","guid":{"rendered":"https:\/\/mitjavilaslowshop.com\/producte\/fonoll\/"},"modified":"2026-04-05T02:00:56","modified_gmt":"2026-04-05T02:00:56","slug":"fonoll","status":"publish","type":"product","link":"https:\/\/mitjavilaslowshop.com\/es\/producte\/fonoll\/","title":{"rendered":"FONOLL"},"content":{"rendered":"<p>El fonoll sec \u00e9s una herba arom\u00e0tica imprescindible per donar un toc especial a les teves receptes. Afegeix-lo a peixos, carns, sopes, guisats i infusions per potenciar el sabor fresc i lleugerament dol\u00e7 caracter\u00edstic del fonoll. Perfecte per combinar amb altres herbes arom\u00e0tiques.<br \/>\nOrigen: nacional<\/p>\n","protected":false},"excerpt":{"rendered":"<p>El fonoll sec \u00e9s una herba arom\u00e0tica imprescindible per donar un toc especial a les teves receptes. Afegeix-lo a peixos, carns, sopes, guisats i infusions per potenciar el sabor fresc i lleugerament dol\u00e7 caracter\u00edstic del fonoll. Perfecte per combinar amb altres herbes arom\u00e0tiques.<br \/>\nOrigen: nacional<\/p>\n","protected":false},"featured_media":72177,"comment_status":"open","ping_status":"closed","template":"","meta":{"_acf_changed":false,"_joinchat":[]},"product_brand":[],"product_cat":[331],"product_tag":[],"class_list":{"0":"post-72176","1":"product","2":"type-product","3":"status-publish","4":"has-post-thumbnail","6":"product_cat-hierbas","8":"first","9":"instock","10":"taxable","11":"shipping-taxable","12":"purchasable","13":"product-type-variable"},"acf":[],"_links":{"self":[{"href":"https:\/\/mitjavilaslowshop.com\/es\/wp-json\/wp\/v2\/product\/72176","targetHints":{"allow":["GET"]}}],"collection":[{"href":"https:\/\/mitjavilaslowshop.com\/es\/wp-json\/wp\/v2\/product"}],"about":[{"href":"https:\/\/mitjavilaslowshop.com\/es\/wp-json\/wp\/v2\/types\/product"}],"replies":[{"embeddable":true,"href":"https:\/\/mitjavilaslowshop.com\/es\/wp-json\/wp\/v2\/comments?post=72176"}],"version-history":[{"count":5,"href":"https:\/\/mitjavilaslowshop.com\/es\/wp-json\/wp\/v2\/product\/72176\/revisions"}],"predecessor-version":[{"id":87526,"href":"https:\/\/mitjavilaslowshop.com\/es\/wp-json\/wp\/v2\/product\/72176\/revisions\/87526"}],"wp:featuredmedia":[{"embeddable":true,"href":"https:\/\/mitjavilaslowshop.com\/es\/wp-json\/wp\/v2\/media\/72177"}],"wp:attachment":[{"href":"https:\/\/mitjavilaslowshop.com\/es\/wp-json\/wp\/v2\/media?parent=72176"}],"wp:term":[{"taxonomy":"product_brand","embeddable":true,"href":"https:\/\/mitjavilaslowshop.com\/es\/wp-json\/wp\/v2\/product_brand?post=72176"},{"taxonomy":"product_cat","embeddable":true,"href":"https:\/\/mitjavilaslowshop.com\/es\/wp-json\/wp\/v2\/product_cat?post=72176"},{"taxonomy":"product_tag","embeddable":true,"href":"https:\/\/mitjavilaslowshop.com\/es\/wp-json\/wp\/v2\/product_tag?post=72176"}],"curies":[{"name":"wp","href":"https:\/\/api.w.org\/{rel}","templated":true}]}}