{"id":72172,"date":"2026-01-04T18:24:20","date_gmt":"2026-01-04T18:24:20","guid":{"rendered":"https:\/\/mitjavilaslowshop.com\/producte\/alfabrega\/"},"modified":"2026-03-17T13:49:32","modified_gmt":"2026-03-17T13:49:32","slug":"albahaca","status":"publish","type":"product","link":"https:\/\/mitjavilaslowshop.com\/es\/producte\/albahaca\/","title":{"rendered":"ALBAHACA"},"content":{"rendered":"<p>La albahaca seca es la mejor opci\u00f3n para mantener el aut\u00e9ntico sabor mediterr\u00e1neo todo el a\u00f1o. Esta hierba arom\u00e1tica aporta un toque especial a tus platos. \u00dasala en pizzas, pastas, salsas, guisos y ensaladas para intensificar el sabor mediterr\u00e1neo. Perfecta para combinar con tomate, aceite de oliva y ajo.<br \/> Origen: Nacional<\/p>\n","protected":false},"excerpt":{"rendered":"<p>La albahaca seca es la mejor opci\u00f3n para mantener el aut\u00e9ntico sabor mediterr\u00e1neo todo el a\u00f1o. Esta hierba arom\u00e1tica aporta un toque especial a tus platos. \u00dasala en pizzas, pastas, salsas, guisos y ensaladas para intensificar el sabor mediterr\u00e1neo. Perfecta para combinar con tomate, aceite de oliva y ajo. Origen: Nacional<\/p>\n","protected":false},"featured_media":72173,"comment_status":"open","ping_status":"closed","template":"","meta":{"_acf_changed":false,"_joinchat":[]},"product_brand":[],"product_cat":[331],"product_tag":[],"class_list":{"0":"post-72172","1":"product","2":"type-product","3":"status-publish","4":"has-post-thumbnail","6":"product_cat-hierbas","8":"first","9":"instock","10":"taxable","11":"shipping-taxable","12":"purchasable","13":"product-type-variable","14":"has-default-attributes"},"acf":[],"_links":{"self":[{"href":"https:\/\/mitjavilaslowshop.com\/es\/wp-json\/wp\/v2\/product\/72172","targetHints":{"allow":["GET"]}}],"collection":[{"href":"https:\/\/mitjavilaslowshop.com\/es\/wp-json\/wp\/v2\/product"}],"about":[{"href":"https:\/\/mitjavilaslowshop.com\/es\/wp-json\/wp\/v2\/types\/product"}],"replies":[{"embeddable":true,"href":"https:\/\/mitjavilaslowshop.com\/es\/wp-json\/wp\/v2\/comments?post=72172"}],"version-history":[{"count":4,"href":"https:\/\/mitjavilaslowshop.com\/es\/wp-json\/wp\/v2\/product\/72172\/revisions"}],"predecessor-version":[{"id":79152,"href":"https:\/\/mitjavilaslowshop.com\/es\/wp-json\/wp\/v2\/product\/72172\/revisions\/79152"}],"wp:featuredmedia":[{"embeddable":true,"href":"https:\/\/mitjavilaslowshop.com\/es\/wp-json\/wp\/v2\/media\/72173"}],"wp:attachment":[{"href":"https:\/\/mitjavilaslowshop.com\/es\/wp-json\/wp\/v2\/media?parent=72172"}],"wp:term":[{"taxonomy":"product_brand","embeddable":true,"href":"https:\/\/mitjavilaslowshop.com\/es\/wp-json\/wp\/v2\/product_brand?post=72172"},{"taxonomy":"product_cat","embeddable":true,"href":"https:\/\/mitjavilaslowshop.com\/es\/wp-json\/wp\/v2\/product_cat?post=72172"},{"taxonomy":"product_tag","embeddable":true,"href":"https:\/\/mitjavilaslowshop.com\/es\/wp-json\/wp\/v2\/product_tag?post=72172"}],"curies":[{"name":"wp","href":"https:\/\/api.w.org\/{rel}","templated":true}]}}