{"id":72164,"date":"2026-01-04T18:24:21","date_gmt":"2026-01-04T18:24:21","guid":{"rendered":"https:\/\/mitjavilaslowshop.com\/producte\/anet-gra\/"},"modified":"2026-03-29T09:14:46","modified_gmt":"2026-03-29T09:14:46","slug":"anet-gra","status":"publish","type":"product","link":"https:\/\/mitjavilaslowshop.com\/es\/producte\/anet-gra\/","title":{"rendered":"ENELDO GRANO"},"content":{"rendered":"<p>El eneldo en grano es una especia arom\u00e1tica perfecta para dar un sabor fresco y ligeramente dulce a tus platos mediterr\u00e1neos. Ideal para pescados, mariscos, ensaladas, salsas, escabeches e infusiones. Agr\u00e9galo durante la cocci\u00f3n o al final para realzar su aroma distintivo.<br \/>Origen: Egipto<\/p>\n","protected":false},"excerpt":{"rendered":"<p>El eneldo en grano es una especia arom\u00e1tica perfecta para dar un sabor fresco y ligeramente dulce a tus platos mediterr\u00e1neos. Ideal para pescados, mariscos, ensaladas, salsas, escabeches e infusiones. Agr\u00e9galo durante la cocci\u00f3n o al final para realzar su aroma distintivo.Origen: Egipto<\/p>\n","protected":false},"featured_media":72165,"comment_status":"open","ping_status":"closed","template":"","meta":{"_acf_changed":false,"_joinchat":[]},"product_brand":[],"product_cat":[331],"product_tag":[],"class_list":{"0":"post-72164","1":"product","2":"type-product","3":"status-publish","4":"has-post-thumbnail","6":"product_cat-hierbas","8":"first","9":"instock","10":"taxable","11":"shipping-taxable","12":"purchasable","13":"product-type-variable"},"acf":[],"_links":{"self":[{"href":"https:\/\/mitjavilaslowshop.com\/es\/wp-json\/wp\/v2\/product\/72164","targetHints":{"allow":["GET"]}}],"collection":[{"href":"https:\/\/mitjavilaslowshop.com\/es\/wp-json\/wp\/v2\/product"}],"about":[{"href":"https:\/\/mitjavilaslowshop.com\/es\/wp-json\/wp\/v2\/types\/product"}],"replies":[{"embeddable":true,"href":"https:\/\/mitjavilaslowshop.com\/es\/wp-json\/wp\/v2\/comments?post=72164"}],"version-history":[{"count":5,"href":"https:\/\/mitjavilaslowshop.com\/es\/wp-json\/wp\/v2\/product\/72164\/revisions"}],"predecessor-version":[{"id":87585,"href":"https:\/\/mitjavilaslowshop.com\/es\/wp-json\/wp\/v2\/product\/72164\/revisions\/87585"}],"wp:featuredmedia":[{"embeddable":true,"href":"https:\/\/mitjavilaslowshop.com\/es\/wp-json\/wp\/v2\/media\/72165"}],"wp:attachment":[{"href":"https:\/\/mitjavilaslowshop.com\/es\/wp-json\/wp\/v2\/media?parent=72164"}],"wp:term":[{"taxonomy":"product_brand","embeddable":true,"href":"https:\/\/mitjavilaslowshop.com\/es\/wp-json\/wp\/v2\/product_brand?post=72164"},{"taxonomy":"product_cat","embeddable":true,"href":"https:\/\/mitjavilaslowshop.com\/es\/wp-json\/wp\/v2\/product_cat?post=72164"},{"taxonomy":"product_tag","embeddable":true,"href":"https:\/\/mitjavilaslowshop.com\/es\/wp-json\/wp\/v2\/product_tag?post=72164"}],"curies":[{"name":"wp","href":"https:\/\/api.w.org\/{rel}","templated":true}]}}