{"id":72160,"date":"2026-01-04T18:24:22","date_gmt":"2026-01-04T18:24:22","guid":{"rendered":"https:\/\/mitjavilaslowshop.com\/producte\/farcellet\/"},"modified":"2026-03-17T13:49:31","modified_gmt":"2026-03-17T13:49:31","slug":"farcellet","status":"publish","type":"product","link":"https:\/\/mitjavilaslowshop.com\/es\/producte\/farcellet\/","title":{"rendered":"FARCELLET"},"content":{"rendered":"<p>El ramillete de laurel es la manera m\u00e1s sencilla de a\u00f1adir un toque mediterr\u00e1neo a tus recetas. Perfecto para dar aroma a guisos, sopas y preparaciones de cocci\u00f3n lenta.<\/p>\n","protected":false},"excerpt":{"rendered":"<p>El ramillete de laurel es la manera m\u00e1s sencilla de a\u00f1adir un toque mediterr\u00e1neo a tus recetas. Perfecto para dar aroma a guisos, sopas y preparaciones de cocci\u00f3n lenta.<\/p>\n","protected":false},"featured_media":72161,"comment_status":"open","ping_status":"closed","template":"","meta":{"_acf_changed":false,"_joinchat":[]},"product_brand":[],"product_cat":[331],"product_tag":[],"class_list":{"0":"post-72160","1":"product","2":"type-product","3":"status-publish","4":"has-post-thumbnail","6":"product_cat-hierbas","8":"first","9":"instock","10":"taxable","11":"shipping-taxable","12":"purchasable","13":"product-type-simple"},"acf":[],"_links":{"self":[{"href":"https:\/\/mitjavilaslowshop.com\/es\/wp-json\/wp\/v2\/product\/72160","targetHints":{"allow":["GET"]}}],"collection":[{"href":"https:\/\/mitjavilaslowshop.com\/es\/wp-json\/wp\/v2\/product"}],"about":[{"href":"https:\/\/mitjavilaslowshop.com\/es\/wp-json\/wp\/v2\/types\/product"}],"replies":[{"embeddable":true,"href":"https:\/\/mitjavilaslowshop.com\/es\/wp-json\/wp\/v2\/comments?post=72160"}],"version-history":[{"count":4,"href":"https:\/\/mitjavilaslowshop.com\/es\/wp-json\/wp\/v2\/product\/72160\/revisions"}],"predecessor-version":[{"id":79149,"href":"https:\/\/mitjavilaslowshop.com\/es\/wp-json\/wp\/v2\/product\/72160\/revisions\/79149"}],"wp:featuredmedia":[{"embeddable":true,"href":"https:\/\/mitjavilaslowshop.com\/es\/wp-json\/wp\/v2\/media\/72161"}],"wp:attachment":[{"href":"https:\/\/mitjavilaslowshop.com\/es\/wp-json\/wp\/v2\/media?parent=72160"}],"wp:term":[{"taxonomy":"product_brand","embeddable":true,"href":"https:\/\/mitjavilaslowshop.com\/es\/wp-json\/wp\/v2\/product_brand?post=72160"},{"taxonomy":"product_cat","embeddable":true,"href":"https:\/\/mitjavilaslowshop.com\/es\/wp-json\/wp\/v2\/product_cat?post=72160"},{"taxonomy":"product_tag","embeddable":true,"href":"https:\/\/mitjavilaslowshop.com\/es\/wp-json\/wp\/v2\/product_tag?post=72160"}],"curies":[{"name":"wp","href":"https:\/\/api.w.org\/{rel}","templated":true}]}}