{"id":72152,"date":"2026-01-04T18:24:23","date_gmt":"2026-01-04T18:24:23","guid":{"rendered":"https:\/\/mitjavilaslowshop.com\/producte\/stevia-fulla-seca\/"},"modified":"2026-03-29T09:41:17","modified_gmt":"2026-03-29T09:41:17","slug":"stevia-hoja-seca","status":"publish","type":"product","link":"https:\/\/mitjavilaslowshop.com\/es\/producte\/stevia-hoja-seca\/","title":{"rendered":"STEVIA HOJA SECA"},"content":{"rendered":"<p>STEVIA REBAUDIANA BERTONI<\/p>\n<p>La estevia en hoja seca es la alternativa perfecta al az\u00facar refinado, deshidratada de forma natural para conservar todas sus propiedades y su poder endulzante. Infusiona las hojas para endulzar t\u00e9s, infusiones, postres y bebidas. Tambi\u00e9n puedes triturarlas para a\u00f1adirlas a recetas dulces sin az\u00facar.<\/p>\n","protected":false},"excerpt":{"rendered":"<p>La estevia en hoja seca es la alternativa perfecta al az\u00facar refinado, deshidratada de forma natural para conservar todas sus propiedades y su poder endulzante. Infusiona las hojas para endulzar t\u00e9s, infusiones, postres y bebidas. Tambi\u00e9n puedes triturarlas para a\u00f1adirlas a recetas dulces sin az\u00facar.<\/p>\n","protected":false},"featured_media":72153,"comment_status":"open","ping_status":"closed","template":"","meta":{"_acf_changed":false,"_joinchat":[]},"product_brand":[],"product_cat":[331],"product_tag":[],"class_list":{"0":"post-72152","1":"product","2":"type-product","3":"status-publish","4":"has-post-thumbnail","6":"product_cat-hierbas","8":"first","9":"instock","10":"taxable","11":"shipping-taxable","12":"purchasable","13":"product-type-variable","14":"has-default-attributes"},"acf":[],"_links":{"self":[{"href":"https:\/\/mitjavilaslowshop.com\/es\/wp-json\/wp\/v2\/product\/72152","targetHints":{"allow":["GET"]}}],"collection":[{"href":"https:\/\/mitjavilaslowshop.com\/es\/wp-json\/wp\/v2\/product"}],"about":[{"href":"https:\/\/mitjavilaslowshop.com\/es\/wp-json\/wp\/v2\/types\/product"}],"replies":[{"embeddable":true,"href":"https:\/\/mitjavilaslowshop.com\/es\/wp-json\/wp\/v2\/comments?post=72152"}],"version-history":[{"count":6,"href":"https:\/\/mitjavilaslowshop.com\/es\/wp-json\/wp\/v2\/product\/72152\/revisions"}],"predecessor-version":[{"id":87615,"href":"https:\/\/mitjavilaslowshop.com\/es\/wp-json\/wp\/v2\/product\/72152\/revisions\/87615"}],"wp:featuredmedia":[{"embeddable":true,"href":"https:\/\/mitjavilaslowshop.com\/es\/wp-json\/wp\/v2\/media\/72153"}],"wp:attachment":[{"href":"https:\/\/mitjavilaslowshop.com\/es\/wp-json\/wp\/v2\/media?parent=72152"}],"wp:term":[{"taxonomy":"product_brand","embeddable":true,"href":"https:\/\/mitjavilaslowshop.com\/es\/wp-json\/wp\/v2\/product_brand?post=72152"},{"taxonomy":"product_cat","embeddable":true,"href":"https:\/\/mitjavilaslowshop.com\/es\/wp-json\/wp\/v2\/product_cat?post=72152"},{"taxonomy":"product_tag","embeddable":true,"href":"https:\/\/mitjavilaslowshop.com\/es\/wp-json\/wp\/v2\/product_tag?post=72152"}],"curies":[{"name":"wp","href":"https:\/\/api.w.org\/{rel}","templated":true}]}}