{"id":72148,"date":"2026-01-04T18:24:24","date_gmt":"2026-01-04T18:24:24","guid":{"rendered":"https:\/\/mitjavilaslowshop.com\/producte\/moringa-fulla-seca\/"},"modified":"2026-03-29T10:01:21","modified_gmt":"2026-03-29T10:01:21","slug":"moringa-hoja-seca","status":"publish","type":"product","link":"https:\/\/mitjavilaslowshop.com\/es\/producte\/moringa-hoja-seca\/","title":{"rendered":"MORINGA HOJA SECA"},"content":{"rendered":"<p>MORINGA OLE\u00cdFERA<\/p>\n<p>La moringa en hoja seca es considerada un superalimento gracias a su alto contenido en nutrientes y antioxidantes. Rica en vitaminas A, C, E y minerales como calcio y hierro con propiedades antioxidantes y energizantes. Ayuda a reforzar el sistema inmunitario y mejorar el bienestar.<br \/>\nInfusiona las hojas para preparar t\u00e9s saludables, o trit\u00faralas para a\u00f1adirlas a batidos, sopas y ensaladas. Perfecta para dietas equilibradas y naturales.<\/p>\n","protected":false},"excerpt":{"rendered":"<p>La moringa en hoja seca es considerada un superalimento gracias a su alto contenido en nutrientes y antioxidantes. Rica en vitaminas A, C, E y minerales como calcio y hierro con propiedades antioxidantes y energizantes. Ayuda a reforzar el sistema inmunitario y mejorar el bienestar.<br \/>\nInfusiona las hojas para preparar t\u00e9s saludables, o trit\u00faralas para a\u00f1adirlas a batidos, sopas y ensaladas. Perfecta para dietas equilibradas y naturales.<\/p>\n","protected":false},"featured_media":72149,"comment_status":"open","ping_status":"closed","template":"","meta":{"_acf_changed":false,"_joinchat":[]},"product_brand":[],"product_cat":[331],"product_tag":[],"class_list":{"0":"post-72148","1":"product","2":"type-product","3":"status-publish","4":"has-post-thumbnail","6":"product_cat-hierbas","8":"first","9":"instock","10":"taxable","11":"shipping-taxable","12":"purchasable","13":"product-type-variable","14":"has-default-attributes"},"acf":[],"_links":{"self":[{"href":"https:\/\/mitjavilaslowshop.com\/es\/wp-json\/wp\/v2\/product\/72148","targetHints":{"allow":["GET"]}}],"collection":[{"href":"https:\/\/mitjavilaslowshop.com\/es\/wp-json\/wp\/v2\/product"}],"about":[{"href":"https:\/\/mitjavilaslowshop.com\/es\/wp-json\/wp\/v2\/types\/product"}],"replies":[{"embeddable":true,"href":"https:\/\/mitjavilaslowshop.com\/es\/wp-json\/wp\/v2\/comments?post=72148"}],"version-history":[{"count":5,"href":"https:\/\/mitjavilaslowshop.com\/es\/wp-json\/wp\/v2\/product\/72148\/revisions"}],"predecessor-version":[{"id":87701,"href":"https:\/\/mitjavilaslowshop.com\/es\/wp-json\/wp\/v2\/product\/72148\/revisions\/87701"}],"wp:featuredmedia":[{"embeddable":true,"href":"https:\/\/mitjavilaslowshop.com\/es\/wp-json\/wp\/v2\/media\/72149"}],"wp:attachment":[{"href":"https:\/\/mitjavilaslowshop.com\/es\/wp-json\/wp\/v2\/media?parent=72148"}],"wp:term":[{"taxonomy":"product_brand","embeddable":true,"href":"https:\/\/mitjavilaslowshop.com\/es\/wp-json\/wp\/v2\/product_brand?post=72148"},{"taxonomy":"product_cat","embeddable":true,"href":"https:\/\/mitjavilaslowshop.com\/es\/wp-json\/wp\/v2\/product_cat?post=72148"},{"taxonomy":"product_tag","embeddable":true,"href":"https:\/\/mitjavilaslowshop.com\/es\/wp-json\/wp\/v2\/product_tag?post=72148"}],"curies":[{"name":"wp","href":"https:\/\/api.w.org\/{rel}","templated":true}]}}