{"id":72144,"date":"2026-01-04T18:24:24","date_gmt":"2026-01-04T18:24:24","guid":{"rendered":"https:\/\/mitjavilaslowshop.com\/producte\/canem-en-fulla\/"},"modified":"2026-03-30T13:48:16","modified_gmt":"2026-03-30T13:48:16","slug":"canamo-en-hoja","status":"publish","type":"product","link":"https:\/\/mitjavilaslowshop.com\/es\/producte\/canamo-en-hoja\/","title":{"rendered":"C\u00c1\u00d1AMO EN HOJA"},"content":{"rendered":"<p>HOJA DE CANNABIS SATIVA L<\/p>\n<p>El c\u00e1\u00f1amo en hoja seca es una planta vers\u00e1til con m\u00faltiples beneficios para la salud. Rica en antioxidantes y nutrientes esenciales.<br \/>\nIdeal para infusiones saludables y momentos de bienestar. Infusiona las hojas en agua caliente para preparar t\u00e9s relajantes. Puedes combinarlo con otras hierbas arom\u00e1ticas para potenciar su sabor y efectos.<\/p>\n","protected":false},"excerpt":{"rendered":"<p>El c\u00e1\u00f1amo en hoja seca es una planta vers\u00e1til con m\u00faltiples beneficios para la salud. Rica en antioxidantes y nutrientes esenciales.<br \/>\nIdeal para infusiones saludables y momentos de bienestar. Infusiona las hojas en agua caliente para preparar t\u00e9s relajantes. Puedes combinarlo con otras hierbas arom\u00e1ticas para potenciar su sabor y efectos.<\/p>\n","protected":false},"featured_media":72145,"comment_status":"open","ping_status":"closed","template":"","meta":{"_acf_changed":false,"_joinchat":[]},"product_brand":[],"product_cat":[331],"product_tag":[],"class_list":{"0":"post-72144","1":"product","2":"type-product","3":"status-publish","4":"has-post-thumbnail","6":"product_cat-hierbas","8":"first","9":"instock","10":"taxable","11":"shipping-taxable","12":"purchasable","13":"product-type-variable","14":"has-default-attributes"},"acf":[],"_links":{"self":[{"href":"https:\/\/mitjavilaslowshop.com\/es\/wp-json\/wp\/v2\/product\/72144","targetHints":{"allow":["GET"]}}],"collection":[{"href":"https:\/\/mitjavilaslowshop.com\/es\/wp-json\/wp\/v2\/product"}],"about":[{"href":"https:\/\/mitjavilaslowshop.com\/es\/wp-json\/wp\/v2\/types\/product"}],"replies":[{"embeddable":true,"href":"https:\/\/mitjavilaslowshop.com\/es\/wp-json\/wp\/v2\/comments?post=72144"}],"version-history":[{"count":5,"href":"https:\/\/mitjavilaslowshop.com\/es\/wp-json\/wp\/v2\/product\/72144\/revisions"}],"predecessor-version":[{"id":88796,"href":"https:\/\/mitjavilaslowshop.com\/es\/wp-json\/wp\/v2\/product\/72144\/revisions\/88796"}],"wp:featuredmedia":[{"embeddable":true,"href":"https:\/\/mitjavilaslowshop.com\/es\/wp-json\/wp\/v2\/media\/72145"}],"wp:attachment":[{"href":"https:\/\/mitjavilaslowshop.com\/es\/wp-json\/wp\/v2\/media?parent=72144"}],"wp:term":[{"taxonomy":"product_brand","embeddable":true,"href":"https:\/\/mitjavilaslowshop.com\/es\/wp-json\/wp\/v2\/product_brand?post=72144"},{"taxonomy":"product_cat","embeddable":true,"href":"https:\/\/mitjavilaslowshop.com\/es\/wp-json\/wp\/v2\/product_cat?post=72144"},{"taxonomy":"product_tag","embeddable":true,"href":"https:\/\/mitjavilaslowshop.com\/es\/wp-json\/wp\/v2\/product_tag?post=72144"}],"curies":[{"name":"wp","href":"https:\/\/api.w.org\/{rel}","templated":true}]}}