{"id":72140,"date":"2026-01-04T18:24:25","date_gmt":"2026-01-04T18:24:25","guid":{"rendered":"https:\/\/mitjavilaslowshop.com\/producte\/llimona-xocolata-negra\/"},"modified":"2026-03-17T13:49:29","modified_gmt":"2026-03-17T13:49:29","slug":"limon-chocolate-negro","status":"publish","type":"product","link":"https:\/\/mitjavilaslowshop.com\/es\/producte\/limon-chocolate-negro\/","title":{"rendered":"LIM\u00d3N CHOCOLATE NEGRO"},"content":{"rendered":"<p>Descubre la perfecta fusi\u00f3n entre lim\u00f3n natural y chocolate negro. Un deleite artesanal y saludable que combina el sabor c\u00edtrico refrescante con la riqueza del cacao puro.<br \/> Origen: Nacional<\/p>\n","protected":false},"excerpt":{"rendered":"<p>Descubre la perfecta fusi\u00f3n entre lim\u00f3n natural y chocolate negro. Un deleite artesanal y saludable que combina el sabor c\u00edtrico refrescante con la riqueza del cacao puro. Origen: Nacional<\/p>\n","protected":false},"featured_media":72141,"comment_status":"open","ping_status":"closed","template":"","meta":{"_acf_changed":false,"_joinchat":[]},"product_brand":[],"product_cat":[329],"product_tag":[],"class_list":{"0":"post-72140","1":"product","2":"type-product","3":"status-publish","4":"has-post-thumbnail","6":"product_cat-chocolate","8":"first","9":"instock","10":"taxable","11":"shipping-taxable","12":"purchasable","13":"product-type-variable","14":"has-default-attributes"},"acf":[],"_links":{"self":[{"href":"https:\/\/mitjavilaslowshop.com\/es\/wp-json\/wp\/v2\/product\/72140","targetHints":{"allow":["GET"]}}],"collection":[{"href":"https:\/\/mitjavilaslowshop.com\/es\/wp-json\/wp\/v2\/product"}],"about":[{"href":"https:\/\/mitjavilaslowshop.com\/es\/wp-json\/wp\/v2\/types\/product"}],"replies":[{"embeddable":true,"href":"https:\/\/mitjavilaslowshop.com\/es\/wp-json\/wp\/v2\/comments?post=72140"}],"version-history":[{"count":4,"href":"https:\/\/mitjavilaslowshop.com\/es\/wp-json\/wp\/v2\/product\/72140\/revisions"}],"predecessor-version":[{"id":79144,"href":"https:\/\/mitjavilaslowshop.com\/es\/wp-json\/wp\/v2\/product\/72140\/revisions\/79144"}],"wp:featuredmedia":[{"embeddable":true,"href":"https:\/\/mitjavilaslowshop.com\/es\/wp-json\/wp\/v2\/media\/72141"}],"wp:attachment":[{"href":"https:\/\/mitjavilaslowshop.com\/es\/wp-json\/wp\/v2\/media?parent=72140"}],"wp:term":[{"taxonomy":"product_brand","embeddable":true,"href":"https:\/\/mitjavilaslowshop.com\/es\/wp-json\/wp\/v2\/product_brand?post=72140"},{"taxonomy":"product_cat","embeddable":true,"href":"https:\/\/mitjavilaslowshop.com\/es\/wp-json\/wp\/v2\/product_cat?post=72140"},{"taxonomy":"product_tag","embeddable":true,"href":"https:\/\/mitjavilaslowshop.com\/es\/wp-json\/wp\/v2\/product_tag?post=72140"}],"curies":[{"name":"wp","href":"https:\/\/api.w.org\/{rel}","templated":true}]}}