{"id":72124,"date":"2026-01-04T18:24:27","date_gmt":"2026-01-04T18:24:27","guid":{"rendered":"https:\/\/mitjavilaslowshop.com\/producte\/mini-trufa-eco-cacau\/"},"modified":"2026-03-17T13:49:27","modified_gmt":"2026-03-17T13:49:27","slug":"mini-trufa-ecologica-de-cacao","status":"publish","type":"product","link":"https:\/\/mitjavilaslowshop.com\/es\/producte\/mini-trufa-ecologica-de-cacao\/","title":{"rendered":"MINI TRUFA ECOL\u00d3GICA DE CACAO"},"content":{"rendered":"<p>El Cocohagen Cocoa est\u00e1 hecho con cacao 100% puro y oscuro, acompa\u00f1ado de almendras tostadas, anacardos dulces, d\u00e1tiles jugosos y cubierto con coco rallado. Ofrece un sabor natural y saludable que cautiva los sentidos.<br \/>Origen: Europa<\/p>\n","protected":false},"excerpt":{"rendered":"<p>El Cocohagen Cocoa est\u00e1 hecho con cacao 100% puro y oscuro, acompa\u00f1ado de almendras tostadas, anacardos dulces, d\u00e1tiles jugosos y cubierto con coco rallado. Ofrece un sabor natural y saludable que cautiva los sentidos.Origen: Europa<\/p>\n","protected":false},"featured_media":72125,"comment_status":"open","ping_status":"closed","template":"","meta":{"_acf_changed":false,"_joinchat":[]},"product_brand":[],"product_cat":[329],"product_tag":[],"class_list":{"0":"post-72124","1":"product","2":"type-product","3":"status-publish","4":"has-post-thumbnail","6":"product_cat-chocolate","8":"first","9":"instock","10":"taxable","11":"shipping-taxable","12":"purchasable","13":"product-type-simple"},"acf":[],"_links":{"self":[{"href":"https:\/\/mitjavilaslowshop.com\/es\/wp-json\/wp\/v2\/product\/72124","targetHints":{"allow":["GET"]}}],"collection":[{"href":"https:\/\/mitjavilaslowshop.com\/es\/wp-json\/wp\/v2\/product"}],"about":[{"href":"https:\/\/mitjavilaslowshop.com\/es\/wp-json\/wp\/v2\/types\/product"}],"replies":[{"embeddable":true,"href":"https:\/\/mitjavilaslowshop.com\/es\/wp-json\/wp\/v2\/comments?post=72124"}],"version-history":[{"count":4,"href":"https:\/\/mitjavilaslowshop.com\/es\/wp-json\/wp\/v2\/product\/72124\/revisions"}],"predecessor-version":[{"id":79140,"href":"https:\/\/mitjavilaslowshop.com\/es\/wp-json\/wp\/v2\/product\/72124\/revisions\/79140"}],"wp:featuredmedia":[{"embeddable":true,"href":"https:\/\/mitjavilaslowshop.com\/es\/wp-json\/wp\/v2\/media\/72125"}],"wp:attachment":[{"href":"https:\/\/mitjavilaslowshop.com\/es\/wp-json\/wp\/v2\/media?parent=72124"}],"wp:term":[{"taxonomy":"product_brand","embeddable":true,"href":"https:\/\/mitjavilaslowshop.com\/es\/wp-json\/wp\/v2\/product_brand?post=72124"},{"taxonomy":"product_cat","embeddable":true,"href":"https:\/\/mitjavilaslowshop.com\/es\/wp-json\/wp\/v2\/product_cat?post=72124"},{"taxonomy":"product_tag","embeddable":true,"href":"https:\/\/mitjavilaslowshop.com\/es\/wp-json\/wp\/v2\/product_tag?post=72124"}],"curies":[{"name":"wp","href":"https:\/\/api.w.org\/{rel}","templated":true}]}}