{"id":72120,"date":"2026-01-04T18:24:27","date_gmt":"2026-01-04T18:24:27","guid":{"rendered":"https:\/\/mitjavilaslowshop.com\/producte\/mini-trufa-avellana-eco\/"},"modified":"2026-03-17T13:49:27","modified_gmt":"2026-03-17T13:49:27","slug":"mini-trufa-avellana-ecologica","status":"publish","type":"product","link":"https:\/\/mitjavilaslowshop.com\/es\/producte\/mini-trufa-avellana-ecologica\/","title":{"rendered":"MINI TRUFA AVELLANA ECOL\u00d3GICA"},"content":{"rendered":"<p>El Cocohagen avellana es un producto ideal para los amantes de las avellanas. Incluye avellanas tostadas tanto en su interior como en su superficie, proporcionando un sabor intenso y una textura crujiente similar al turr\u00f3n. Adem\u00e1s, est\u00e1 elaborado con cacao belga 100% puro y d\u00e1tiles frescos de Argelia que aportan dulzura natural. Es un producto sin gluten, sin lactosa, 100% ecol\u00f3gico y de origen vegetal.<br \/>Origen: Europa<\/p>\n","protected":false},"excerpt":{"rendered":"<p>El Cocohagen avellana es un producto ideal para los amantes de las avellanas. Incluye avellanas tostadas tanto en su interior como en su superficie, proporcionando un sabor intenso y una textura crujiente similar al turr\u00f3n. Adem\u00e1s, est\u00e1 elaborado con cacao belga 100% puro y d\u00e1tiles frescos de Argelia que aportan dulzura natural. Es un producto sin gluten, sin lactosa, 100% ecol\u00f3gico y de origen vegetal.Origen: Europa<\/p>\n","protected":false},"featured_media":72121,"comment_status":"open","ping_status":"closed","template":"","meta":{"_acf_changed":false,"_joinchat":[]},"product_brand":[],"product_cat":[329],"product_tag":[],"class_list":{"0":"post-72120","1":"product","2":"type-product","3":"status-publish","4":"has-post-thumbnail","6":"product_cat-chocolate","8":"first","9":"instock","10":"taxable","11":"shipping-taxable","12":"purchasable","13":"product-type-simple"},"acf":[],"_links":{"self":[{"href":"https:\/\/mitjavilaslowshop.com\/es\/wp-json\/wp\/v2\/product\/72120","targetHints":{"allow":["GET"]}}],"collection":[{"href":"https:\/\/mitjavilaslowshop.com\/es\/wp-json\/wp\/v2\/product"}],"about":[{"href":"https:\/\/mitjavilaslowshop.com\/es\/wp-json\/wp\/v2\/types\/product"}],"replies":[{"embeddable":true,"href":"https:\/\/mitjavilaslowshop.com\/es\/wp-json\/wp\/v2\/comments?post=72120"}],"version-history":[{"count":4,"href":"https:\/\/mitjavilaslowshop.com\/es\/wp-json\/wp\/v2\/product\/72120\/revisions"}],"predecessor-version":[{"id":79139,"href":"https:\/\/mitjavilaslowshop.com\/es\/wp-json\/wp\/v2\/product\/72120\/revisions\/79139"}],"wp:featuredmedia":[{"embeddable":true,"href":"https:\/\/mitjavilaslowshop.com\/es\/wp-json\/wp\/v2\/media\/72121"}],"wp:attachment":[{"href":"https:\/\/mitjavilaslowshop.com\/es\/wp-json\/wp\/v2\/media?parent=72120"}],"wp:term":[{"taxonomy":"product_brand","embeddable":true,"href":"https:\/\/mitjavilaslowshop.com\/es\/wp-json\/wp\/v2\/product_brand?post=72120"},{"taxonomy":"product_cat","embeddable":true,"href":"https:\/\/mitjavilaslowshop.com\/es\/wp-json\/wp\/v2\/product_cat?post=72120"},{"taxonomy":"product_tag","embeddable":true,"href":"https:\/\/mitjavilaslowshop.com\/es\/wp-json\/wp\/v2\/product_tag?post=72120"}],"curies":[{"name":"wp","href":"https:\/\/api.w.org\/{rel}","templated":true}]}}