{"id":72112,"date":"2026-01-04T18:24:28","date_gmt":"2026-01-04T18:24:28","guid":{"rendered":"https:\/\/mitjavilaslowshop.com\/producte\/cacau-amarg-en-pols\/"},"modified":"2026-03-17T13:49:26","modified_gmt":"2026-03-17T13:49:26","slug":"cacao-amargo-en-polvo","status":"publish","type":"product","link":"https:\/\/mitjavilaslowshop.com\/es\/producte\/cacao-amargo-en-polvo\/","title":{"rendered":"CACAO AMARGO EN POLVO"},"content":{"rendered":"<p>El cacao puro en polvo es perfecto para recetas saludables y creativas. Sin az\u00facares a\u00f1adidos y con todo el poder antioxidante del cacao natural, es ideal para reposter\u00eda, batidos y postres caseros.<br \/> El cacao amargo destaca por su alto contenido en antioxidantes y minerales, proporcionando energ\u00eda de manera natural. Ideal para intensificar el sabor y aroma de tus preparaciones sin comprometer tu salud.<br \/> Origen: nacional<\/p>\n","protected":false},"excerpt":{"rendered":"<p>El cacao puro en polvo es perfecto para recetas saludables y creativas. Sin az\u00facares a\u00f1adidos y con todo el poder antioxidante del cacao natural, es ideal para reposter\u00eda, batidos y postres caseros. El cacao amargo destaca por su alto contenido en antioxidantes y minerales, proporcionando energ\u00eda de manera natural. Ideal para intensificar el sabor y aroma de tus preparaciones sin comprometer tu salud. Origen: nacional<\/p>\n","protected":false},"featured_media":72113,"comment_status":"open","ping_status":"closed","template":"","meta":{"_acf_changed":false,"_joinchat":[]},"product_brand":[],"product_cat":[329],"product_tag":[],"class_list":{"0":"post-72112","1":"product","2":"type-product","3":"status-publish","4":"has-post-thumbnail","6":"product_cat-chocolate","8":"first","9":"instock","10":"taxable","11":"shipping-taxable","12":"purchasable","13":"product-type-variable","14":"has-default-attributes"},"acf":[],"_links":{"self":[{"href":"https:\/\/mitjavilaslowshop.com\/es\/wp-json\/wp\/v2\/product\/72112","targetHints":{"allow":["GET"]}}],"collection":[{"href":"https:\/\/mitjavilaslowshop.com\/es\/wp-json\/wp\/v2\/product"}],"about":[{"href":"https:\/\/mitjavilaslowshop.com\/es\/wp-json\/wp\/v2\/types\/product"}],"replies":[{"embeddable":true,"href":"https:\/\/mitjavilaslowshop.com\/es\/wp-json\/wp\/v2\/comments?post=72112"}],"version-history":[{"count":4,"href":"https:\/\/mitjavilaslowshop.com\/es\/wp-json\/wp\/v2\/product\/72112\/revisions"}],"predecessor-version":[{"id":79137,"href":"https:\/\/mitjavilaslowshop.com\/es\/wp-json\/wp\/v2\/product\/72112\/revisions\/79137"}],"wp:featuredmedia":[{"embeddable":true,"href":"https:\/\/mitjavilaslowshop.com\/es\/wp-json\/wp\/v2\/media\/72113"}],"wp:attachment":[{"href":"https:\/\/mitjavilaslowshop.com\/es\/wp-json\/wp\/v2\/media?parent=72112"}],"wp:term":[{"taxonomy":"product_brand","embeddable":true,"href":"https:\/\/mitjavilaslowshop.com\/es\/wp-json\/wp\/v2\/product_brand?post=72112"},{"taxonomy":"product_cat","embeddable":true,"href":"https:\/\/mitjavilaslowshop.com\/es\/wp-json\/wp\/v2\/product_cat?post=72112"},{"taxonomy":"product_tag","embeddable":true,"href":"https:\/\/mitjavilaslowshop.com\/es\/wp-json\/wp\/v2\/product_tag?post=72112"}],"curies":[{"name":"wp","href":"https:\/\/api.w.org\/{rel}","templated":true}]}}