{"id":72088,"date":"2026-01-04T18:24:32","date_gmt":"2026-01-04T18:24:32","guid":{"rendered":"https:\/\/mitjavilaslowshop.com\/producte\/ametlla-xoco-blanc\/"},"modified":"2026-03-17T13:49:24","modified_gmt":"2026-03-17T13:49:24","slug":"almendra-chocolate-blanco","status":"publish","type":"product","link":"https:\/\/mitjavilaslowshop.com\/es\/producte\/almendra-chocolate-blanco\/","title":{"rendered":"ALMENDRA CHOCOLATE BLANCO"},"content":{"rendered":"<p>Las almendras tostadas cubiertas de chocolate blanco son un snack artesanal que une la textura crujiente de las almendras con la suavidad y dulzura cremosa del chocolate blanco, perfecto para quienes prefieren sabores suaves.<br \/> Las almendras aportan prote\u00ednas y fibra de forma natural, mientras que el chocolate blanco ofrece energ\u00eda y un toque dulce y cremoso. Una opci\u00f3n deliciosa para disfrutar con responsabilidad.<br \/> Origen: nacional<\/p>\n","protected":false},"excerpt":{"rendered":"<p>Las almendras tostadas cubiertas de chocolate blanco son un snack artesanal que une la textura crujiente de las almendras con la suavidad y dulzura cremosa del chocolate blanco, perfecto para quienes prefieren sabores suaves. Las almendras aportan prote\u00ednas y fibra de forma natural, mientras que el chocolate blanco ofrece energ\u00eda y un toque dulce y cremoso. Una opci\u00f3n deliciosa para disfrutar con responsabilidad. Origen: nacional<\/p>\n","protected":false},"featured_media":72089,"comment_status":"open","ping_status":"closed","template":"","meta":{"_acf_changed":false,"_joinchat":[]},"product_brand":[],"product_cat":[329],"product_tag":[],"class_list":{"0":"post-72088","1":"product","2":"type-product","3":"status-publish","4":"has-post-thumbnail","6":"product_cat-chocolate","8":"first","9":"instock","10":"taxable","11":"shipping-taxable","12":"purchasable","13":"product-type-variable","14":"has-default-attributes"},"acf":[],"_links":{"self":[{"href":"https:\/\/mitjavilaslowshop.com\/es\/wp-json\/wp\/v2\/product\/72088","targetHints":{"allow":["GET"]}}],"collection":[{"href":"https:\/\/mitjavilaslowshop.com\/es\/wp-json\/wp\/v2\/product"}],"about":[{"href":"https:\/\/mitjavilaslowshop.com\/es\/wp-json\/wp\/v2\/types\/product"}],"replies":[{"embeddable":true,"href":"https:\/\/mitjavilaslowshop.com\/es\/wp-json\/wp\/v2\/comments?post=72088"}],"version-history":[{"count":4,"href":"https:\/\/mitjavilaslowshop.com\/es\/wp-json\/wp\/v2\/product\/72088\/revisions"}],"predecessor-version":[{"id":79131,"href":"https:\/\/mitjavilaslowshop.com\/es\/wp-json\/wp\/v2\/product\/72088\/revisions\/79131"}],"wp:featuredmedia":[{"embeddable":true,"href":"https:\/\/mitjavilaslowshop.com\/es\/wp-json\/wp\/v2\/media\/72089"}],"wp:attachment":[{"href":"https:\/\/mitjavilaslowshop.com\/es\/wp-json\/wp\/v2\/media?parent=72088"}],"wp:term":[{"taxonomy":"product_brand","embeddable":true,"href":"https:\/\/mitjavilaslowshop.com\/es\/wp-json\/wp\/v2\/product_brand?post=72088"},{"taxonomy":"product_cat","embeddable":true,"href":"https:\/\/mitjavilaslowshop.com\/es\/wp-json\/wp\/v2\/product_cat?post=72088"},{"taxonomy":"product_tag","embeddable":true,"href":"https:\/\/mitjavilaslowshop.com\/es\/wp-json\/wp\/v2\/product_tag?post=72088"}],"curies":[{"name":"wp","href":"https:\/\/api.w.org\/{rel}","templated":true}]}}