{"id":72080,"date":"2026-01-04T18:24:33","date_gmt":"2026-01-04T18:24:33","guid":{"rendered":"https:\/\/mitjavilaslowshop.com\/producte\/nous-xoco-negre\/"},"modified":"2026-03-17T13:49:24","modified_gmt":"2026-03-17T13:49:24","slug":"chocolate-negro-nous","status":"publish","type":"product","link":"https:\/\/mitjavilaslowshop.com\/es\/producte\/chocolate-negro-nous\/","title":{"rendered":"CHOCOLATE NEGRO NOUS"},"content":{"rendered":"<p>Las nueces cubiertas de chocolate negro son un snack artesanal que une la textura crujiente de las nueces con el sabor profundo del cacao puro, perfecto para quienes buscan sabores aut\u00e9nticos.<br \/> Las nueces aportan omega-3, prote\u00ednas y minerales esenciales, mientras que el chocolate negro ofrece antioxidantes y energ\u00eda natural. Una opci\u00f3n deliciosa y nutritiva para disfrutar con tranquilidad.<br \/> Origen: nacional<\/p>\n","protected":false},"excerpt":{"rendered":"<p>Las nueces cubiertas de chocolate negro son un snack artesanal que une la textura crujiente de las nueces con el sabor profundo del cacao puro, perfecto para quienes buscan sabores aut\u00e9nticos. Las nueces aportan omega-3, prote\u00ednas y minerales esenciales, mientras que el chocolate negro ofrece antioxidantes y energ\u00eda natural. Una opci\u00f3n deliciosa y nutritiva para disfrutar con tranquilidad. Origen: nacional<\/p>\n","protected":false},"featured_media":72081,"comment_status":"open","ping_status":"closed","template":"","meta":{"_acf_changed":false,"_joinchat":[]},"product_brand":[],"product_cat":[329],"product_tag":[],"class_list":{"0":"post-72080","1":"product","2":"type-product","3":"status-publish","4":"has-post-thumbnail","6":"product_cat-chocolate","8":"first","9":"instock","10":"taxable","11":"shipping-taxable","12":"purchasable","13":"product-type-variable","14":"has-default-attributes"},"acf":[],"_links":{"self":[{"href":"https:\/\/mitjavilaslowshop.com\/es\/wp-json\/wp\/v2\/product\/72080","targetHints":{"allow":["GET"]}}],"collection":[{"href":"https:\/\/mitjavilaslowshop.com\/es\/wp-json\/wp\/v2\/product"}],"about":[{"href":"https:\/\/mitjavilaslowshop.com\/es\/wp-json\/wp\/v2\/types\/product"}],"replies":[{"embeddable":true,"href":"https:\/\/mitjavilaslowshop.com\/es\/wp-json\/wp\/v2\/comments?post=72080"}],"version-history":[{"count":4,"href":"https:\/\/mitjavilaslowshop.com\/es\/wp-json\/wp\/v2\/product\/72080\/revisions"}],"predecessor-version":[{"id":79129,"href":"https:\/\/mitjavilaslowshop.com\/es\/wp-json\/wp\/v2\/product\/72080\/revisions\/79129"}],"wp:featuredmedia":[{"embeddable":true,"href":"https:\/\/mitjavilaslowshop.com\/es\/wp-json\/wp\/v2\/media\/72081"}],"wp:attachment":[{"href":"https:\/\/mitjavilaslowshop.com\/es\/wp-json\/wp\/v2\/media?parent=72080"}],"wp:term":[{"taxonomy":"product_brand","embeddable":true,"href":"https:\/\/mitjavilaslowshop.com\/es\/wp-json\/wp\/v2\/product_brand?post=72080"},{"taxonomy":"product_cat","embeddable":true,"href":"https:\/\/mitjavilaslowshop.com\/es\/wp-json\/wp\/v2\/product_cat?post=72080"},{"taxonomy":"product_tag","embeddable":true,"href":"https:\/\/mitjavilaslowshop.com\/es\/wp-json\/wp\/v2\/product_tag?post=72080"}],"curies":[{"name":"wp","href":"https:\/\/api.w.org\/{rel}","templated":true}]}}