{"id":72056,"date":"2026-01-04T18:24:36","date_gmt":"2026-01-04T18:24:36","guid":{"rendered":"https:\/\/mitjavilaslowshop.com\/producte\/rajola-xocolata-artesana-oli-i-sal\/"},"modified":"2026-03-17T13:49:21","modified_gmt":"2026-03-17T13:49:21","slug":"rajola-de-chocolate-artesano-aceite-y-sal","status":"publish","type":"product","link":"https:\/\/mitjavilaslowshop.com\/es\/producte\/rajola-de-chocolate-artesano-aceite-y-sal\/","title":{"rendered":"RAJOLA DE CHOCOLATE ARTESANO ACEITE Y SAL"},"content":{"rendered":"<p>El chocolate negro artesanal, enriquecido con un delicado toque de aceite de oliva virgen extra y la intensidad de la sal marina, ofrece una experiencia \u00fanica que fusiona sabores mediterr\u00e1neos con cacao ecol\u00f3gico de alta calidad. Perfecto para los paladares m\u00e1s exigentes.<br \/>Origen: Catalu\u00f1a<\/p>\n","protected":false},"excerpt":{"rendered":"<p>El chocolate negro artesanal, enriquecido con un delicado toque de aceite de oliva virgen extra y la intensidad de la sal marina, ofrece una experiencia \u00fanica que fusiona sabores mediterr\u00e1neos con cacao ecol\u00f3gico de alta calidad. Perfecto para los paladares m\u00e1s exigentes.Origen: Catalu\u00f1a<\/p>\n","protected":false},"featured_media":72057,"comment_status":"open","ping_status":"closed","template":"","meta":{"_acf_changed":false,"_joinchat":[]},"product_brand":[],"product_cat":[329],"product_tag":[],"class_list":{"0":"post-72056","1":"product","2":"type-product","3":"status-publish","4":"has-post-thumbnail","6":"product_cat-chocolate","8":"first","9":"instock","10":"taxable","11":"shipping-taxable","12":"purchasable","13":"product-type-simple"},"acf":[],"_links":{"self":[{"href":"https:\/\/mitjavilaslowshop.com\/es\/wp-json\/wp\/v2\/product\/72056","targetHints":{"allow":["GET"]}}],"collection":[{"href":"https:\/\/mitjavilaslowshop.com\/es\/wp-json\/wp\/v2\/product"}],"about":[{"href":"https:\/\/mitjavilaslowshop.com\/es\/wp-json\/wp\/v2\/types\/product"}],"replies":[{"embeddable":true,"href":"https:\/\/mitjavilaslowshop.com\/es\/wp-json\/wp\/v2\/comments?post=72056"}],"version-history":[{"count":4,"href":"https:\/\/mitjavilaslowshop.com\/es\/wp-json\/wp\/v2\/product\/72056\/revisions"}],"predecessor-version":[{"id":79123,"href":"https:\/\/mitjavilaslowshop.com\/es\/wp-json\/wp\/v2\/product\/72056\/revisions\/79123"}],"wp:featuredmedia":[{"embeddable":true,"href":"https:\/\/mitjavilaslowshop.com\/es\/wp-json\/wp\/v2\/media\/72057"}],"wp:attachment":[{"href":"https:\/\/mitjavilaslowshop.com\/es\/wp-json\/wp\/v2\/media?parent=72056"}],"wp:term":[{"taxonomy":"product_brand","embeddable":true,"href":"https:\/\/mitjavilaslowshop.com\/es\/wp-json\/wp\/v2\/product_brand?post=72056"},{"taxonomy":"product_cat","embeddable":true,"href":"https:\/\/mitjavilaslowshop.com\/es\/wp-json\/wp\/v2\/product_cat?post=72056"},{"taxonomy":"product_tag","embeddable":true,"href":"https:\/\/mitjavilaslowshop.com\/es\/wp-json\/wp\/v2\/product_tag?post=72056"}],"curies":[{"name":"wp","href":"https:\/\/api.w.org\/{rel}","templated":true}]}}