{"id":71968,"date":"2026-01-04T18:24:48","date_gmt":"2026-01-04T18:24:48","guid":{"rendered":"https:\/\/mitjavilaslowshop.com\/producte\/balsam-labial-spf15\/"},"modified":"2026-03-17T13:49:12","modified_gmt":"2026-03-17T13:49:12","slug":"balsamo-labial-con-proteccion-spf15","status":"publish","type":"product","link":"https:\/\/mitjavilaslowshop.com\/es\/producte\/balsamo-labial-con-proteccion-spf15\/","title":{"rendered":"B\u00c1LSAMO LABIAL CON PROTECCI\u00d3N SPF15"},"content":{"rendered":"<p>El b\u00e1lsamo labial con SPF15 es ideal para mantener tus labios hidratados y protegidos del sol diariamente. Su f\u00f3rmula con protecci\u00f3n solar SPF15 cuida la piel sensible de los labios, proporcionando suavidad y nutrici\u00f3n gracias a sus ingredientes naturales.<\/p>\n","protected":false},"excerpt":{"rendered":"<p>El b\u00e1lsamo labial con SPF15 es ideal para mantener tus labios hidratados y protegidos del sol diariamente. Su f\u00f3rmula con protecci\u00f3n solar SPF15 cuida la piel sensible de los labios, proporcionando suavidad y nutrici\u00f3n gracias a sus ingredientes naturales.<\/p>\n","protected":false},"featured_media":71969,"comment_status":"open","ping_status":"closed","template":"","meta":{"_acf_changed":false,"_joinchat":[]},"product_brand":[],"product_cat":[267],"product_tag":[],"class_list":{"0":"post-71968","1":"product","2":"type-product","3":"status-publish","4":"has-post-thumbnail","6":"product_cat-higiene","8":"first","9":"instock","10":"taxable","11":"shipping-taxable","12":"purchasable","13":"product-type-simple"},"acf":[],"_links":{"self":[{"href":"https:\/\/mitjavilaslowshop.com\/es\/wp-json\/wp\/v2\/product\/71968","targetHints":{"allow":["GET"]}}],"collection":[{"href":"https:\/\/mitjavilaslowshop.com\/es\/wp-json\/wp\/v2\/product"}],"about":[{"href":"https:\/\/mitjavilaslowshop.com\/es\/wp-json\/wp\/v2\/types\/product"}],"replies":[{"embeddable":true,"href":"https:\/\/mitjavilaslowshop.com\/es\/wp-json\/wp\/v2\/comments?post=71968"}],"version-history":[{"count":4,"href":"https:\/\/mitjavilaslowshop.com\/es\/wp-json\/wp\/v2\/product\/71968\/revisions"}],"predecessor-version":[{"id":79103,"href":"https:\/\/mitjavilaslowshop.com\/es\/wp-json\/wp\/v2\/product\/71968\/revisions\/79103"}],"wp:featuredmedia":[{"embeddable":true,"href":"https:\/\/mitjavilaslowshop.com\/es\/wp-json\/wp\/v2\/media\/71969"}],"wp:attachment":[{"href":"https:\/\/mitjavilaslowshop.com\/es\/wp-json\/wp\/v2\/media?parent=71968"}],"wp:term":[{"taxonomy":"product_brand","embeddable":true,"href":"https:\/\/mitjavilaslowshop.com\/es\/wp-json\/wp\/v2\/product_brand?post=71968"},{"taxonomy":"product_cat","embeddable":true,"href":"https:\/\/mitjavilaslowshop.com\/es\/wp-json\/wp\/v2\/product_cat?post=71968"},{"taxonomy":"product_tag","embeddable":true,"href":"https:\/\/mitjavilaslowshop.com\/es\/wp-json\/wp\/v2\/product_tag?post=71968"}],"curies":[{"name":"wp","href":"https:\/\/api.w.org\/{rel}","templated":true}]}}