{"id":71960,"date":"2026-01-04T18:24:49","date_gmt":"2026-01-04T18:24:49","guid":{"rendered":"https:\/\/mitjavilaslowshop.com\/producte\/raspall-dents-infantil\/"},"modified":"2026-03-17T13:49:10","modified_gmt":"2026-03-17T13:49:10","slug":"cepillo-de-dientes-infantil","status":"publish","type":"product","link":"https:\/\/mitjavilaslowshop.com\/es\/producte\/cepillo-de-dientes-infantil\/","title":{"rendered":"CEPILLO DE DIENTES INFANTIL"},"content":{"rendered":"<p>El cepillo de dientes para ni\u00f1os est\u00e1 dise\u00f1ado para ayudar a los m\u00e1s peque\u00f1os a aprender la importancia del cuidado dental y el respeto por el medio ambiente. Fabricado con materiales biodegradables y sostenibles, proporciona una limpieza suave y cuenta con un dise\u00f1o ergon\u00f3mico pensado para manos peque\u00f1as, facilitando una rutina de higiene bucal sencilla y agradable.<\/p>\n","protected":false},"excerpt":{"rendered":"<p>El cepillo de dientes para ni\u00f1os est\u00e1 dise\u00f1ado para ayudar a los m\u00e1s peque\u00f1os a aprender la importancia del cuidado dental y el respeto por el medio ambiente. Fabricado con materiales biodegradables y sostenibles, proporciona una limpieza suave y cuenta con un dise\u00f1o ergon\u00f3mico pensado para manos peque\u00f1as, facilitando una rutina de higiene bucal sencilla y agradable.<\/p>\n","protected":false},"featured_media":71961,"comment_status":"open","ping_status":"closed","template":"","meta":{"_acf_changed":false,"_joinchat":[]},"product_brand":[],"product_cat":[267],"product_tag":[],"class_list":{"0":"post-71960","1":"product","2":"type-product","3":"status-publish","4":"has-post-thumbnail","6":"product_cat-higiene","8":"first","9":"instock","10":"taxable","11":"shipping-taxable","12":"purchasable","13":"product-type-simple"},"acf":[],"_links":{"self":[{"href":"https:\/\/mitjavilaslowshop.com\/es\/wp-json\/wp\/v2\/product\/71960","targetHints":{"allow":["GET"]}}],"collection":[{"href":"https:\/\/mitjavilaslowshop.com\/es\/wp-json\/wp\/v2\/product"}],"about":[{"href":"https:\/\/mitjavilaslowshop.com\/es\/wp-json\/wp\/v2\/types\/product"}],"replies":[{"embeddable":true,"href":"https:\/\/mitjavilaslowshop.com\/es\/wp-json\/wp\/v2\/comments?post=71960"}],"version-history":[{"count":4,"href":"https:\/\/mitjavilaslowshop.com\/es\/wp-json\/wp\/v2\/product\/71960\/revisions"}],"predecessor-version":[{"id":79101,"href":"https:\/\/mitjavilaslowshop.com\/es\/wp-json\/wp\/v2\/product\/71960\/revisions\/79101"}],"wp:featuredmedia":[{"embeddable":true,"href":"https:\/\/mitjavilaslowshop.com\/es\/wp-json\/wp\/v2\/media\/71961"}],"wp:attachment":[{"href":"https:\/\/mitjavilaslowshop.com\/es\/wp-json\/wp\/v2\/media?parent=71960"}],"wp:term":[{"taxonomy":"product_brand","embeddable":true,"href":"https:\/\/mitjavilaslowshop.com\/es\/wp-json\/wp\/v2\/product_brand?post=71960"},{"taxonomy":"product_cat","embeddable":true,"href":"https:\/\/mitjavilaslowshop.com\/es\/wp-json\/wp\/v2\/product_cat?post=71960"},{"taxonomy":"product_tag","embeddable":true,"href":"https:\/\/mitjavilaslowshop.com\/es\/wp-json\/wp\/v2\/product_tag?post=71960"}],"curies":[{"name":"wp","href":"https:\/\/api.w.org\/{rel}","templated":true}]}}