{"id":71956,"date":"2026-01-04T18:24:49","date_gmt":"2026-01-04T18:24:49","guid":{"rendered":"https:\/\/mitjavilaslowshop.com\/producte\/raspall-dents-adult\/"},"modified":"2026-03-17T13:49:10","modified_gmt":"2026-03-17T13:49:10","slug":"cepillo-de-dientes-para-adultos","status":"publish","type":"product","link":"https:\/\/mitjavilaslowshop.com\/es\/producte\/cepillo-de-dientes-para-adultos\/","title":{"rendered":"CEPILLO DE DIENTES PARA ADULTOS"},"content":{"rendered":"<p>El cepillo de dientes es la opci\u00f3n ideal para mantener tu salud bucal y proteger el medio ambiente. Est\u00e1 elaborado con materiales biodegradables y sostenibles que garantizan una limpieza efectiva y ecol\u00f3gica. Perfecto para una rutina de higiene bucal sin residuos.<\/p>\n","protected":false},"excerpt":{"rendered":"<p>El cepillo de dientes es la opci\u00f3n ideal para mantener tu salud bucal y proteger el medio ambiente. Est\u00e1 elaborado con materiales biodegradables y sostenibles que garantizan una limpieza efectiva y ecol\u00f3gica. Perfecto para una rutina de higiene bucal sin residuos.<\/p>\n","protected":false},"featured_media":71957,"comment_status":"open","ping_status":"closed","template":"","meta":{"_acf_changed":false,"_joinchat":[]},"product_brand":[],"product_cat":[267],"product_tag":[],"class_list":{"0":"post-71956","1":"product","2":"type-product","3":"status-publish","4":"has-post-thumbnail","6":"product_cat-higiene","8":"first","9":"instock","10":"taxable","11":"shipping-taxable","12":"purchasable","13":"product-type-simple"},"acf":[],"_links":{"self":[{"href":"https:\/\/mitjavilaslowshop.com\/es\/wp-json\/wp\/v2\/product\/71956","targetHints":{"allow":["GET"]}}],"collection":[{"href":"https:\/\/mitjavilaslowshop.com\/es\/wp-json\/wp\/v2\/product"}],"about":[{"href":"https:\/\/mitjavilaslowshop.com\/es\/wp-json\/wp\/v2\/types\/product"}],"replies":[{"embeddable":true,"href":"https:\/\/mitjavilaslowshop.com\/es\/wp-json\/wp\/v2\/comments?post=71956"}],"version-history":[{"count":4,"href":"https:\/\/mitjavilaslowshop.com\/es\/wp-json\/wp\/v2\/product\/71956\/revisions"}],"predecessor-version":[{"id":79100,"href":"https:\/\/mitjavilaslowshop.com\/es\/wp-json\/wp\/v2\/product\/71956\/revisions\/79100"}],"wp:featuredmedia":[{"embeddable":true,"href":"https:\/\/mitjavilaslowshop.com\/es\/wp-json\/wp\/v2\/media\/71957"}],"wp:attachment":[{"href":"https:\/\/mitjavilaslowshop.com\/es\/wp-json\/wp\/v2\/media?parent=71956"}],"wp:term":[{"taxonomy":"product_brand","embeddable":true,"href":"https:\/\/mitjavilaslowshop.com\/es\/wp-json\/wp\/v2\/product_brand?post=71956"},{"taxonomy":"product_cat","embeddable":true,"href":"https:\/\/mitjavilaslowshop.com\/es\/wp-json\/wp\/v2\/product_cat?post=71956"},{"taxonomy":"product_tag","embeddable":true,"href":"https:\/\/mitjavilaslowshop.com\/es\/wp-json\/wp\/v2\/product_tag?post=71956"}],"curies":[{"name":"wp","href":"https:\/\/api.w.org\/{rel}","templated":true}]}}