{"id":71914,"date":"2026-01-04T18:24:55","date_gmt":"2026-01-04T18:24:55","guid":{"rendered":"https:\/\/mitjavilaslowshop.com\/producte\/aigua-de-mar-750-ml\/"},"modified":"2026-03-17T13:49:05","modified_gmt":"2026-03-17T13:49:05","slug":"agua-de-mar-750-ml","status":"publish","type":"product","link":"https:\/\/mitjavilaslowshop.com\/es\/producte\/agua-de-mar-750-ml\/","title":{"rendered":"AGUA DE MAR 750 ml"},"content":{"rendered":"<p>Es un nutriente excepcional que aporta todos los minerales y oligoelementos esenciales. Gracias a su elevado contenido en electrolitos, ofrece los elementos qu\u00edmicos necesarios para una \u00f3ptima reposici\u00f3n y equilibrio hidroelectrol\u00edtico. Este producto natural act\u00faa como un soporte mineral para la vida celular, sin contraindicaciones ni efectos secundarios indeseados. Existe una correspondencia fisiol\u00f3gica entre el Agua de Mar Profunda y nuestro medio interno, el l\u00edquido extracelular, lo que la convierte en un complemento nutricional ideal para mantener el equilibrio bioqu\u00edmico y favorecer el rendimiento \u00f3ptimo del organismo. La similitud mineral y oligoelemental entre el agua de mar y nuestros l\u00edquidos corporales es un hecho biol\u00f3gico comprobado, proporcionando una soluci\u00f3n coloidal prebi\u00f3tica que revitaliza el l\u00edquido extracelular y mejora la comunicaci\u00f3n celular mediante la informaci\u00f3n mineral, nutricional y gen\u00e9tica del agua de mar.<\/p>\n","protected":false},"excerpt":{"rendered":"<p>Es un nutriente excepcional que aporta todos los minerales y oligoelementos esenciales. Gracias a su elevado contenido en electrolitos, ofrece los elementos qu\u00edmicos necesarios para una \u00f3ptima reposici\u00f3n y equilibrio hidroelectrol\u00edtico. Este producto natural act\u00faa como un soporte mineral para la vida celular, sin contraindicaciones ni efectos secundarios indeseados. Existe una correspondencia fisiol\u00f3gica entre el Agua de Mar Profunda y nuestro medio interno, el l\u00edquido extracelular, lo que la convierte en un complemento nutricional ideal para mantener el equilibrio bioqu\u00edmico y favorecer el rendimiento \u00f3ptimo del organismo. La similitud mineral y oligoelemental entre el agua de mar y nuestros l\u00edquidos corporales es un hecho biol\u00f3gico comprobado, proporcionando una soluci\u00f3n coloidal prebi\u00f3tica que revitaliza el l\u00edquido extracelular y mejora la comunicaci\u00f3n celular mediante la informaci\u00f3n mineral, nutricional y gen\u00e9tica del agua de mar.<\/p>\n","protected":false},"featured_media":71915,"comment_status":"open","ping_status":"closed","template":"","meta":{"_acf_changed":false,"_joinchat":[]},"product_brand":[],"product_cat":[269],"product_tag":[],"class_list":{"0":"post-71914","1":"product","2":"type-product","3":"status-publish","4":"has-post-thumbnail","6":"product_cat-bebidas","8":"first","9":"instock","10":"taxable","11":"shipping-taxable","12":"purchasable","13":"product-type-simple"},"acf":[],"_links":{"self":[{"href":"https:\/\/mitjavilaslowshop.com\/es\/wp-json\/wp\/v2\/product\/71914","targetHints":{"allow":["GET"]}}],"collection":[{"href":"https:\/\/mitjavilaslowshop.com\/es\/wp-json\/wp\/v2\/product"}],"about":[{"href":"https:\/\/mitjavilaslowshop.com\/es\/wp-json\/wp\/v2\/types\/product"}],"replies":[{"embeddable":true,"href":"https:\/\/mitjavilaslowshop.com\/es\/wp-json\/wp\/v2\/comments?post=71914"}],"version-history":[{"count":4,"href":"https:\/\/mitjavilaslowshop.com\/es\/wp-json\/wp\/v2\/product\/71914\/revisions"}],"predecessor-version":[{"id":79095,"href":"https:\/\/mitjavilaslowshop.com\/es\/wp-json\/wp\/v2\/product\/71914\/revisions\/79095"}],"wp:featuredmedia":[{"embeddable":true,"href":"https:\/\/mitjavilaslowshop.com\/es\/wp-json\/wp\/v2\/media\/71915"}],"wp:attachment":[{"href":"https:\/\/mitjavilaslowshop.com\/es\/wp-json\/wp\/v2\/media?parent=71914"}],"wp:term":[{"taxonomy":"product_brand","embeddable":true,"href":"https:\/\/mitjavilaslowshop.com\/es\/wp-json\/wp\/v2\/product_brand?post=71914"},{"taxonomy":"product_cat","embeddable":true,"href":"https:\/\/mitjavilaslowshop.com\/es\/wp-json\/wp\/v2\/product_cat?post=71914"},{"taxonomy":"product_tag","embeddable":true,"href":"https:\/\/mitjavilaslowshop.com\/es\/wp-json\/wp\/v2\/product_tag?post=71914"}],"curies":[{"name":"wp","href":"https:\/\/api.w.org\/{rel}","templated":true}]}}