{"id":71898,"date":"2026-01-04T18:24:58","date_gmt":"2026-01-04T18:24:58","guid":{"rendered":"https:\/\/mitjavilaslowshop.com\/producte\/minera-erotica\/"},"modified":"2026-03-17T13:49:04","modified_gmt":"2026-03-17T13:49:04","slug":"minera-erotica","status":"publish","type":"product","link":"https:\/\/mitjavilaslowshop.com\/es\/producte\/minera-erotica\/","title":{"rendered":"MINERA ER\u00d3TICA"},"content":{"rendered":"<p>Cerveza ale ligera, refrescante y con un marcado sabor a l\u00fapulo. Versi\u00f3n americana de la pale ale inglesa, enriquecida con remolacha.<br \/> Destaca por su perfil de l\u00fapulo limpio, c\u00edtrico (naranja) y americano, complementado con los az\u00facares caramelizados de la remolacha. Baja maltosidad y un ligero dry hopping que realza su aroma. Color rojo intenso caracter\u00edstico de la remolacha.<\/p>\n<p> Origen: Ripoll<\/p>\n","protected":false},"excerpt":{"rendered":"<p>Cerveza ale ligera, refrescante y con un marcado sabor a l\u00fapulo. Versi\u00f3n americana de la pale ale inglesa, enriquecida con remolacha. Destaca por su perfil de l\u00fapulo limpio, c\u00edtrico (naranja) y americano, complementado con los az\u00facares caramelizados de la remolacha. Baja maltosidad y un ligero dry hopping que realza su aroma. Color rojo intenso caracter\u00edstico de la remolacha. Origen: Ripoll<\/p>\n","protected":false},"featured_media":71899,"comment_status":"open","ping_status":"closed","template":"","meta":{"_acf_changed":false,"_joinchat":[]},"product_brand":[],"product_cat":[325],"product_tag":[],"class_list":{"0":"post-71898","1":"product","2":"type-product","3":"status-publish","4":"has-post-thumbnail","6":"product_cat-cervezas","8":"first","9":"outofstock","10":"taxable","11":"shipping-taxable","12":"purchasable","13":"product-type-simple"},"acf":[],"_links":{"self":[{"href":"https:\/\/mitjavilaslowshop.com\/es\/wp-json\/wp\/v2\/product\/71898","targetHints":{"allow":["GET"]}}],"collection":[{"href":"https:\/\/mitjavilaslowshop.com\/es\/wp-json\/wp\/v2\/product"}],"about":[{"href":"https:\/\/mitjavilaslowshop.com\/es\/wp-json\/wp\/v2\/types\/product"}],"replies":[{"embeddable":true,"href":"https:\/\/mitjavilaslowshop.com\/es\/wp-json\/wp\/v2\/comments?post=71898"}],"version-history":[{"count":6,"href":"https:\/\/mitjavilaslowshop.com\/es\/wp-json\/wp\/v2\/product\/71898\/revisions"}],"predecessor-version":[{"id":81533,"href":"https:\/\/mitjavilaslowshop.com\/es\/wp-json\/wp\/v2\/product\/71898\/revisions\/81533"}],"wp:featuredmedia":[{"embeddable":true,"href":"https:\/\/mitjavilaslowshop.com\/es\/wp-json\/wp\/v2\/media\/71899"}],"wp:attachment":[{"href":"https:\/\/mitjavilaslowshop.com\/es\/wp-json\/wp\/v2\/media?parent=71898"}],"wp:term":[{"taxonomy":"product_brand","embeddable":true,"href":"https:\/\/mitjavilaslowshop.com\/es\/wp-json\/wp\/v2\/product_brand?post=71898"},{"taxonomy":"product_cat","embeddable":true,"href":"https:\/\/mitjavilaslowshop.com\/es\/wp-json\/wp\/v2\/product_cat?post=71898"},{"taxonomy":"product_tag","embeddable":true,"href":"https:\/\/mitjavilaslowshop.com\/es\/wp-json\/wp\/v2\/product_tag?post=71898"}],"curies":[{"name":"wp","href":"https:\/\/api.w.org\/{rel}","templated":true}]}}