{"id":71858,"date":"2026-01-04T18:25:03","date_gmt":"2026-01-04T18:25:03","guid":{"rendered":"https:\/\/mitjavilaslowshop.com\/producte\/infusor-mitjavila\/"},"modified":"2026-03-17T13:49:00","modified_gmt":"2026-03-17T13:49:00","slug":"infusor-mitjavila","status":"publish","type":"product","link":"https:\/\/mitjavilaslowshop.com\/es\/producte\/infusor-mitjavila\/","title":{"rendered":"INFUSOR MITJAVILA"},"content":{"rendered":"<p>El infusor Mitjavila de 350 ml est\u00e1 dise\u00f1ado para optimizar tu rutina diaria. Cuenta con un recubrimiento cer\u00e1mico que evita la transferencia de sabores y un tratamiento antibacteriano Microshield que impide el crecimiento de microorganismos. Mantiene tus bebidas a la temperatura perfecta durante m\u00e1s tiempo: conserva el calor hasta 12 horas y el fr\u00edo hasta 24 horas. Su nueva tapa aislante, con infusor integrado para t\u00e9 en hoja o frutas, ofrece un mejor cierre y mayor comodidad. Adem\u00e1s, la base de goma antideslizante garantiza una mayor estabilidad. Perfecto para quienes desean disfrutar de su caf\u00e9 o infusi\u00f3n siempre lista, con estilo y respeto por el medio ambiente.<\/p>\n","protected":false},"excerpt":{"rendered":"<p>El infusor Mitjavila de 350 ml est\u00e1 dise\u00f1ado para optimizar tu rutina diaria. Cuenta con un recubrimiento cer\u00e1mico que evita la transferencia de sabores y un tratamiento antibacteriano Microshield que impide el crecimiento de microorganismos. Mantiene tus bebidas a la temperatura perfecta durante m\u00e1s tiempo: conserva el calor hasta 12 horas y el fr\u00edo hasta 24 horas. Su nueva tapa aislante, con infusor integrado para t\u00e9 en hoja o frutas, ofrece un mejor cierre y mayor comodidad. Adem\u00e1s, la base de goma antideslizante garantiza una mayor estabilidad. Perfecto para quienes desean disfrutar de su caf\u00e9 o infusi\u00f3n siempre lista, con estilo y respeto por el medio ambiente.<\/p>\n","protected":false},"featured_media":71859,"comment_status":"open","ping_status":"closed","template":"","meta":{"_acf_changed":false,"_joinchat":[]},"product_brand":[],"product_cat":[321],"product_tag":[],"class_list":{"0":"post-71858","1":"product","2":"type-product","3":"status-publish","4":"has-post-thumbnail","6":"product_cat-complementos","8":"first","9":"instock","10":"taxable","11":"shipping-taxable","12":"purchasable","13":"product-type-simple"},"acf":[],"_links":{"self":[{"href":"https:\/\/mitjavilaslowshop.com\/es\/wp-json\/wp\/v2\/product\/71858","targetHints":{"allow":["GET"]}}],"collection":[{"href":"https:\/\/mitjavilaslowshop.com\/es\/wp-json\/wp\/v2\/product"}],"about":[{"href":"https:\/\/mitjavilaslowshop.com\/es\/wp-json\/wp\/v2\/types\/product"}],"replies":[{"embeddable":true,"href":"https:\/\/mitjavilaslowshop.com\/es\/wp-json\/wp\/v2\/comments?post=71858"}],"version-history":[{"count":4,"href":"https:\/\/mitjavilaslowshop.com\/es\/wp-json\/wp\/v2\/product\/71858\/revisions"}],"predecessor-version":[{"id":79083,"href":"https:\/\/mitjavilaslowshop.com\/es\/wp-json\/wp\/v2\/product\/71858\/revisions\/79083"}],"wp:featuredmedia":[{"embeddable":true,"href":"https:\/\/mitjavilaslowshop.com\/es\/wp-json\/wp\/v2\/media\/71859"}],"wp:attachment":[{"href":"https:\/\/mitjavilaslowshop.com\/es\/wp-json\/wp\/v2\/media?parent=71858"}],"wp:term":[{"taxonomy":"product_brand","embeddable":true,"href":"https:\/\/mitjavilaslowshop.com\/es\/wp-json\/wp\/v2\/product_brand?post=71858"},{"taxonomy":"product_cat","embeddable":true,"href":"https:\/\/mitjavilaslowshop.com\/es\/wp-json\/wp\/v2\/product_cat?post=71858"},{"taxonomy":"product_tag","embeddable":true,"href":"https:\/\/mitjavilaslowshop.com\/es\/wp-json\/wp\/v2\/product_tag?post=71858"}],"curies":[{"name":"wp","href":"https:\/\/api.w.org\/{rel}","templated":true}]}}