{"id":71796,"date":"2026-01-04T18:25:10","date_gmt":"2026-01-04T18:25:10","guid":{"rendered":"https:\/\/mitjavilaslowshop.com\/producte\/caixa-oli-verge-extra-3lt\/"},"modified":"2026-03-17T13:48:54","modified_gmt":"2026-03-17T13:48:54","slug":"caja-aceite-virgen-extra-3l","status":"publish","type":"product","link":"https:\/\/mitjavilaslowshop.com\/es\/producte\/caja-aceite-virgen-extra-3l\/","title":{"rendered":"CAJA ACEITE VIRGEN EXTRA 3L."},"content":{"rendered":"<p>El aceite de oliva virgen extra en envase de 3 litros es perfecto para familias, restaurantes y quienes buscan una alimentaci\u00f3n saludable. Elaborado con aceitunas cuidadosamente seleccionadas y prensado en fr\u00edo, ofrece un sabor intenso y afrutado. Ideal para ensaladas, recetas mediterr\u00e1neas y cocina gourmet.<\/p>\n","protected":false},"excerpt":{"rendered":"<p>El aceite de oliva virgen extra en envase de 3 litros es perfecto para familias, restaurantes y quienes buscan una alimentaci\u00f3n saludable. Elaborado con aceitunas cuidadosamente seleccionadas y prensado en fr\u00edo, ofrece un sabor intenso y afrutado. Ideal para ensaladas, recetas mediterr\u00e1neas y cocina gourmet.<\/p>\n","protected":false},"featured_media":71797,"comment_status":"open","ping_status":"closed","template":"","meta":{"_acf_changed":false,"_joinchat":[]},"product_brand":[],"product_cat":[319],"product_tag":[],"class_list":{"0":"post-71796","1":"product","2":"type-product","3":"status-publish","4":"has-post-thumbnail","6":"product_cat-aceites","8":"first","9":"instock","10":"taxable","11":"shipping-taxable","12":"purchasable","13":"product-type-simple"},"acf":[],"_links":{"self":[{"href":"https:\/\/mitjavilaslowshop.com\/es\/wp-json\/wp\/v2\/product\/71796","targetHints":{"allow":["GET"]}}],"collection":[{"href":"https:\/\/mitjavilaslowshop.com\/es\/wp-json\/wp\/v2\/product"}],"about":[{"href":"https:\/\/mitjavilaslowshop.com\/es\/wp-json\/wp\/v2\/types\/product"}],"replies":[{"embeddable":true,"href":"https:\/\/mitjavilaslowshop.com\/es\/wp-json\/wp\/v2\/comments?post=71796"}],"version-history":[{"count":4,"href":"https:\/\/mitjavilaslowshop.com\/es\/wp-json\/wp\/v2\/product\/71796\/revisions"}],"predecessor-version":[{"id":79070,"href":"https:\/\/mitjavilaslowshop.com\/es\/wp-json\/wp\/v2\/product\/71796\/revisions\/79070"}],"wp:featuredmedia":[{"embeddable":true,"href":"https:\/\/mitjavilaslowshop.com\/es\/wp-json\/wp\/v2\/media\/71797"}],"wp:attachment":[{"href":"https:\/\/mitjavilaslowshop.com\/es\/wp-json\/wp\/v2\/media?parent=71796"}],"wp:term":[{"taxonomy":"product_brand","embeddable":true,"href":"https:\/\/mitjavilaslowshop.com\/es\/wp-json\/wp\/v2\/product_brand?post=71796"},{"taxonomy":"product_cat","embeddable":true,"href":"https:\/\/mitjavilaslowshop.com\/es\/wp-json\/wp\/v2\/product_cat?post=71796"},{"taxonomy":"product_tag","embeddable":true,"href":"https:\/\/mitjavilaslowshop.com\/es\/wp-json\/wp\/v2\/product_tag?post=71796"}],"curies":[{"name":"wp","href":"https:\/\/api.w.org\/{rel}","templated":true}]}}