{"id":71788,"date":"2026-01-04T18:25:11","date_gmt":"2026-01-04T18:25:11","guid":{"rendered":"https:\/\/mitjavilaslowshop.com\/producte\/prebiofenol-doypack-eco\/"},"modified":"2026-03-17T13:48:54","modified_gmt":"2026-03-17T13:48:54","slug":"prebiofenol-doypack-ecologico","status":"publish","type":"product","link":"https:\/\/mitjavilaslowshop.com\/es\/producte\/prebiofenol-doypack-ecologico\/","title":{"rendered":"PREBIOFENOL DOYPACK ECOL\u00d3GICO"},"content":{"rendered":"<p>Cuida tu salud con Prebiofenol, un suplemento alimenticio innovador que une prebi\u00f3ticos y polifenoles para mejorar la salud intestinal y reforzar el sistema inmunol\u00f3gico. Disponible en un pr\u00e1ctico y ecol\u00f3gico envase doypack, perfecto para integrar en tu rutina diaria de bienestar.<br \/> Origen: Navarra<\/p>\n","protected":false},"excerpt":{"rendered":"<p>Cuida tu salud con Prebiofenol, un suplemento alimenticio innovador que une prebi\u00f3ticos y polifenoles para mejorar la salud intestinal y reforzar el sistema inmunol\u00f3gico. Disponible en un pr\u00e1ctico y ecol\u00f3gico envase doypack, perfecto para integrar en tu rutina diaria de bienestar. Origen: Navarra<\/p>\n","protected":false},"featured_media":71789,"comment_status":"open","ping_status":"closed","template":"","meta":{"_acf_changed":false,"_joinchat":[]},"product_brand":[],"product_cat":[319],"product_tag":[],"class_list":{"0":"post-71788","1":"product","2":"type-product","3":"status-publish","4":"has-post-thumbnail","6":"product_cat-aceites","8":"first","9":"instock","10":"taxable","11":"shipping-taxable","12":"purchasable","13":"product-type-simple"},"acf":[],"_links":{"self":[{"href":"https:\/\/mitjavilaslowshop.com\/es\/wp-json\/wp\/v2\/product\/71788","targetHints":{"allow":["GET"]}}],"collection":[{"href":"https:\/\/mitjavilaslowshop.com\/es\/wp-json\/wp\/v2\/product"}],"about":[{"href":"https:\/\/mitjavilaslowshop.com\/es\/wp-json\/wp\/v2\/types\/product"}],"replies":[{"embeddable":true,"href":"https:\/\/mitjavilaslowshop.com\/es\/wp-json\/wp\/v2\/comments?post=71788"}],"version-history":[{"count":4,"href":"https:\/\/mitjavilaslowshop.com\/es\/wp-json\/wp\/v2\/product\/71788\/revisions"}],"predecessor-version":[{"id":79068,"href":"https:\/\/mitjavilaslowshop.com\/es\/wp-json\/wp\/v2\/product\/71788\/revisions\/79068"}],"wp:featuredmedia":[{"embeddable":true,"href":"https:\/\/mitjavilaslowshop.com\/es\/wp-json\/wp\/v2\/media\/71789"}],"wp:attachment":[{"href":"https:\/\/mitjavilaslowshop.com\/es\/wp-json\/wp\/v2\/media?parent=71788"}],"wp:term":[{"taxonomy":"product_brand","embeddable":true,"href":"https:\/\/mitjavilaslowshop.com\/es\/wp-json\/wp\/v2\/product_brand?post=71788"},{"taxonomy":"product_cat","embeddable":true,"href":"https:\/\/mitjavilaslowshop.com\/es\/wp-json\/wp\/v2\/product_cat?post=71788"},{"taxonomy":"product_tag","embeddable":true,"href":"https:\/\/mitjavilaslowshop.com\/es\/wp-json\/wp\/v2\/product_tag?post=71788"}],"curies":[{"name":"wp","href":"https:\/\/api.w.org\/{rel}","templated":true}]}}