{"id":71756,"date":"2026-01-04T18:25:15","date_gmt":"2026-01-04T18:25:15","guid":{"rendered":"https:\/\/mitjavilaslowshop.com\/producte\/xips-poma-cruxient\/"},"modified":"2026-03-17T13:48:49","modified_gmt":"2026-03-17T13:48:49","slug":"patatas-fritas-de-manzana-crujientes","status":"publish","type":"product","link":"https:\/\/mitjavilaslowshop.com\/es\/producte\/patatas-fritas-de-manzana-crujientes\/","title":{"rendered":"PATATAS FRITAS DE MANZANA CRUJIENTES"},"content":{"rendered":"<p>Las chips de manzana crujiente est\u00e1n hechas con manzanas locales y sin aditivos. Un snack 100% natural, perfecto para cualquier momento del d\u00eda. Ideales para acompa\u00f1ar desayunos, meriendas o para disfrutar entre comidas sin culpa. Ricas en fibra, bajas en calor\u00edas y aptas para dietas saludables y veganas.<br \/>Origen: Nacional<\/p>\n","protected":false},"excerpt":{"rendered":"<p>Las chips de manzana crujiente est\u00e1n hechas con manzanas locales y sin aditivos. Un snack 100% natural, perfecto para cualquier momento del d\u00eda. Ideales para acompa\u00f1ar desayunos, meriendas o para disfrutar entre comidas sin culpa. Ricas en fibra, bajas en calor\u00edas y aptas para dietas saludables y veganas.Origen: Nacional<\/p>\n","protected":false},"featured_media":71757,"comment_status":"open","ping_status":"closed","template":"","meta":{"_acf_changed":false,"_joinchat":[]},"product_brand":[],"product_cat":[317],"product_tag":[],"class_list":{"0":"post-71756","1":"product","2":"type-product","3":"status-publish","4":"has-post-thumbnail","6":"product_cat-snacks","8":"first","9":"instock","10":"taxable","11":"shipping-taxable","12":"purchasable","13":"product-type-variable","14":"has-default-attributes"},"acf":[],"_links":{"self":[{"href":"https:\/\/mitjavilaslowshop.com\/es\/wp-json\/wp\/v2\/product\/71756","targetHints":{"allow":["GET"]}}],"collection":[{"href":"https:\/\/mitjavilaslowshop.com\/es\/wp-json\/wp\/v2\/product"}],"about":[{"href":"https:\/\/mitjavilaslowshop.com\/es\/wp-json\/wp\/v2\/types\/product"}],"replies":[{"embeddable":true,"href":"https:\/\/mitjavilaslowshop.com\/es\/wp-json\/wp\/v2\/comments?post=71756"}],"version-history":[{"count":4,"href":"https:\/\/mitjavilaslowshop.com\/es\/wp-json\/wp\/v2\/product\/71756\/revisions"}],"predecessor-version":[{"id":79060,"href":"https:\/\/mitjavilaslowshop.com\/es\/wp-json\/wp\/v2\/product\/71756\/revisions\/79060"}],"wp:featuredmedia":[{"embeddable":true,"href":"https:\/\/mitjavilaslowshop.com\/es\/wp-json\/wp\/v2\/media\/71757"}],"wp:attachment":[{"href":"https:\/\/mitjavilaslowshop.com\/es\/wp-json\/wp\/v2\/media?parent=71756"}],"wp:term":[{"taxonomy":"product_brand","embeddable":true,"href":"https:\/\/mitjavilaslowshop.com\/es\/wp-json\/wp\/v2\/product_brand?post=71756"},{"taxonomy":"product_cat","embeddable":true,"href":"https:\/\/mitjavilaslowshop.com\/es\/wp-json\/wp\/v2\/product_cat?post=71756"},{"taxonomy":"product_tag","embeddable":true,"href":"https:\/\/mitjavilaslowshop.com\/es\/wp-json\/wp\/v2\/product_tag?post=71756"}],"curies":[{"name":"wp","href":"https:\/\/api.w.org\/{rel}","templated":true}]}}