{"id":71740,"date":"2026-01-04T18:25:17","date_gmt":"2026-01-04T18:25:17","guid":{"rendered":"https:\/\/mitjavilaslowshop.com\/producte\/mix-de-fruites-tropicals\/"},"modified":"2026-03-17T13:48:49","modified_gmt":"2026-03-17T13:48:49","slug":"mezcla-de-frutas-tropicales","status":"publish","type":"product","link":"https:\/\/mitjavilaslowshop.com\/es\/producte\/mezcla-de-frutas-tropicales\/","title":{"rendered":"MEZCLA DE FRUTAS TROPICALES"},"content":{"rendered":"<p>La mezcla de frutas tropicales deshidratadas ofrece un sabor ex\u00f3tico y delicioso, perfecta para snacks, desayunos o para a\u00f1adir un toque dulce y saludable a tus platos. Rica en fibra, vitaminas y antioxidantes, es baja en calor\u00edas y adecuada para dietas veganas.<br \/>Origen: nacional<\/p>\n","protected":false},"excerpt":{"rendered":"<p>La mezcla de frutas tropicales deshidratadas ofrece un sabor ex\u00f3tico y delicioso, perfecta para snacks, desayunos o para a\u00f1adir un toque dulce y saludable a tus platos. Rica en fibra, vitaminas y antioxidantes, es baja en calor\u00edas y adecuada para dietas veganas.Origen: nacional<\/p>\n","protected":false},"featured_media":71741,"comment_status":"open","ping_status":"closed","template":"","meta":{"_acf_changed":false,"_joinchat":[]},"product_brand":[],"product_cat":[317],"product_tag":[],"class_list":{"0":"post-71740","1":"product","2":"type-product","3":"status-publish","4":"has-post-thumbnail","6":"product_cat-snacks","8":"first","9":"instock","10":"taxable","11":"shipping-taxable","12":"purchasable","13":"product-type-variable"},"acf":[],"_links":{"self":[{"href":"https:\/\/mitjavilaslowshop.com\/es\/wp-json\/wp\/v2\/product\/71740","targetHints":{"allow":["GET"]}}],"collection":[{"href":"https:\/\/mitjavilaslowshop.com\/es\/wp-json\/wp\/v2\/product"}],"about":[{"href":"https:\/\/mitjavilaslowshop.com\/es\/wp-json\/wp\/v2\/types\/product"}],"replies":[{"embeddable":true,"href":"https:\/\/mitjavilaslowshop.com\/es\/wp-json\/wp\/v2\/comments?post=71740"}],"version-history":[{"count":4,"href":"https:\/\/mitjavilaslowshop.com\/es\/wp-json\/wp\/v2\/product\/71740\/revisions"}],"predecessor-version":[{"id":79056,"href":"https:\/\/mitjavilaslowshop.com\/es\/wp-json\/wp\/v2\/product\/71740\/revisions\/79056"}],"wp:featuredmedia":[{"embeddable":true,"href":"https:\/\/mitjavilaslowshop.com\/es\/wp-json\/wp\/v2\/media\/71741"}],"wp:attachment":[{"href":"https:\/\/mitjavilaslowshop.com\/es\/wp-json\/wp\/v2\/media?parent=71740"}],"wp:term":[{"taxonomy":"product_brand","embeddable":true,"href":"https:\/\/mitjavilaslowshop.com\/es\/wp-json\/wp\/v2\/product_brand?post=71740"},{"taxonomy":"product_cat","embeddable":true,"href":"https:\/\/mitjavilaslowshop.com\/es\/wp-json\/wp\/v2\/product_cat?post=71740"},{"taxonomy":"product_tag","embeddable":true,"href":"https:\/\/mitjavilaslowshop.com\/es\/wp-json\/wp\/v2\/product_tag?post=71740"}],"curies":[{"name":"wp","href":"https:\/\/api.w.org\/{rel}","templated":true}]}}